{"id":1352,"date":"2025-04-20T09:20:42","date_gmt":"2025-04-20T09:20:42","guid":{"rendered":"https:\/\/proview360.ch\/?page_id=1352"},"modified":"2025-08-22T16:08:58","modified_gmt":"2025-08-22T16:08:58","slug":"who-we-are","status":"publish","type":"page","link":"https:\/\/proview360.ch\/en\/who-we-are\/","title":{"rendered":"Who We Are"},"content":{"rendered":"\r\n            <style>\r\n                 .hero-section-block-69d4668edb302 {\r\n                    background-image: url(https:\/\/proview360.ch\/wp-content\/uploads\/2025\/08\/DSC_2311_proview360.webp);\r\n                    background-attachment: scroll;\r\n                    background-size: cover;  \r\n                    background-repeat: no-repeat; \r\n                    background-position: center center;\r\n                    color:  var(--proview-white);\r\n                }\r\n        \r\n                @media (max-width: 1024px) {\r\n                     .hero-section-block-69d4668edb302 {\r\n                        background-attachment: scroll;\r\n                    }\r\n                }\r\n        <\/style><section class=\"hero-section-block hero-section-block-69d4668edb302\">   \r\n            <div class=\"container hero-section-container hero-section-banner-1 \">\r\n                    <div class=\"hero-section d-flex flex-column align-items-left justify-content-center text-left\">\r\n                \r\n                        <h1 class=\"hero-title\">Qui Nous Sommes<\/h1>\r\n                        <p  id=\"padding-block-69d4668edb303\" class=\"hero-description\"><\/p>\r\n                            \r\n                    \r\n                <\/div>\r\n            <\/div>\r\n        <\/section>\n\n<section id=\"\" class=\"text-block  space-bottom-yes space-top-yes text-block-id-69d4668edb3c5 bg-color-black text-color-white\">                \r\n                \r\n                    <div class=\"container\">     \r\n                                 \r\n                        \r\n                               \r\n                                               \r\n                        <div class=\"row text\">\r\n                    <div class=\"col\">\r\n                        <div class=\"textBlock-text text-block-html\" style=\"margin-top: 20px; \">\r\n                            <p class=\"wp-block-gn-text-block\"><strong>ProView360<\/strong>\u00a0is a Swiss-based visual media company specializing in cutting-edge 3D virtual experiences for the real estate industry. Since 2014, we\u2019ve been helping property developers, realtors, and architects across Geneva, Lausanne, Neuch\u00e2tel, Vaud, Valais, and beyond present their properties with clarity, immersion, and emotional impact.<\/p>\n<p>We are certified Matterport experts dedicated to transforming traditional real estate marketing. By combining technology with visual storytelling, we produce fully interactive 3D virtual tours that allow prospective buyers to explore properties from anywhere, anytime as if they were physically there.<\/p>\n<p>Our team brings together professionals in 3D imaging, photography, videography, and spatial design to deliver not just visuals, but a deeper sense of place.<\/p>\n<p>Whether it\u2019s a luxury villa overlooking Lake Geneva or a commercial office space in Lausanne, we tailor each project to highlight what makes it exceptional.<\/p>\n\r\n                        <\/div>\r\n                    <\/div>                                        \r\n                <\/div>                                              \r\n                    <\/div>                                \r\n            <\/section>\n\n<section id=\"\" class=\"text-block  space-bottom-yes space-top-yes text-block-id-69d4668edb696 bg-color-red text-color-white\">                \r\n                \r\n                    <div class=\"container\">     \r\n                                 \r\n                        <div class=\"row\">                                        \r\n                        <div class=\"col\">\r\n                            <h2 class=\"textBlock-headline style-1 left \">What <br\/><span class='text-bold'>We Do<\/span><\/h2>\r\n                        <\/div>       \r\n                                                          \r\n                    <\/div>\r\n                               \r\n                                               \r\n                        <div class=\"row text\">\r\n                    <div class=\"col\">\r\n                        <div class=\"textBlock-text text-block-html\" style=\"margin-top: 20px; \">\r\n                            <p class=\"wp-block-gn-text-block\">At ProView360, we focus on delivering tools that make properties more visible, accessible, and market-ready:<\/p>\n<p><strong><em>Virtual Tours with Matterport<br \/><\/em><\/strong>Immersive 3D walkthroughs created with industry-leading Matterport technology. Navigate a property freely, room by room, and get a real sense of scale, flow, and layout.<\/p>\n<p><strong><em>Real Estate Photography &amp; Drone Videography<br \/><\/em><\/strong>We produce high-definition interior and exterior images, including cinematic aerial drone videos to capture properties in their best light literally.<\/p>\n<p><strong><em>Interactive 3D Product Configurators &amp; Promo Films<br \/><\/em><\/strong>Custom-built 3D configurators and promotional videos designed to engage and inform, whether you\u2019re marketing a residence or a modular commercial space.<\/p>\n<p><strong><em>Point Cloud Measurements &amp; Floor Plans<br \/><\/em><\/strong>We provide accurate spatial data and architectural floor plans using LiDAR-based scanning, ideal for planning, renovations, or engineering documentation.<\/p>\n\r\n                        <\/div>\r\n                    <\/div>                                        \r\n                <\/div>                                              \r\n                    <\/div>                                \r\n            <\/section>\n\n<section id=\"\" class=\"text-block  space-bottom-yes space-top-yes text-block-id-69d4668edb739 bg-color-grayblue text-color-black\">                \r\n                \r\n                    <div class=\"container\">     \r\n                                 \r\n                        <div class=\"row\">                                        \r\n                        <div class=\"col\">\r\n                            <h2 class=\"textBlock-headline style-1 left \">Why <br\/><span class='text-bold'>It Matters<\/span><\/h2>\r\n                        <\/div>       \r\n                                                          \r\n                    <\/div>\r\n                               \r\n                                               \r\n                        <div class=\"row text\">\r\n                    <div class=\"col\">\r\n                        <div class=\"textBlock-text text-block-html\" style=\"margin-top: 20px; \">\r\n                            <p class=\"wp-block-gn-text-block\">In today\u2019s market, attention is scarce and impressions are formed in seconds.\u00a0<strong>ProView360<\/strong>\u00a0equips real estate professionals with powerful visual content that speeds up decision-making and shortens sales cycles. Our work helps buyers connect emotionally and spatially with a property before they even step through the door.<\/p>\n\r\n                        <\/div>\r\n                    <\/div>                                        \r\n                <\/div>                                              \r\n                    <\/div>                                \r\n            <\/section>\n\n<section id=\"\" class=\"text-block  space-bottom-yes space-top-yes text-block-id-69d4668edb7be bg-color-black text-color-white\">                \r\n                \r\n                    <div class=\"container\">     \r\n                                 \r\n                        <div class=\"row\">                                        \r\n                        <div class=\"col\">\r\n                            <h2 class=\"textBlock-headline style-1 left \">Serving Switzerland <br\/><span class='text-bold'>Since 2014<\/span><\/h2>\r\n                        <\/div>       \r\n                                                          \r\n                    <\/div>\r\n                               \r\n                                               \r\n                        <div class=\"row text\">\r\n                    <div class=\"col\">\r\n                        <div class=\"textBlock-text text-block-html\" style=\"margin-top: 20px; \">\r\n                            <p class=\"wp-block-gn-text-block\">Headquartered in Switzerland, we proudly serve the country\u2019s key property markets from the metropolitan areas of Geneva and Lausanne to the scenic landscapes of Valais and Vaud.<\/p>\n<p>Our clients include real estate agencies, developers, architects, and luxury home sellers who understand the value of strategic presentation.<\/p>\n\r\n                        <\/div>\r\n                    <\/div>                                        \r\n                <\/div>                                              \r\n                    <\/div>                                \r\n            <\/section>\n\n<section class=\"get-in-touch-block bg-color-grayblue\">  \r\n              <div class=\"d-flex flex-column-reverse flex-lg-row justify-content-between align-items-lg-center container\">              \r\n                    <div class=\"col-12 col-lg-9\">\r\n                        <a class=\"btn-full btn-full-red\" href=\"\/en\/contact\/\">Contact Us <\/a>\r\n                    <\/div>     \r\n                    <div class=\"right-side col-12 col-lg-3\">\r\n                        <img decoding=\"async\" class=\"get-in-touch-img\" src=\"https:\/\/proview360.ch\/wp-content\/uploads\/2025\/03\/secondHome.png\" alt=\"SecondHome\">\r\n                    <\/div>  \r\n                <\/div>                                                         \r\n            <\/section>","protected":false},"excerpt":{"rendered":"","protected":false},"author":1,"featured_media":0,"parent":0,"menu_order":0,"comment_status":"closed","ping_status":"closed","template":"","meta":{"footnotes":""},"class_list":["post-1352","page","type-page","status-publish","hentry"],"yoast_head":"<!-- This site is optimized with the Yoast SEO plugin v27.2 - https:\/\/yoast.com\/product\/yoast-seo-wordpress\/ -->\n<title>Who We Are | Proview360.ch<\/title>\n<meta name=\"description\" content=\"ProView360\u00a0is a Swiss-based visual media company specializing in cutting-edge 3D virtual experiences for the real estate industry. Since ...\" \/>\n<meta name=\"robots\" content=\"index, follow, max-snippet:-1, max-image-preview:large, max-video-preview:-1\" \/>\n<link rel=\"canonical\" href=\"https:\/\/proview360.ch\/en\/who-we-are\/\" \/>\n<meta property=\"og:locale\" content=\"en_US\" \/>\n<meta property=\"og:type\" content=\"article\" \/>\n<meta property=\"og:title\" content=\"Who We Are | Proview360.ch\" \/>\n<meta property=\"og:description\" content=\"ProView360\u00a0is a Swiss-based visual media company specializing in cutting-edge 3D virtual experiences for the real estate industry. Since ...\" \/>\n<meta property=\"og:url\" content=\"https:\/\/proview360.ch\/en\/who-we-are\/\" \/>\n<meta property=\"og:site_name\" content=\"Proview360\" \/>\n<meta property=\"article:modified_time\" content=\"2025-08-22T16:08:58+00:00\" \/>\n<meta property=\"og:image\" content=\"https:\/\/proview360.ch\/wp-content\/uploads\/2025\/08\/311809362_534987525300435_4125622516155104575_n.jpg\" \/>\n\t<meta property=\"og:image:width\" content=\"1040\" \/>\n\t<meta property=\"og:image:height\" content=\"1040\" \/>\n\t<meta property=\"og:image:type\" content=\"image\/jpeg\" \/>\n<meta name=\"twitter:card\" content=\"summary_large_image\" \/>\n<meta name=\"twitter:label1\" content=\"Est. reading time\" \/>\n\t<meta name=\"twitter:data1\" content=\"2 minutes\" \/>\n<script type=\"application\/ld+json\" class=\"yoast-schema-graph\">{\"@context\":\"https:\/\/schema.org\",\"@graph\":[{\"@type\":\"WebPage\",\"@id\":\"https:\/\/proview360.ch\/en\/who-we-are\/\",\"url\":\"https:\/\/proview360.ch\/en\/who-we-are\/\",\"name\":\"Who We Are | Proview360.ch\",\"isPartOf\":{\"@id\":\"https:\/\/proview360.ch\/en\/#website\"},\"datePublished\":\"2025-04-20T09:20:42+00:00\",\"dateModified\":\"2025-08-22T16:08:58+00:00\",\"description\":\"ProView360\u00a0is a Swiss-based visual media company specializing in cutting-edge 3D virtual experiences for the real estate industry. Since ...\",\"breadcrumb\":{\"@id\":\"https:\/\/proview360.ch\/en\/who-we-are\/#breadcrumb\"},\"inLanguage\":\"en-US\",\"potentialAction\":[{\"@type\":\"ReadAction\",\"target\":[\"https:\/\/proview360.ch\/en\/who-we-are\/\"]}]},{\"@type\":\"BreadcrumbList\",\"@id\":\"https:\/\/proview360.ch\/en\/who-we-are\/#breadcrumb\",\"itemListElement\":[{\"@type\":\"ListItem\",\"position\":1,\"name\":\"Home\",\"item\":\"https:\/\/proview360.ch\/en\/\"},{\"@type\":\"ListItem\",\"position\":2,\"name\":\"Who We Are\"}]},{\"@type\":\"WebSite\",\"@id\":\"https:\/\/proview360.ch\/en\/#website\",\"url\":\"https:\/\/proview360.ch\/en\/\",\"name\":\"Proview360 | Visuels 3D et Images de synth\u00e8se pour projets immobiliers \u00e0 Neuch\u00e2tel, Vaud, Gen\u00e8ve, Valais, Fribourg, Jura et Bern\",\"description\":\"Cr\u00e9ation visuels 3D, Images de synth\u00e8se 3D, Visites virtuelles, Projets immobiliers, Neuch\u00e2tel, Vaud, Gen\u00e8ve, Valais Fribourg, Jura, Bern, Visualisation immobili\u00e8re, Rendus, 3D, Proview360,\",\"publisher\":{\"@id\":\"https:\/\/proview360.ch\/en\/#organization\"},\"alternateName\":\"Proview360 propose des services de cr\u00e9ation de visuels 3D, d'images de synth\u00e8se et de visites virtuelles pour des projets immobiliers \u00e0 Neuch\u00e2tel, Vaud, Gen\u00e8ve, Valais, Fribourg, Jura et Bern. D\u00e9couvrez nos solutions pour valoriser vos projets immobiliers.\",\"potentialAction\":[{\"@type\":\"SearchAction\",\"target\":{\"@type\":\"EntryPoint\",\"urlTemplate\":\"https:\/\/proview360.ch\/en\/?s={search_term_string}\"},\"query-input\":{\"@type\":\"PropertyValueSpecification\",\"valueRequired\":true,\"valueName\":\"search_term_string\"}}],\"inLanguage\":\"en-US\"},{\"@type\":\"Organization\",\"@id\":\"https:\/\/proview360.ch\/en\/#organization\",\"name\":\"Proview360 | Visuels 3D et Images de synth\u00e8se pour projets immobiliers \u00e0 Neuch\u00e2tel, Vaud, Gen\u00e8ve, Valais, Fribourg, Jura et Bern\",\"url\":\"https:\/\/proview360.ch\/en\/\",\"logo\":{\"@type\":\"ImageObject\",\"inLanguage\":\"en-US\",\"@id\":\"https:\/\/proview360.ch\/en\/#\/schema\/logo\/image\/\",\"url\":\"https:\/\/proview360.ch\/wp-content\/uploads\/2025\/08\/311809362_534987525300435_4125622516155104575_n.jpg\",\"contentUrl\":\"https:\/\/proview360.ch\/wp-content\/uploads\/2025\/08\/311809362_534987525300435_4125622516155104575_n.jpg\",\"width\":1040,\"height\":1040,\"caption\":\"Proview360 | Visuels 3D et Images de synth\u00e8se pour projets immobiliers \u00e0 Neuch\u00e2tel, Vaud, Gen\u00e8ve, Valais, Fribourg, Jura et Bern\"},\"image\":{\"@id\":\"https:\/\/proview360.ch\/en\/#\/schema\/logo\/image\/\"}}]}<\/script>\n<!-- \/ Yoast SEO plugin. -->","yoast_head_json":{"title":"Who We Are | Proview360.ch","description":"ProView360\u00a0is a Swiss-based visual media company specializing in cutting-edge 3D virtual experiences for the real estate industry. Since ...","robots":{"index":"index","follow":"follow","max-snippet":"max-snippet:-1","max-image-preview":"max-image-preview:large","max-video-preview":"max-video-preview:-1"},"canonical":"https:\/\/proview360.ch\/en\/who-we-are\/","og_locale":"en_US","og_type":"article","og_title":"Who We Are | Proview360.ch","og_description":"ProView360\u00a0is a Swiss-based visual media company specializing in cutting-edge 3D virtual experiences for the real estate industry. Since ...","og_url":"https:\/\/proview360.ch\/en\/who-we-are\/","og_site_name":"Proview360","article_modified_time":"2025-08-22T16:08:58+00:00","og_image":[{"width":1040,"height":1040,"url":"https:\/\/proview360.ch\/wp-content\/uploads\/2025\/08\/311809362_534987525300435_4125622516155104575_n.jpg","type":"image\/jpeg"}],"twitter_card":"summary_large_image","twitter_misc":{"Est. reading time":"2 minutes"},"schema":{"@context":"https:\/\/schema.org","@graph":[{"@type":"WebPage","@id":"https:\/\/proview360.ch\/en\/who-we-are\/","url":"https:\/\/proview360.ch\/en\/who-we-are\/","name":"Who We Are | Proview360.ch","isPartOf":{"@id":"https:\/\/proview360.ch\/en\/#website"},"datePublished":"2025-04-20T09:20:42+00:00","dateModified":"2025-08-22T16:08:58+00:00","description":"ProView360\u00a0is a Swiss-based visual media company specializing in cutting-edge 3D virtual experiences for the real estate industry. Since ...","breadcrumb":{"@id":"https:\/\/proview360.ch\/en\/who-we-are\/#breadcrumb"},"inLanguage":"en-US","potentialAction":[{"@type":"ReadAction","target":["https:\/\/proview360.ch\/en\/who-we-are\/"]}]},{"@type":"BreadcrumbList","@id":"https:\/\/proview360.ch\/en\/who-we-are\/#breadcrumb","itemListElement":[{"@type":"ListItem","position":1,"name":"Home","item":"https:\/\/proview360.ch\/en\/"},{"@type":"ListItem","position":2,"name":"Who We Are"}]},{"@type":"WebSite","@id":"https:\/\/proview360.ch\/en\/#website","url":"https:\/\/proview360.ch\/en\/","name":"Proview360 | Visuels 3D et Images de synth\u00e8se pour projets immobiliers \u00e0 Neuch\u00e2tel, Vaud, Gen\u00e8ve, Valais, Fribourg, Jura et Bern","description":"Cr\u00e9ation visuels 3D, Images de synth\u00e8se 3D, Visites virtuelles, Projets immobiliers, Neuch\u00e2tel, Vaud, Gen\u00e8ve, Valais Fribourg, Jura, Bern, Visualisation immobili\u00e8re, Rendus, 3D, Proview360,","publisher":{"@id":"https:\/\/proview360.ch\/en\/#organization"},"alternateName":"Proview360 propose des services de cr\u00e9ation de visuels 3D, d'images de synth\u00e8se et de visites virtuelles pour des projets immobiliers \u00e0 Neuch\u00e2tel, Vaud, Gen\u00e8ve, Valais, Fribourg, Jura et Bern. D\u00e9couvrez nos solutions pour valoriser vos projets immobiliers.","potentialAction":[{"@type":"SearchAction","target":{"@type":"EntryPoint","urlTemplate":"https:\/\/proview360.ch\/en\/?s={search_term_string}"},"query-input":{"@type":"PropertyValueSpecification","valueRequired":true,"valueName":"search_term_string"}}],"inLanguage":"en-US"},{"@type":"Organization","@id":"https:\/\/proview360.ch\/en\/#organization","name":"Proview360 | Visuels 3D et Images de synth\u00e8se pour projets immobiliers \u00e0 Neuch\u00e2tel, Vaud, Gen\u00e8ve, Valais, Fribourg, Jura et Bern","url":"https:\/\/proview360.ch\/en\/","logo":{"@type":"ImageObject","inLanguage":"en-US","@id":"https:\/\/proview360.ch\/en\/#\/schema\/logo\/image\/","url":"https:\/\/proview360.ch\/wp-content\/uploads\/2025\/08\/311809362_534987525300435_4125622516155104575_n.jpg","contentUrl":"https:\/\/proview360.ch\/wp-content\/uploads\/2025\/08\/311809362_534987525300435_4125622516155104575_n.jpg","width":1040,"height":1040,"caption":"Proview360 | Visuels 3D et Images de synth\u00e8se pour projets immobiliers \u00e0 Neuch\u00e2tel, Vaud, Gen\u00e8ve, Valais, Fribourg, Jura et Bern"},"image":{"@id":"https:\/\/proview360.ch\/en\/#\/schema\/logo\/image\/"}}]}},"_links":{"self":[{"href":"https:\/\/proview360.ch\/en\/wp-json\/wp\/v2\/pages\/1352","targetHints":{"allow":["GET"]}}],"collection":[{"href":"https:\/\/proview360.ch\/en\/wp-json\/wp\/v2\/pages"}],"about":[{"href":"https:\/\/proview360.ch\/en\/wp-json\/wp\/v2\/types\/page"}],"author":[{"embeddable":true,"href":"https:\/\/proview360.ch\/en\/wp-json\/wp\/v2\/users\/1"}],"replies":[{"embeddable":true,"href":"https:\/\/proview360.ch\/en\/wp-json\/wp\/v2\/comments?post=1352"}],"version-history":[{"count":8,"href":"https:\/\/proview360.ch\/en\/wp-json\/wp\/v2\/pages\/1352\/revisions"}],"predecessor-version":[{"id":3854,"href":"https:\/\/proview360.ch\/en\/wp-json\/wp\/v2\/pages\/1352\/revisions\/3854"}],"wp:attachment":[{"href":"https:\/\/proview360.ch\/en\/wp-json\/wp\/v2\/media?parent=1352"}],"curies":[{"name":"wp","href":"https:\/\/api.w.org\/{rel}","templated":true}]}}