{"id":1231,"date":"2025-03-11T20:15:53","date_gmt":"2025-03-11T20:15:53","guid":{"rendered":"https:\/\/proview360.ch\/transports\/"},"modified":"2026-02-12T13:52:53","modified_gmt":"2026-02-12T13:52:53","slug":"transports","status":"publish","type":"page","link":"https:\/\/proview360.ch\/en\/transports\/","title":{"rendered":"Transports"},"content":{"rendered":"\r\n            <style>\r\n                 .hero-section-block-69d44d101d88c {\r\n                    background-image: url(https:\/\/proview360.ch\/wp-content\/uploads\/2025\/08\/ChatGPT-Image-Aug-24-2025-12_23_28-AM-e1755987900468.png);\r\n                    background-attachment: scroll;\r\n                    background-size: cover;  \r\n                    background-repeat: no-repeat; \r\n                    background-position: center center;\r\n                    color:  var(--proview-white);\r\n                }\r\n        \r\n                @media (max-width: 1024px) {\r\n                     .hero-section-block-69d44d101d88c {\r\n                        background-attachment: scroll;\r\n                    }\r\n                }\r\n        <\/style><section class=\"hero-section-block hero-section-block-69d44d101d88c\">   \r\n            <div class=\"container hero-section-container hero-section-banner-1 \">\r\n                    <div class=\"hero-section d-flex flex-column align-items-left justify-content-center text-left\">\r\n                \r\n                        <h1 class=\"hero-title\">Immersive 3D Tours for Boats, Motorhomes, and Private Jets<\/h1>\r\n                        <p  id=\"padding-block-69d44d101d88d\" class=\"hero-description\"><\/p>\r\n                            \r\n                    \r\n                <\/div>\r\n            <\/div>\r\n        <\/section>\n\n<section id=\"\" class=\"text-block  space-bottom-yes space-top-yes text-block-id-69d44d101d94d bg-color-gray text-color-black\">                \r\n                \r\n                    <div class=\"container\">     \r\n                                 \r\n                        <div class=\"row\">                                        \r\n                        <div class=\"col\">\r\n                            <h2 class=\"textBlock-headline style-1 left \">Transport<\/h2>\r\n                        <\/div>       \r\n                                                          \r\n                    <\/div>\r\n                               \r\n                                               \r\n                        <div class=\"row text\">\r\n                    <div class=\"col\">\r\n                        <div class=\"textBlock-text text-block-html\" style=\"margin-top: 20px; \">\r\n                            <p class=\"wp-block-gn-text-block\"><strong>Sale and Rental of Boats, Sailing Yachts, and Yachts<\/strong><br \/>Your <strong>potential clientele<\/strong> undoubtedly has strong <strong>purchasing power<\/strong> and demands <strong>excellence<\/strong>.<\/p>\n<p>The <strong>immersive immob360 tour<\/strong> of your <strong>fleet<\/strong> or <strong>vessel<\/strong> allows them to explore it from <strong>starboard to port<\/strong> and from the <strong>deck to the interior<\/strong> \u2013 highlighting both the <strong>space<\/strong> and the <strong>design<\/strong> to their best advantage.<\/p>\n<p>This way, the <strong>customer<\/strong> can easily and playfully <strong>project themselves<\/strong> into the experience and is positively supported in their <strong>decision-making process<\/strong>. <strong>Deception<\/strong> is impossible.<\/p>\n<p>This gives you a clear <strong>advantage over the competition<\/strong> and makes it easier to secure a <strong>sale<\/strong> or <strong>rental<\/strong>.<\/p>\n<p><strong>Sale and Rental of Motorhomes, Caravans, and Mobile Homes<\/strong><br \/>In this sector, there are all kinds of <strong>models<\/strong> \u2013 from the most <strong>basic<\/strong> to the most <strong>luxurious<\/strong>.<\/p>\n<p>Here too, the <strong>3D virtual tour by immob360<\/strong> enables your <strong>clientele<\/strong> to immediately grasp the <strong>features<\/strong>, <strong>practicality<\/strong>, <strong>functionality<\/strong>, and <strong>comfort<\/strong> of your offer. The <strong>renter<\/strong> can instantly picture themselves in the <strong>living and\/or transport space<\/strong> you are offering.<br \/>If your <strong>customer<\/strong> finds what they are looking for in your <strong>fleet<\/strong>, you will gain their <strong>trust<\/strong> \u2013 <strong>decisive<\/strong> for their <strong>reservation<\/strong> or <strong>purchase<\/strong>!<\/p>\n<p><strong>Aviation \u2013 Rental of Private Jets<\/strong><\/p>\n<p><strong>Rental<\/strong> in the <strong>aviation sector<\/strong> is aimed at an <strong>exclusive private or corporate clientele<\/strong> that usually does not pay attention to <strong>expenses<\/strong>.<\/p>\n<p>Your <strong>fleet<\/strong> can be showcased through a <strong>virtual tour<\/strong> of each individual <strong>aircraft<\/strong>, highlighting <strong>space<\/strong>, <strong>comfort<\/strong>, and <strong>luxury<\/strong>.<br \/>With such an <strong>immersive<\/strong> and <strong>expressive catalog<\/strong>, you significantly increase your <strong>chances<\/strong> of outperforming the <strong>competition<\/strong>. Your <strong>customer<\/strong> will already be fully immersed in the <strong>atmosphere<\/strong> \u2013 with only the <strong>flying experience<\/strong> and the <strong>\u201cunrivaled\u201d view<\/strong> left to enjoy.<\/p>\n\r\n                        <\/div>\r\n                    <\/div>                                        \r\n                <\/div>                                              \r\n                    <\/div>                                \r\n            <\/section>\n\n<section id=\"\" class=\"iframe-block iframe-block-id-69d44d101dc5d  bg-color-black\">\r\n                <div class=\"container\">\r\n                    <div class=\"iframe-wrapper\">\r\n                        <div class=\"row\">\r\n                            <div class=\"row pb-4\">                                        \r\n                        <div class=\"col\">\r\n                            <h2 class=\"textBlock-headline text-white \">Matterport <br\/><span class='text-bold'>Example<\/span><\/h2>\r\n                        <\/div>       \r\n                    <\/div>\r\n                            <div class=\"col-12 image-video-layout my-4\">\r\n                                  <div class=\"gallery-iframe ratio ratio-16x9\">\r\n                  <iframe loading=\"lazy\"\r\n                      width=\"100%\"\r\n                      height=\"600\"\r\n                      src=\"https:\/\/my.matterport.com\/show\/?m=bwbf2Tj3Ap4&#038;utm_source\"\r\n                      frameborder=\"0\"\r\n                      allowfullscreen\r\n                      allow=\"xr-spatial-tracking; gyroscope; accelerometer\"\r\n                ><\/iframe>\r\n        <\/div>\r\n                            <\/div>\r\n                        <\/div>\r\n                    <\/div>                            \r\n                <\/div>\r\n            <\/section>\n\n<section class=\"get-in-touch-block bg-color-grayblue\">  \r\n              <div class=\"d-flex flex-column-reverse flex-lg-row justify-content-between align-items-lg-center container\">              \r\n                    <div class=\"col-12 col-lg-9\">\r\n                        <a class=\"btn-full btn-full-red\" href=\"\/en\/get-a-qoute\/\">Get a quote<\/a>\r\n                    <\/div>     \r\n                    <div class=\"right-side col-12 col-lg-3\">\r\n                        <img decoding=\"async\" class=\"get-in-touch-img\" src=\"https:\/\/proview360.ch\/wp-content\/uploads\/2025\/03\/images_matterportBuilding.png\" alt=\" Images MatterportBuilding\">\r\n                    <\/div>  \r\n                <\/div>                                                         \r\n            <\/section>","protected":false},"excerpt":{"rendered":"","protected":false},"author":1,"featured_media":0,"parent":0,"menu_order":0,"comment_status":"closed","ping_status":"closed","template":"","meta":{"footnotes":""},"class_list":["post-1231","page","type-page","status-publish","hentry"],"yoast_head":"<!-- This site is optimized with the Yoast SEO plugin v27.2 - https:\/\/yoast.com\/product\/yoast-seo-wordpress\/ -->\n<title>Transport ProView360 | 3D Tours for Boats, RVs &amp; Private Jets<\/title>\n<meta name=\"description\" content=\"Immersive 3D tours for selling and renting boats, motorhomes, and private jets. Present vehicles with premium interactive virtual experiences.\" \/>\n<meta name=\"robots\" content=\"index, follow, max-snippet:-1, max-image-preview:large, max-video-preview:-1\" \/>\n<link rel=\"canonical\" href=\"https:\/\/proview360.ch\/en\/transports\/\" \/>\n<meta property=\"og:locale\" content=\"en_US\" \/>\n<meta property=\"og:type\" content=\"article\" \/>\n<meta property=\"og:title\" content=\"Transport ProView360 | 3D Tours for Boats, RVs &amp; Private Jets\" \/>\n<meta property=\"og:description\" content=\"Immersive 3D tours for selling and renting boats, motorhomes, and private jets. Present vehicles with premium interactive virtual experiences.\" \/>\n<meta property=\"og:url\" content=\"https:\/\/proview360.ch\/en\/transports\/\" \/>\n<meta property=\"og:site_name\" content=\"Proview360\" \/>\n<meta property=\"article:modified_time\" content=\"2026-02-12T13:52:53+00:00\" \/>\n<meta property=\"og:image\" content=\"https:\/\/proview360.ch\/wp-content\/uploads\/2025\/08\/311809362_534987525300435_4125622516155104575_n.jpg\" \/>\n\t<meta property=\"og:image:width\" content=\"1040\" \/>\n\t<meta property=\"og:image:height\" content=\"1040\" \/>\n\t<meta property=\"og:image:type\" content=\"image\/jpeg\" \/>\n<meta name=\"twitter:card\" content=\"summary_large_image\" \/>\n<meta name=\"twitter:label1\" content=\"Est. reading time\" \/>\n\t<meta name=\"twitter:data1\" content=\"2 minutes\" \/>\n<script type=\"application\/ld+json\" class=\"yoast-schema-graph\">{\"@context\":\"https:\/\/schema.org\",\"@graph\":[{\"@type\":\"WebPage\",\"@id\":\"https:\/\/proview360.ch\/en\/transports\/\",\"url\":\"https:\/\/proview360.ch\/en\/transports\/\",\"name\":\"Transport ProView360 | 3D Tours for Boats, RVs & Private Jets\",\"isPartOf\":{\"@id\":\"https:\/\/proview360.ch\/en\/#website\"},\"datePublished\":\"2025-03-11T20:15:53+00:00\",\"dateModified\":\"2026-02-12T13:52:53+00:00\",\"description\":\"Immersive 3D tours for selling and renting boats, motorhomes, and private jets. Present vehicles with premium interactive virtual experiences.\",\"breadcrumb\":{\"@id\":\"https:\/\/proview360.ch\/en\/transports\/#breadcrumb\"},\"inLanguage\":\"en-US\",\"potentialAction\":[{\"@type\":\"ReadAction\",\"target\":[\"https:\/\/proview360.ch\/en\/transports\/\"]}]},{\"@type\":\"BreadcrumbList\",\"@id\":\"https:\/\/proview360.ch\/en\/transports\/#breadcrumb\",\"itemListElement\":[{\"@type\":\"ListItem\",\"position\":1,\"name\":\"Home\",\"item\":\"https:\/\/proview360.ch\/en\/\"},{\"@type\":\"ListItem\",\"position\":2,\"name\":\"Transports\"}]},{\"@type\":\"WebSite\",\"@id\":\"https:\/\/proview360.ch\/en\/#website\",\"url\":\"https:\/\/proview360.ch\/en\/\",\"name\":\"Proview360 | Visuels 3D et Images de synth\u00e8se pour projets immobiliers \u00e0 Neuch\u00e2tel, Vaud, Gen\u00e8ve, Valais, Fribourg, Jura et Bern\",\"description\":\"Cr\u00e9ation visuels 3D, Images de synth\u00e8se 3D, Visites virtuelles, Projets immobiliers, Neuch\u00e2tel, Vaud, Gen\u00e8ve, Valais Fribourg, Jura, Bern, Visualisation immobili\u00e8re, Rendus, 3D, Proview360,\",\"publisher\":{\"@id\":\"https:\/\/proview360.ch\/en\/#organization\"},\"alternateName\":\"Proview360 propose des services de cr\u00e9ation de visuels 3D, d'images de synth\u00e8se et de visites virtuelles pour des projets immobiliers \u00e0 Neuch\u00e2tel, Vaud, Gen\u00e8ve, Valais, Fribourg, Jura et Bern. D\u00e9couvrez nos solutions pour valoriser vos projets immobiliers.\",\"potentialAction\":[{\"@type\":\"SearchAction\",\"target\":{\"@type\":\"EntryPoint\",\"urlTemplate\":\"https:\/\/proview360.ch\/en\/?s={search_term_string}\"},\"query-input\":{\"@type\":\"PropertyValueSpecification\",\"valueRequired\":true,\"valueName\":\"search_term_string\"}}],\"inLanguage\":\"en-US\"},{\"@type\":\"Organization\",\"@id\":\"https:\/\/proview360.ch\/en\/#organization\",\"name\":\"Proview360 | Visuels 3D et Images de synth\u00e8se pour projets immobiliers \u00e0 Neuch\u00e2tel, Vaud, Gen\u00e8ve, Valais, Fribourg, Jura et Bern\",\"url\":\"https:\/\/proview360.ch\/en\/\",\"logo\":{\"@type\":\"ImageObject\",\"inLanguage\":\"en-US\",\"@id\":\"https:\/\/proview360.ch\/en\/#\/schema\/logo\/image\/\",\"url\":\"https:\/\/proview360.ch\/wp-content\/uploads\/2025\/08\/311809362_534987525300435_4125622516155104575_n.jpg\",\"contentUrl\":\"https:\/\/proview360.ch\/wp-content\/uploads\/2025\/08\/311809362_534987525300435_4125622516155104575_n.jpg\",\"width\":1040,\"height\":1040,\"caption\":\"Proview360 | Visuels 3D et Images de synth\u00e8se pour projets immobiliers \u00e0 Neuch\u00e2tel, Vaud, Gen\u00e8ve, Valais, Fribourg, Jura et Bern\"},\"image\":{\"@id\":\"https:\/\/proview360.ch\/en\/#\/schema\/logo\/image\/\"}}]}<\/script>\n<!-- \/ Yoast SEO plugin. -->","yoast_head_json":{"title":"Transport ProView360 | 3D Tours for Boats, RVs & Private Jets","description":"Immersive 3D tours for selling and renting boats, motorhomes, and private jets. Present vehicles with premium interactive virtual experiences.","robots":{"index":"index","follow":"follow","max-snippet":"max-snippet:-1","max-image-preview":"max-image-preview:large","max-video-preview":"max-video-preview:-1"},"canonical":"https:\/\/proview360.ch\/en\/transports\/","og_locale":"en_US","og_type":"article","og_title":"Transport ProView360 | 3D Tours for Boats, RVs & Private Jets","og_description":"Immersive 3D tours for selling and renting boats, motorhomes, and private jets. Present vehicles with premium interactive virtual experiences.","og_url":"https:\/\/proview360.ch\/en\/transports\/","og_site_name":"Proview360","article_modified_time":"2026-02-12T13:52:53+00:00","og_image":[{"width":1040,"height":1040,"url":"https:\/\/proview360.ch\/wp-content\/uploads\/2025\/08\/311809362_534987525300435_4125622516155104575_n.jpg","type":"image\/jpeg"}],"twitter_card":"summary_large_image","twitter_misc":{"Est. reading time":"2 minutes"},"schema":{"@context":"https:\/\/schema.org","@graph":[{"@type":"WebPage","@id":"https:\/\/proview360.ch\/en\/transports\/","url":"https:\/\/proview360.ch\/en\/transports\/","name":"Transport ProView360 | 3D Tours for Boats, RVs & Private Jets","isPartOf":{"@id":"https:\/\/proview360.ch\/en\/#website"},"datePublished":"2025-03-11T20:15:53+00:00","dateModified":"2026-02-12T13:52:53+00:00","description":"Immersive 3D tours for selling and renting boats, motorhomes, and private jets. Present vehicles with premium interactive virtual experiences.","breadcrumb":{"@id":"https:\/\/proview360.ch\/en\/transports\/#breadcrumb"},"inLanguage":"en-US","potentialAction":[{"@type":"ReadAction","target":["https:\/\/proview360.ch\/en\/transports\/"]}]},{"@type":"BreadcrumbList","@id":"https:\/\/proview360.ch\/en\/transports\/#breadcrumb","itemListElement":[{"@type":"ListItem","position":1,"name":"Home","item":"https:\/\/proview360.ch\/en\/"},{"@type":"ListItem","position":2,"name":"Transports"}]},{"@type":"WebSite","@id":"https:\/\/proview360.ch\/en\/#website","url":"https:\/\/proview360.ch\/en\/","name":"Proview360 | Visuels 3D et Images de synth\u00e8se pour projets immobiliers \u00e0 Neuch\u00e2tel, Vaud, Gen\u00e8ve, Valais, Fribourg, Jura et Bern","description":"Cr\u00e9ation visuels 3D, Images de synth\u00e8se 3D, Visites virtuelles, Projets immobiliers, Neuch\u00e2tel, Vaud, Gen\u00e8ve, Valais Fribourg, Jura, Bern, Visualisation immobili\u00e8re, Rendus, 3D, Proview360,","publisher":{"@id":"https:\/\/proview360.ch\/en\/#organization"},"alternateName":"Proview360 propose des services de cr\u00e9ation de visuels 3D, d'images de synth\u00e8se et de visites virtuelles pour des projets immobiliers \u00e0 Neuch\u00e2tel, Vaud, Gen\u00e8ve, Valais, Fribourg, Jura et Bern. D\u00e9couvrez nos solutions pour valoriser vos projets immobiliers.","potentialAction":[{"@type":"SearchAction","target":{"@type":"EntryPoint","urlTemplate":"https:\/\/proview360.ch\/en\/?s={search_term_string}"},"query-input":{"@type":"PropertyValueSpecification","valueRequired":true,"valueName":"search_term_string"}}],"inLanguage":"en-US"},{"@type":"Organization","@id":"https:\/\/proview360.ch\/en\/#organization","name":"Proview360 | Visuels 3D et Images de synth\u00e8se pour projets immobiliers \u00e0 Neuch\u00e2tel, Vaud, Gen\u00e8ve, Valais, Fribourg, Jura et Bern","url":"https:\/\/proview360.ch\/en\/","logo":{"@type":"ImageObject","inLanguage":"en-US","@id":"https:\/\/proview360.ch\/en\/#\/schema\/logo\/image\/","url":"https:\/\/proview360.ch\/wp-content\/uploads\/2025\/08\/311809362_534987525300435_4125622516155104575_n.jpg","contentUrl":"https:\/\/proview360.ch\/wp-content\/uploads\/2025\/08\/311809362_534987525300435_4125622516155104575_n.jpg","width":1040,"height":1040,"caption":"Proview360 | Visuels 3D et Images de synth\u00e8se pour projets immobiliers \u00e0 Neuch\u00e2tel, Vaud, Gen\u00e8ve, Valais, Fribourg, Jura et Bern"},"image":{"@id":"https:\/\/proview360.ch\/en\/#\/schema\/logo\/image\/"}}]}},"_links":{"self":[{"href":"https:\/\/proview360.ch\/en\/wp-json\/wp\/v2\/pages\/1231","targetHints":{"allow":["GET"]}}],"collection":[{"href":"https:\/\/proview360.ch\/en\/wp-json\/wp\/v2\/pages"}],"about":[{"href":"https:\/\/proview360.ch\/en\/wp-json\/wp\/v2\/types\/page"}],"author":[{"embeddable":true,"href":"https:\/\/proview360.ch\/en\/wp-json\/wp\/v2\/users\/1"}],"replies":[{"embeddable":true,"href":"https:\/\/proview360.ch\/en\/wp-json\/wp\/v2\/comments?post=1231"}],"version-history":[{"count":6,"href":"https:\/\/proview360.ch\/en\/wp-json\/wp\/v2\/pages\/1231\/revisions"}],"predecessor-version":[{"id":4703,"href":"https:\/\/proview360.ch\/en\/wp-json\/wp\/v2\/pages\/1231\/revisions\/4703"}],"wp:attachment":[{"href":"https:\/\/proview360.ch\/en\/wp-json\/wp\/v2\/media?parent=1231"}],"curies":[{"name":"wp","href":"https:\/\/api.w.org\/{rel}","templated":true}]}}