{"id":1136,"date":"2025-03-11T20:12:48","date_gmt":"2025-03-11T20:12:48","guid":{"rendered":"https:\/\/proview360.ch\/services\/"},"modified":"2026-02-12T12:26:59","modified_gmt":"2026-02-12T12:26:59","slug":"services","status":"publish","type":"page","link":"https:\/\/proview360.ch\/en\/services\/","title":{"rendered":"Services"},"content":{"rendered":"\r\n            <style>\r\n                 .hero-section-block-69d44cfcdeaf7 {\r\n                    background-image: url(https:\/\/proview360.ch\/wp-content\/uploads\/2025\/04\/services.jpg);\r\n                    background-attachment: scroll;\r\n                    background-size: cover;  \r\n                    background-repeat: no-repeat; \r\n                    background-position: center center;\r\n                    color:  var(--proview-white);\r\n                }\r\n        \r\n                @media (max-width: 1024px) {\r\n                     .hero-section-block-69d44cfcdeaf7 {\r\n                        background-attachment: scroll;\r\n                    }\r\n                }\r\n        <\/style><section class=\"hero-section-block hero-section-block-69d44cfcdeaf7\">   \r\n            <div class=\"container hero-section-container hero-section-banner-1 \">\r\n                    <div class=\"hero-section d-flex flex-column align-items-left justify-content-center text-left\">\r\n                \r\n                        <h1 class=\"hero-title\"><\/h1>\r\n                        <p  id=\"padding-block-69d44cfcdeaf8\" class=\"hero-description\"><\/p>\r\n                            \r\n                    \r\n                <\/div>\r\n            <\/div>\r\n        <\/section>\n\n<section id=\"\" class=\"headline-block  space-bottom-yes space-top-yes text-block-id-69d44cfcdebb9 bg-color-gray text-color-black\">                \r\n                \r\n                    <div class=\"container\">     \r\n                        <p class='background-text'> Services <\/p>         \r\n                        <div class=\"row\">                                        \r\n                        <div class=\"col\">\r\n                            <h1 class=\"textBlock-headline left \">Our <br\/><span class='text-bold'>services<\/span><\/h1>\r\n                        <\/div>       \r\n                                                          \r\n                    <\/div>\r\n                               \r\n                                               \r\n                    <\/div>                                \r\n            <\/section>\n\n<div class=\"section-hexagons  sections-hexagons-hexagons_69d44cfcdec3a .\">\r\n                \r\n                           <ul id=\"hexGrid\">\r\n                                        \r\n         <li class=\"hex\">\r\n                <div class=\"hexIn\" href=\"#\">\r\n                       <img decoding=\"async\" alt=\"Image 3D Geneve Louis Aubert Proview360\" src=\"https:\/\/proview360.ch\/wp-content\/uploads\/2025\/08\/Image_3D_geneve_louis_aubert_proview360.webp\" \/>\r\n                  <h2 class=\"gn-h3\">3D Renderings for Real Estate in Switzerland<\/h2>\r\n                  <p class=\"hex-in-description\">ProView360 has been supporting real estate professionals for over a decade with\u00a0high-quality 3D visuals\u00a0designed to turn potential buyers&#8230;<\/p>\r\n                  <a class=\"hex-btn\" href=\"\/en\/services\/3d-renderings-real-estate\/\">Voir plus d&#8217;images<\/a>\r\n                <\/div>\r\n         <\/li>\r\n         <li class=\"hex\">\r\n                <div class=\"hexIn\" href=\"#\">\r\n                       <img decoding=\"async\" alt=\"Ap1.1\" src=\"https:\/\/proview360.ch\/wp-content\/uploads\/2025\/07\/Ap1.1-scaled.jpg\" \/>\r\n                  <h2 class=\"gn-h3\">3D virtual tours from architectural plans<\/h2>\r\n                  <p class=\"hex-in-description\">At ProView360, we offer\u00a0interactive 3D virtual tours\u00a0based on\u00a0architectural floor plans\u00a0\u2013 ideal for\u00a0real estate developers, agents, and architects. We&#8230;<\/p>\r\n                  <a class=\"hex-btn\" href=\"\/en\/services\/3d-virtual-tour\/\">Voir plus d&#8217;images<\/a>\r\n                <\/div>\r\n         <\/li>\r\n         <li class=\"hex\">\r\n                <div class=\"hexIn\" href=\"#\">\r\n                       <img decoding=\"async\" alt=\"Screenshot 2025 08 23 175627\" src=\"https:\/\/proview360.ch\/wp-content\/uploads\/2025\/08\/Screenshot-2025-08-23-175627.png\" \/>\r\n                  <h2 class=\"gn-h3\">3D Cinematic Videos for Real Estate in Switzerland<\/h2>\r\n                  <p class=\"hex-in-description\">ProView360 brings unbuilt real estate projects to life through\u00a0cinematic, emotionally engaging 3D films. Using\u00a0Unreal Engine 5, Corona Renderer,&#8230;<\/p>\r\n                  <a class=\"hex-btn\" href=\"\/en\/services\/videos-3d-immobilieres\/\">Voir plus d&#8217;images<\/a>\r\n                <\/div>\r\n         <\/li>\r\n         <li class=\"hex\">\r\n                <div class=\"hexIn\" href=\"#\">\r\n                       <img decoding=\"async\" alt=\"DSC 2311 Proview360\" src=\"https:\/\/proview360.ch\/wp-content\/uploads\/2025\/08\/DSC_2311_proview360.webp\" \/>\r\n                  <h2 class=\"gn-h3\">Professional Real Estate Photography in Switzerland<\/h2>\r\n                  <p class=\"hex-in-description\">At ProView360, we create high-end photography for\u00a0furnished or unfurnished apartments, houses, and commercial spaces. Our goal: deliver\u00a0bright, spacious,&#8230;<\/p>\r\n                  <a class=\"hex-btn\" href=\"\/en\/services\/real-estate-photography\/\">Voir plus d&#8217;images<\/a>\r\n                <\/div>\r\n         <\/li>\r\n         <li class=\"hex\">\r\n                <div class=\"hexIn\" href=\"#\">\r\n                       <img decoding=\"async\" alt=\"Zones Desservies\" src=\"https:\/\/proview360.ch\/wp-content\/uploads\/2025\/08\/Zones-desservies.webp\" \/>\r\n                  <h2 class=\"gn-h3\">Virtual Home Staging &#038; Photo-Based Renovation in Switzerland<\/h2>\r\n                  <p class=\"hex-in-description\">Do you have an empty or under-construction property to sell or rent? ProView360 transforms your photos\u2014whether empty, unfinished,&#8230;<\/p>\r\n                  <a class=\"hex-btn\" href=\"\/en\/services\/home-staging-virtuel\/\">Voir plus d&#8217;images<\/a>\r\n                <\/div>\r\n         <\/li>\r\n         <li class=\"hex\">\r\n                <div class=\"hexIn\" href=\"#\">\r\n                       <img decoding=\"async\" alt=\"Default\" src=\"https:\/\/proview360.ch\/wp-content\/uploads\/2025\/07\/DJI_0054-scaled.jpg\" \/>\r\n                  <h2 class=\"gn-h3\">Sell Properties 50% Faster with Cinematic Drone Videography<\/h2>\r\n                  <p class=\"hex-in-description\">Proview360\u2019s drone videography for real estate transforms properties into jaw-dropping visual stories. Using DJI Mavic 3 Pro drones&#8230;<\/p>\r\n                  <a class=\"hex-btn\" href=\"\/en\/services\/videographie-par-drone-immobilier\/\">Voir plus d&#8217;images<\/a>\r\n                <\/div>\r\n         <\/li>\r\n         <li class=\"hex\">\r\n                <div class=\"hexIn\" href=\"#\">\r\n                       <img decoding=\"async\" alt=\"3eme R2 Proview360\" src=\"https:\/\/proview360.ch\/wp-content\/uploads\/2025\/08\/3eme-R2_proview360-scaled.webp\" \/>\r\n                  <h2 class=\"gn-h3\">2D SALES SHEETS &#038; 3D EXPLODED VIEWS<\/h2>\r\n                  <p class=\"hex-in-description\">ProView360 produces high-impact 2D sales sheets and 3D exploded\u00a0views for real estate projects. These tools simplify property understanding,&#8230;<\/p>\r\n                  <a class=\"hex-btn\" href=\"\/en\/services\/2d-sales-sheets-3d-exploded-views\/\">Voir plus d&#8217;images<\/a>\r\n                <\/div>\r\n         <\/li>\r\n         <li class=\"hex\">\r\n                <div class=\"hexIn\" href=\"#\">\r\n                       <img decoding=\"async\" alt=\"Default\" src=\"https:\/\/proview360.ch\/wp-content\/uploads\/2025\/07\/DJI_0883-scaled.jpg\" \/>\r\n                  <h2 class=\"gn-h3\">Aerial construction site monitoring with drones<\/h2>\r\n                  <p class=\"hex-in-description\">At ProView360, we offer\u00a0monthly aerial visits\u00a0to visually document the evolution of your construction site. Using professional drone equipment,&#8230;<\/p>\r\n                  <a class=\"hex-btn\" href=\"\/en\/services\/aerial-construction-monitoring-drones\/\">Voir plus d&#8217;images<\/a>\r\n                <\/div>\r\n         <\/li>\r\n         <li class=\"hex\">\r\n                <div class=\"hexIn\" href=\"#\">\r\n                       <img decoding=\"async\" alt=\"Matterport\" src=\"https:\/\/proview360.ch\/wp-content\/uploads\/2025\/08\/matterport.webp\" \/>\r\n                  <h2 class=\"gn-h3\">Matterport Virtual Tours in Switzerland for Real Estate, Museums, Hotels &#038; More<\/h2>\r\n                  <p class=\"hex-in-description\">At ProView360, we provide high-quality\u00a0Matterport virtual tours\u00a0for real estate but also for\u00a0museums, restaurants, hotels, retail spaces, and showrooms\u00a0across&#8230;<\/p>\r\n                  <a class=\"hex-btn\" href=\"\/en\/services\/matterport-virtual-tours\/\">Voir plus d&#8217;images<\/a>\r\n                <\/div>\r\n         <\/li>\r\n         <li class=\"hex\">\r\n                <div class=\"hexIn\" href=\"#\">\r\n                       <img decoding=\"async\" alt=\"Maquette Blanche Maison Vigneronne Bourg En Lavaux 1030&#215;707\" src=\"https:\/\/proview360.ch\/wp-content\/uploads\/2025\/07\/maquette-blanche-maison-vigneronne-bourg-en-lavaux-1030x707-1.jpg\" \/>\r\n                  <h2 class=\"gn-h3\">3D Laser Scanning &#038; Plans from Point Clouds<\/h2>\r\n                  <p class=\"hex-in-description\">ProView360 provides\u00a099.9% accurate 3D scanning\u00a0for architects, engineers, and construction specialists in Switzerland. Using\u00a0Leica BLK360\u00a0and\u00a0Matterport Pro3, we deliver reliable,&#8230;<\/p>\r\n                  <a class=\"hex-btn\" href=\"\/en\/services\/3d-laser-scanning-plans\/\">Voir plus d&#8217;images<\/a>\r\n                <\/div>\r\n         <\/li>\r\n                                      <\/ul>\r\n                \r\n            <\/div>\n\n\n<div style=\"height:100px\" aria-hidden=\"true\" class=\"wp-block-spacer\"><\/div>\n\n\n\n<div style=\"height:100px\" aria-hidden=\"true\" class=\"wp-block-spacer\"><\/div>\n\n\n\n<p><\/p>\n","protected":false},"excerpt":{"rendered":"","protected":false},"author":1,"featured_media":0,"parent":0,"menu_order":0,"comment_status":"closed","ping_status":"closed","template":"","meta":{"footnotes":""},"class_list":["post-1136","page","type-page","status-publish","hentry"],"yoast_head":"<!-- This site is optimized with the Yoast SEO plugin v27.2 - https:\/\/yoast.com\/product\/yoast-seo-wordpress\/ -->\n<title>Services ProView360 | 3D Real Estate Visualization in Switzerland<\/title>\n<meta name=\"description\" content=\"Explore ProView360 services: 3D real estate visualization, professional photography, Matterport virtual tours, and drone site monitoring across Switzerland.\" \/>\n<meta name=\"robots\" content=\"index, follow, max-snippet:-1, max-image-preview:large, max-video-preview:-1\" \/>\n<link rel=\"canonical\" href=\"https:\/\/proview360.ch\/en\/services\/\" \/>\n<meta property=\"og:locale\" content=\"en_US\" \/>\n<meta property=\"og:type\" content=\"article\" \/>\n<meta property=\"og:title\" content=\"Services ProView360 | 3D Real Estate Visualization in Switzerland\" \/>\n<meta property=\"og:description\" content=\"Explore ProView360 services: 3D real estate visualization, professional photography, Matterport virtual tours, and drone site monitoring across Switzerland.\" \/>\n<meta property=\"og:url\" content=\"https:\/\/proview360.ch\/en\/services\/\" \/>\n<meta property=\"og:site_name\" content=\"Proview360\" \/>\n<meta property=\"article:modified_time\" content=\"2026-02-12T12:26:59+00:00\" \/>\n<meta property=\"og:image\" content=\"https:\/\/proview360.ch\/wp-content\/uploads\/2025\/08\/311809362_534987525300435_4125622516155104575_n.jpg\" \/>\n\t<meta property=\"og:image:width\" content=\"1040\" \/>\n\t<meta property=\"og:image:height\" content=\"1040\" \/>\n\t<meta property=\"og:image:type\" content=\"image\/jpeg\" \/>\n<meta name=\"twitter:card\" content=\"summary_large_image\" \/>\n<script type=\"application\/ld+json\" class=\"yoast-schema-graph\">{\"@context\":\"https:\/\/schema.org\",\"@graph\":[{\"@type\":\"WebPage\",\"@id\":\"https:\/\/proview360.ch\/en\/services\/\",\"url\":\"https:\/\/proview360.ch\/en\/services\/\",\"name\":\"Services ProView360 | 3D Real Estate Visualization in Switzerland\",\"isPartOf\":{\"@id\":\"https:\/\/proview360.ch\/en\/#website\"},\"datePublished\":\"2025-03-11T20:12:48+00:00\",\"dateModified\":\"2026-02-12T12:26:59+00:00\",\"description\":\"Explore ProView360 services: 3D real estate visualization, professional photography, Matterport virtual tours, and drone site monitoring across Switzerland.\",\"breadcrumb\":{\"@id\":\"https:\/\/proview360.ch\/en\/services\/#breadcrumb\"},\"inLanguage\":\"en-US\",\"potentialAction\":[{\"@type\":\"ReadAction\",\"target\":[\"https:\/\/proview360.ch\/en\/services\/\"]}]},{\"@type\":\"BreadcrumbList\",\"@id\":\"https:\/\/proview360.ch\/en\/services\/#breadcrumb\",\"itemListElement\":[{\"@type\":\"ListItem\",\"position\":1,\"name\":\"Home\",\"item\":\"https:\/\/proview360.ch\/en\/\"},{\"@type\":\"ListItem\",\"position\":2,\"name\":\"Services\"}]},{\"@type\":\"WebSite\",\"@id\":\"https:\/\/proview360.ch\/en\/#website\",\"url\":\"https:\/\/proview360.ch\/en\/\",\"name\":\"Proview360 | Visuels 3D et Images de synth\u00e8se pour projets immobiliers \u00e0 Neuch\u00e2tel, Vaud, Gen\u00e8ve, Valais, Fribourg, Jura et Bern\",\"description\":\"Cr\u00e9ation visuels 3D, Images de synth\u00e8se 3D, Visites virtuelles, Projets immobiliers, Neuch\u00e2tel, Vaud, Gen\u00e8ve, Valais Fribourg, Jura, Bern, Visualisation immobili\u00e8re, Rendus, 3D, Proview360,\",\"publisher\":{\"@id\":\"https:\/\/proview360.ch\/en\/#organization\"},\"alternateName\":\"Proview360 propose des services de cr\u00e9ation de visuels 3D, d'images de synth\u00e8se et de visites virtuelles pour des projets immobiliers \u00e0 Neuch\u00e2tel, Vaud, Gen\u00e8ve, Valais, Fribourg, Jura et Bern. D\u00e9couvrez nos solutions pour valoriser vos projets immobiliers.\",\"potentialAction\":[{\"@type\":\"SearchAction\",\"target\":{\"@type\":\"EntryPoint\",\"urlTemplate\":\"https:\/\/proview360.ch\/en\/?s={search_term_string}\"},\"query-input\":{\"@type\":\"PropertyValueSpecification\",\"valueRequired\":true,\"valueName\":\"search_term_string\"}}],\"inLanguage\":\"en-US\"},{\"@type\":\"Organization\",\"@id\":\"https:\/\/proview360.ch\/en\/#organization\",\"name\":\"Proview360 | Visuels 3D et Images de synth\u00e8se pour projets immobiliers \u00e0 Neuch\u00e2tel, Vaud, Gen\u00e8ve, Valais, Fribourg, Jura et Bern\",\"url\":\"https:\/\/proview360.ch\/en\/\",\"logo\":{\"@type\":\"ImageObject\",\"inLanguage\":\"en-US\",\"@id\":\"https:\/\/proview360.ch\/en\/#\/schema\/logo\/image\/\",\"url\":\"https:\/\/proview360.ch\/wp-content\/uploads\/2025\/08\/311809362_534987525300435_4125622516155104575_n.jpg\",\"contentUrl\":\"https:\/\/proview360.ch\/wp-content\/uploads\/2025\/08\/311809362_534987525300435_4125622516155104575_n.jpg\",\"width\":1040,\"height\":1040,\"caption\":\"Proview360 | Visuels 3D et Images de synth\u00e8se pour projets immobiliers \u00e0 Neuch\u00e2tel, Vaud, Gen\u00e8ve, Valais, Fribourg, Jura et Bern\"},\"image\":{\"@id\":\"https:\/\/proview360.ch\/en\/#\/schema\/logo\/image\/\"}}]}<\/script>\n<!-- \/ Yoast SEO plugin. -->","yoast_head_json":{"title":"Services ProView360 | 3D Real Estate Visualization in Switzerland","description":"Explore ProView360 services: 3D real estate visualization, professional photography, Matterport virtual tours, and drone site monitoring across Switzerland.","robots":{"index":"index","follow":"follow","max-snippet":"max-snippet:-1","max-image-preview":"max-image-preview:large","max-video-preview":"max-video-preview:-1"},"canonical":"https:\/\/proview360.ch\/en\/services\/","og_locale":"en_US","og_type":"article","og_title":"Services ProView360 | 3D Real Estate Visualization in Switzerland","og_description":"Explore ProView360 services: 3D real estate visualization, professional photography, Matterport virtual tours, and drone site monitoring across Switzerland.","og_url":"https:\/\/proview360.ch\/en\/services\/","og_site_name":"Proview360","article_modified_time":"2026-02-12T12:26:59+00:00","og_image":[{"width":1040,"height":1040,"url":"https:\/\/proview360.ch\/wp-content\/uploads\/2025\/08\/311809362_534987525300435_4125622516155104575_n.jpg","type":"image\/jpeg"}],"twitter_card":"summary_large_image","schema":{"@context":"https:\/\/schema.org","@graph":[{"@type":"WebPage","@id":"https:\/\/proview360.ch\/en\/services\/","url":"https:\/\/proview360.ch\/en\/services\/","name":"Services ProView360 | 3D Real Estate Visualization in Switzerland","isPartOf":{"@id":"https:\/\/proview360.ch\/en\/#website"},"datePublished":"2025-03-11T20:12:48+00:00","dateModified":"2026-02-12T12:26:59+00:00","description":"Explore ProView360 services: 3D real estate visualization, professional photography, Matterport virtual tours, and drone site monitoring across Switzerland.","breadcrumb":{"@id":"https:\/\/proview360.ch\/en\/services\/#breadcrumb"},"inLanguage":"en-US","potentialAction":[{"@type":"ReadAction","target":["https:\/\/proview360.ch\/en\/services\/"]}]},{"@type":"BreadcrumbList","@id":"https:\/\/proview360.ch\/en\/services\/#breadcrumb","itemListElement":[{"@type":"ListItem","position":1,"name":"Home","item":"https:\/\/proview360.ch\/en\/"},{"@type":"ListItem","position":2,"name":"Services"}]},{"@type":"WebSite","@id":"https:\/\/proview360.ch\/en\/#website","url":"https:\/\/proview360.ch\/en\/","name":"Proview360 | Visuels 3D et Images de synth\u00e8se pour projets immobiliers \u00e0 Neuch\u00e2tel, Vaud, Gen\u00e8ve, Valais, Fribourg, Jura et Bern","description":"Cr\u00e9ation visuels 3D, Images de synth\u00e8se 3D, Visites virtuelles, Projets immobiliers, Neuch\u00e2tel, Vaud, Gen\u00e8ve, Valais Fribourg, Jura, Bern, Visualisation immobili\u00e8re, Rendus, 3D, Proview360,","publisher":{"@id":"https:\/\/proview360.ch\/en\/#organization"},"alternateName":"Proview360 propose des services de cr\u00e9ation de visuels 3D, d'images de synth\u00e8se et de visites virtuelles pour des projets immobiliers \u00e0 Neuch\u00e2tel, Vaud, Gen\u00e8ve, Valais, Fribourg, Jura et Bern. D\u00e9couvrez nos solutions pour valoriser vos projets immobiliers.","potentialAction":[{"@type":"SearchAction","target":{"@type":"EntryPoint","urlTemplate":"https:\/\/proview360.ch\/en\/?s={search_term_string}"},"query-input":{"@type":"PropertyValueSpecification","valueRequired":true,"valueName":"search_term_string"}}],"inLanguage":"en-US"},{"@type":"Organization","@id":"https:\/\/proview360.ch\/en\/#organization","name":"Proview360 | Visuels 3D et Images de synth\u00e8se pour projets immobiliers \u00e0 Neuch\u00e2tel, Vaud, Gen\u00e8ve, Valais, Fribourg, Jura et Bern","url":"https:\/\/proview360.ch\/en\/","logo":{"@type":"ImageObject","inLanguage":"en-US","@id":"https:\/\/proview360.ch\/en\/#\/schema\/logo\/image\/","url":"https:\/\/proview360.ch\/wp-content\/uploads\/2025\/08\/311809362_534987525300435_4125622516155104575_n.jpg","contentUrl":"https:\/\/proview360.ch\/wp-content\/uploads\/2025\/08\/311809362_534987525300435_4125622516155104575_n.jpg","width":1040,"height":1040,"caption":"Proview360 | Visuels 3D et Images de synth\u00e8se pour projets immobiliers \u00e0 Neuch\u00e2tel, Vaud, Gen\u00e8ve, Valais, Fribourg, Jura et Bern"},"image":{"@id":"https:\/\/proview360.ch\/en\/#\/schema\/logo\/image\/"}}]}},"_links":{"self":[{"href":"https:\/\/proview360.ch\/en\/wp-json\/wp\/v2\/pages\/1136","targetHints":{"allow":["GET"]}}],"collection":[{"href":"https:\/\/proview360.ch\/en\/wp-json\/wp\/v2\/pages"}],"about":[{"href":"https:\/\/proview360.ch\/en\/wp-json\/wp\/v2\/types\/page"}],"author":[{"embeddable":true,"href":"https:\/\/proview360.ch\/en\/wp-json\/wp\/v2\/users\/1"}],"replies":[{"embeddable":true,"href":"https:\/\/proview360.ch\/en\/wp-json\/wp\/v2\/comments?post=1136"}],"version-history":[{"count":4,"href":"https:\/\/proview360.ch\/en\/wp-json\/wp\/v2\/pages\/1136\/revisions"}],"predecessor-version":[{"id":3900,"href":"https:\/\/proview360.ch\/en\/wp-json\/wp\/v2\/pages\/1136\/revisions\/3900"}],"wp:attachment":[{"href":"https:\/\/proview360.ch\/en\/wp-json\/wp\/v2\/media?parent=1136"}],"curies":[{"name":"wp","href":"https:\/\/api.w.org\/{rel}","templated":true}]}}