{"id":1112,"date":"2025-03-11T20:16:26","date_gmt":"2025-03-11T20:16:26","guid":{"rendered":"https:\/\/proview360.ch\/location-villa-et-appartement\/"},"modified":"2026-03-13T10:18:17","modified_gmt":"2026-03-13T10:18:17","slug":"villa-and-apartment-rental","status":"publish","type":"page","link":"https:\/\/proview360.ch\/en\/villa-and-apartment-rental\/","title":{"rendered":"Villa and apartment rental"},"content":{"rendered":"\r\n            <style>\r\n                 .hero-section-block-69d453f50c51e {\r\n                    background-image: url(https:\/\/proview360.ch\/wp-content\/uploads\/2025\/08\/imgi_9_image.jpg);\r\n                    background-attachment: scroll;\r\n                    background-size: cover;  \r\n                    background-repeat: no-repeat; \r\n                    background-position: center center;\r\n                    color:  var(--proview-white);\r\n                }\r\n        \r\n                @media (max-width: 1024px) {\r\n                     .hero-section-block-69d453f50c51e {\r\n                        background-attachment: scroll;\r\n                    }\r\n                }\r\n        <\/style><section class=\"hero-section-block hero-section-block-69d453f50c51e\">   \r\n            <div class=\"container hero-section-container hero-section-banner-1 \">\r\n                    <div class=\"hero-section d-flex flex-column align-items-left justify-content-center text-left\">\r\n                \r\n                        <h1 class=\"hero-title\">Villa and apartment rental<\/h1>\r\n                        <p  id=\"padding-block-69d453f50c520\" class=\"hero-description\"><\/p>\r\n                            \r\n                    \r\n                <\/div>\r\n            <\/div>\r\n        <\/section>\n\n<section id=\"\" class=\"text-block  space-bottom-yes space-top-yes text-block-id-69d453f50c5d5 bg-color-gray text-color-black\">                \r\n                \r\n                    <div class=\"container\">     \r\n                                 \r\n                        <div class=\"row\">                                        \r\n                        <div class=\"col\">\r\n                            <h2 class=\"textBlock-headline style-1 left \">Villa and <br\/><span class='text-bold'>apartment rental<\/span><\/h2>\r\n                        <\/div>       \r\n                                                          \r\n                    <\/div>\r\n                               \r\n                                               \r\n                        <div class=\"row text\">\r\n                    <div class=\"col\">\r\n                        <div class=\"textBlock-text text-block-html\" style=\"margin-top: 20px; \">\r\n                            <p class=\"wp-block-gn-text-block\"><strong>Apartment and Vacation Home Rentals<\/strong><\/p>\n<p><strong>Stand out from the competition<\/strong><br \/>The immersive 3D tour of the property you wish to rent provides enormous reassurance to potential tenants. Until now, only photos \u2013 and more rarely, videos \u2013 have allowed people to form an impression of a vacation rental.<\/p>\n<p>But with these mediums, owners could hide many things, gloss over imperfections, and essentially \u201ctrap\u201d tenants \u2013 something that has unfortunately happened to many vacationers.<\/p>\n<p>The <strong>immob360 3D virtual tour SHOWS EVERYTHING<\/strong>: it is impossible to conceal anything. This way, you inspire an unusual level of <strong>trust<\/strong> in your clientele \u2013 whether you are a professional or a private owner \u2013 and you secure reservations much more easily.<br \/>Your rental property may be located in one of the following cities: Geneva, Lausanne, Neuch\u00e2tel, La Chaux-de-Fonds, Del\u00e9mont, Biel, Fribourg, or Yverdon-les-Bains \u2013 would a virtual tour interest you?<\/p>\n<p>Do not hesitate to contact us to discover the full range of possibilities and advantages a virtual tour can bring to your villa, apartment, or house for rent.<\/p>\n<p>We will gladly respond by email or by phone at +41 79 529 66 44.<\/p>\n\r\n                        <\/div>\r\n                    <\/div>                                        \r\n                <\/div>                                              \r\n                    <\/div>                                \r\n            <\/section>\n\n<section id=\"\" class=\"iframe-block iframe-block-id-69d453f50c699  bg-color-black\">\r\n                <div class=\"container\">\r\n                    <div class=\"iframe-wrapper\">\r\n                        <div class=\"row\">\r\n                            <div class=\"row pb-4\">                                        \r\n                        <div class=\"col\">\r\n                            <h2 class=\"textBlock-headline text-white \">Matterport <br\/><span class='text-bold'>Example<\/span><\/h2>\r\n                        <\/div>       \r\n                    <\/div>\r\n                            <div class=\"col-12 image-video-layout my-4\">\r\n                                  <div class=\"gallery-iframe ratio ratio-16x9\">\r\n                  <iframe loading=\"lazy\"\r\n                      width=\"100%\"\r\n                      height=\"600\"\r\n                      src=\"https:\/\/my.matterport.com\/show\/?m=k2UPnzLC4Ed\"\r\n                      frameborder=\"0\"\r\n                      allowfullscreen\r\n                      allow=\"xr-spatial-tracking; gyroscope; accelerometer\"\r\n                ><\/iframe>\r\n        <\/div>\r\n                            <\/div>\r\n                        <\/div>\r\n                    <\/div>                            \r\n                <\/div>\r\n            <\/section>\n\n<section class=\"get-in-touch-block bg-color-grayblue\">  \r\n              <div class=\"d-flex flex-column-reverse flex-lg-row justify-content-between align-items-lg-center container\">              \r\n                    <div class=\"col-12 col-lg-9\">\r\n                        <a class=\"btn-full btn-full-red\" href=\"\/en\/get-a-qoute\/\">Get a quote<\/a>\r\n                    <\/div>     \r\n                    <div class=\"right-side col-12 col-lg-3\">\r\n                        <img decoding=\"async\" class=\"get-in-touch-img\" src=\"https:\/\/proview360.ch\/wp-content\/uploads\/2025\/03\/Asset-12.png\" alt=\"Asset 12\">\r\n                    <\/div>  \r\n                <\/div>                                                         \r\n            <\/section>","protected":false},"excerpt":{"rendered":"","protected":false},"author":1,"featured_media":0,"parent":0,"menu_order":0,"comment_status":"closed","ping_status":"closed","template":"","meta":{"footnotes":""},"class_list":["post-1112","page","type-page","status-publish","hentry"],"yoast_head":"<!-- This site is optimized with the Yoast SEO plugin v27.2 - https:\/\/yoast.com\/product\/yoast-seo-wordpress\/ -->\n<title>Villa and apartment rental - Proview360<\/title>\n<meta name=\"description\" content=\"Boost your villa and apartment rentals with immersive 3D virtual tours by Proview360, helping property owners attract more guests through realistic online property experiences.\" \/>\n<meta name=\"robots\" content=\"index, follow, max-snippet:-1, max-image-preview:large, max-video-preview:-1\" \/>\n<link rel=\"canonical\" href=\"https:\/\/proview360.ch\/en\/villa-and-apartment-rental\/\" \/>\n<meta property=\"og:locale\" content=\"en_US\" \/>\n<meta property=\"og:type\" content=\"article\" \/>\n<meta property=\"og:title\" content=\"Villa and apartment rental - Proview360\" \/>\n<meta property=\"og:description\" content=\"Boost your villa and apartment rentals with immersive 3D virtual tours by Proview360, helping property owners attract more guests through realistic online property experiences.\" \/>\n<meta property=\"og:url\" content=\"https:\/\/proview360.ch\/en\/villa-and-apartment-rental\/\" \/>\n<meta property=\"og:site_name\" content=\"Proview360\" \/>\n<meta property=\"article:modified_time\" content=\"2026-03-13T10:18:17+00:00\" \/>\n<meta property=\"og:image\" content=\"https:\/\/proview360.ch\/wp-content\/uploads\/2025\/08\/311809362_534987525300435_4125622516155104575_n.jpg\" \/>\n\t<meta property=\"og:image:width\" content=\"1040\" \/>\n\t<meta property=\"og:image:height\" content=\"1040\" \/>\n\t<meta property=\"og:image:type\" content=\"image\/jpeg\" \/>\n<meta name=\"twitter:card\" content=\"summary_large_image\" \/>\n<meta name=\"twitter:label1\" content=\"Est. reading time\" \/>\n\t<meta name=\"twitter:data1\" content=\"1 minute\" \/>\n<script type=\"application\/ld+json\" class=\"yoast-schema-graph\">{\"@context\":\"https:\/\/schema.org\",\"@graph\":[{\"@type\":\"WebPage\",\"@id\":\"https:\/\/proview360.ch\/en\/villa-and-apartment-rental\/\",\"url\":\"https:\/\/proview360.ch\/en\/villa-and-apartment-rental\/\",\"name\":\"Villa and apartment rental - Proview360\",\"isPartOf\":{\"@id\":\"https:\/\/proview360.ch\/en\/#website\"},\"datePublished\":\"2025-03-11T20:16:26+00:00\",\"dateModified\":\"2026-03-13T10:18:17+00:00\",\"description\":\"Boost your villa and apartment rentals with immersive 3D virtual tours by Proview360, helping property owners attract more guests through realistic online property experiences.\",\"breadcrumb\":{\"@id\":\"https:\/\/proview360.ch\/en\/villa-and-apartment-rental\/#breadcrumb\"},\"inLanguage\":\"en-US\",\"potentialAction\":[{\"@type\":\"ReadAction\",\"target\":[\"https:\/\/proview360.ch\/en\/villa-and-apartment-rental\/\"]}]},{\"@type\":\"BreadcrumbList\",\"@id\":\"https:\/\/proview360.ch\/en\/villa-and-apartment-rental\/#breadcrumb\",\"itemListElement\":[{\"@type\":\"ListItem\",\"position\":1,\"name\":\"Home\",\"item\":\"https:\/\/proview360.ch\/en\/\"},{\"@type\":\"ListItem\",\"position\":2,\"name\":\"Villa and apartment rental\"}]},{\"@type\":\"WebSite\",\"@id\":\"https:\/\/proview360.ch\/en\/#website\",\"url\":\"https:\/\/proview360.ch\/en\/\",\"name\":\"Proview360 | Visuels 3D et Images de synth\u00e8se pour projets immobiliers \u00e0 Neuch\u00e2tel, Vaud, Gen\u00e8ve, Valais, Fribourg, Jura et Bern\",\"description\":\"Cr\u00e9ation visuels 3D, Images de synth\u00e8se 3D, Visites virtuelles, Projets immobiliers, Neuch\u00e2tel, Vaud, Gen\u00e8ve, Valais Fribourg, Jura, Bern, Visualisation immobili\u00e8re, Rendus, 3D, Proview360,\",\"publisher\":{\"@id\":\"https:\/\/proview360.ch\/en\/#organization\"},\"alternateName\":\"Proview360 propose des services de cr\u00e9ation de visuels 3D, d'images de synth\u00e8se et de visites virtuelles pour des projets immobiliers \u00e0 Neuch\u00e2tel, Vaud, Gen\u00e8ve, Valais, Fribourg, Jura et Bern. D\u00e9couvrez nos solutions pour valoriser vos projets immobiliers.\",\"potentialAction\":[{\"@type\":\"SearchAction\",\"target\":{\"@type\":\"EntryPoint\",\"urlTemplate\":\"https:\/\/proview360.ch\/en\/?s={search_term_string}\"},\"query-input\":{\"@type\":\"PropertyValueSpecification\",\"valueRequired\":true,\"valueName\":\"search_term_string\"}}],\"inLanguage\":\"en-US\"},{\"@type\":\"Organization\",\"@id\":\"https:\/\/proview360.ch\/en\/#organization\",\"name\":\"Proview360 | Visuels 3D et Images de synth\u00e8se pour projets immobiliers \u00e0 Neuch\u00e2tel, Vaud, Gen\u00e8ve, Valais, Fribourg, Jura et Bern\",\"url\":\"https:\/\/proview360.ch\/en\/\",\"logo\":{\"@type\":\"ImageObject\",\"inLanguage\":\"en-US\",\"@id\":\"https:\/\/proview360.ch\/en\/#\/schema\/logo\/image\/\",\"url\":\"https:\/\/proview360.ch\/wp-content\/uploads\/2025\/08\/311809362_534987525300435_4125622516155104575_n.jpg\",\"contentUrl\":\"https:\/\/proview360.ch\/wp-content\/uploads\/2025\/08\/311809362_534987525300435_4125622516155104575_n.jpg\",\"width\":1040,\"height\":1040,\"caption\":\"Proview360 | Visuels 3D et Images de synth\u00e8se pour projets immobiliers \u00e0 Neuch\u00e2tel, Vaud, Gen\u00e8ve, Valais, Fribourg, Jura et Bern\"},\"image\":{\"@id\":\"https:\/\/proview360.ch\/en\/#\/schema\/logo\/image\/\"}}]}<\/script>\n<!-- \/ Yoast SEO plugin. -->","yoast_head_json":{"title":"Villa and apartment rental - Proview360","description":"Boost your villa and apartment rentals with immersive 3D virtual tours by Proview360, helping property owners attract more guests through realistic online property experiences.","robots":{"index":"index","follow":"follow","max-snippet":"max-snippet:-1","max-image-preview":"max-image-preview:large","max-video-preview":"max-video-preview:-1"},"canonical":"https:\/\/proview360.ch\/en\/villa-and-apartment-rental\/","og_locale":"en_US","og_type":"article","og_title":"Villa and apartment rental - Proview360","og_description":"Boost your villa and apartment rentals with immersive 3D virtual tours by Proview360, helping property owners attract more guests through realistic online property experiences.","og_url":"https:\/\/proview360.ch\/en\/villa-and-apartment-rental\/","og_site_name":"Proview360","article_modified_time":"2026-03-13T10:18:17+00:00","og_image":[{"width":1040,"height":1040,"url":"https:\/\/proview360.ch\/wp-content\/uploads\/2025\/08\/311809362_534987525300435_4125622516155104575_n.jpg","type":"image\/jpeg"}],"twitter_card":"summary_large_image","twitter_misc":{"Est. reading time":"1 minute"},"schema":{"@context":"https:\/\/schema.org","@graph":[{"@type":"WebPage","@id":"https:\/\/proview360.ch\/en\/villa-and-apartment-rental\/","url":"https:\/\/proview360.ch\/en\/villa-and-apartment-rental\/","name":"Villa and apartment rental - Proview360","isPartOf":{"@id":"https:\/\/proview360.ch\/en\/#website"},"datePublished":"2025-03-11T20:16:26+00:00","dateModified":"2026-03-13T10:18:17+00:00","description":"Boost your villa and apartment rentals with immersive 3D virtual tours by Proview360, helping property owners attract more guests through realistic online property experiences.","breadcrumb":{"@id":"https:\/\/proview360.ch\/en\/villa-and-apartment-rental\/#breadcrumb"},"inLanguage":"en-US","potentialAction":[{"@type":"ReadAction","target":["https:\/\/proview360.ch\/en\/villa-and-apartment-rental\/"]}]},{"@type":"BreadcrumbList","@id":"https:\/\/proview360.ch\/en\/villa-and-apartment-rental\/#breadcrumb","itemListElement":[{"@type":"ListItem","position":1,"name":"Home","item":"https:\/\/proview360.ch\/en\/"},{"@type":"ListItem","position":2,"name":"Villa and apartment rental"}]},{"@type":"WebSite","@id":"https:\/\/proview360.ch\/en\/#website","url":"https:\/\/proview360.ch\/en\/","name":"Proview360 | Visuels 3D et Images de synth\u00e8se pour projets immobiliers \u00e0 Neuch\u00e2tel, Vaud, Gen\u00e8ve, Valais, Fribourg, Jura et Bern","description":"Cr\u00e9ation visuels 3D, Images de synth\u00e8se 3D, Visites virtuelles, Projets immobiliers, Neuch\u00e2tel, Vaud, Gen\u00e8ve, Valais Fribourg, Jura, Bern, Visualisation immobili\u00e8re, Rendus, 3D, Proview360,","publisher":{"@id":"https:\/\/proview360.ch\/en\/#organization"},"alternateName":"Proview360 propose des services de cr\u00e9ation de visuels 3D, d'images de synth\u00e8se et de visites virtuelles pour des projets immobiliers \u00e0 Neuch\u00e2tel, Vaud, Gen\u00e8ve, Valais, Fribourg, Jura et Bern. D\u00e9couvrez nos solutions pour valoriser vos projets immobiliers.","potentialAction":[{"@type":"SearchAction","target":{"@type":"EntryPoint","urlTemplate":"https:\/\/proview360.ch\/en\/?s={search_term_string}"},"query-input":{"@type":"PropertyValueSpecification","valueRequired":true,"valueName":"search_term_string"}}],"inLanguage":"en-US"},{"@type":"Organization","@id":"https:\/\/proview360.ch\/en\/#organization","name":"Proview360 | Visuels 3D et Images de synth\u00e8se pour projets immobiliers \u00e0 Neuch\u00e2tel, Vaud, Gen\u00e8ve, Valais, Fribourg, Jura et Bern","url":"https:\/\/proview360.ch\/en\/","logo":{"@type":"ImageObject","inLanguage":"en-US","@id":"https:\/\/proview360.ch\/en\/#\/schema\/logo\/image\/","url":"https:\/\/proview360.ch\/wp-content\/uploads\/2025\/08\/311809362_534987525300435_4125622516155104575_n.jpg","contentUrl":"https:\/\/proview360.ch\/wp-content\/uploads\/2025\/08\/311809362_534987525300435_4125622516155104575_n.jpg","width":1040,"height":1040,"caption":"Proview360 | Visuels 3D et Images de synth\u00e8se pour projets immobiliers \u00e0 Neuch\u00e2tel, Vaud, Gen\u00e8ve, Valais, Fribourg, Jura et Bern"},"image":{"@id":"https:\/\/proview360.ch\/en\/#\/schema\/logo\/image\/"}}]}},"_links":{"self":[{"href":"https:\/\/proview360.ch\/en\/wp-json\/wp\/v2\/pages\/1112","targetHints":{"allow":["GET"]}}],"collection":[{"href":"https:\/\/proview360.ch\/en\/wp-json\/wp\/v2\/pages"}],"about":[{"href":"https:\/\/proview360.ch\/en\/wp-json\/wp\/v2\/types\/page"}],"author":[{"embeddable":true,"href":"https:\/\/proview360.ch\/en\/wp-json\/wp\/v2\/users\/1"}],"replies":[{"embeddable":true,"href":"https:\/\/proview360.ch\/en\/wp-json\/wp\/v2\/comments?post=1112"}],"version-history":[{"count":2,"href":"https:\/\/proview360.ch\/en\/wp-json\/wp\/v2\/pages\/1112\/revisions"}],"predecessor-version":[{"id":4481,"href":"https:\/\/proview360.ch\/en\/wp-json\/wp\/v2\/pages\/1112\/revisions\/4481"}],"wp:attachment":[{"href":"https:\/\/proview360.ch\/en\/wp-json\/wp\/v2\/media?parent=1112"}],"curies":[{"name":"wp","href":"https:\/\/api.w.org\/{rel}","templated":true}]}}