{"id":1106,"date":"2025-03-11T20:15:08","date_gmt":"2025-03-11T20:15:08","guid":{"rendered":"https:\/\/proview360.ch\/immobilier\/"},"modified":"2025-08-23T21:56:45","modified_gmt":"2025-08-23T21:56:45","slug":"3d-vizualization-real-estate","status":"publish","type":"page","link":"https:\/\/proview360.ch\/en\/3d-vizualization-real-estate\/","title":{"rendered":"3D Vizualization for Real Estate"},"content":{"rendered":"\r\n            <style>\r\n                 .hero-section-block-69d466b9b71c8 {\r\n                    background-image: url(https:\/\/proview360.ch\/wp-content\/uploads\/2025\/06\/DSC_3537-scaled.jpg);\r\n                    background-attachment: fixed;\r\n                    background-size: cover;  \r\n                    background-repeat: no-repeat; \r\n                    background-position: center center;\r\n                    color:  var(--proview-white);\r\n                }\r\n        \r\n                @media (max-width: 1024px) {\r\n                     .hero-section-block-69d466b9b71c8 {\r\n                        background-attachment: scroll;\r\n                    }\r\n                }\r\n        <\/style><section class=\"hero-section-block hero-section-block-69d466b9b71c8\">   \r\n            <div class=\"container hero-section-container hero-section-banner-1 \">\r\n                    <div class=\"hero-section d-flex flex-column align-items-left justify-content-center text-left\">\r\n                \r\n                        <h1 class=\"hero-title\">Immersive 3D Visualization for Real Estate: Sell Properties 50% Faster with Virtual Tours from Architectural Plans<\/h1>\r\n                        <p  id=\"padding-block-69d466b9b71ca\" class=\"hero-description\"><\/p>\r\n                            \r\n                    \r\n                <\/div>\r\n            <\/div>\r\n        <\/section>\n\n<section id=\"\" class=\"text-block  space-bottom-yes space-top-yes text-block-id-69d466b9b728d bg-color-gray text-color-black\">\r\n                    <div class=\"d-none container d-lg-flex justify-content-between align-items-center align-items-xl-start gap-5\">\r\n                       <div class=\" col-lg-6 col-xl-7\">\r\n                            \r\n                            <div class=\"row text\">\r\n                        <div class=\"col\">\r\n                            <div class=\"textBlock-text mt-4 text-block-sRichText\">\r\n                                <p class=\"wp-block-gn-image-text-block\">Our photorealistic 3D virtual tours help real estate professionals close deals 2x faster by letting buyers:<\/p>\n<p>Walk through unfinished properties using only 2D architectural plans (DWG\/CAD).<br \/>Customize finishes (walls, floors, kitchens) in real time.<br \/>Explore 360\u00b0 views from balconies\/terraces pre-construction.<\/p>\n<p>Trusted by 100+ agencies across Switzerland, we convert blueprints into interactive experiences that eliminate buyer hesitation and boost sales.<\/p>\n\r\n                            <\/div>\r\n                        <\/div>                                        \r\n                    <\/div>\r\n                        <\/div>\r\n                         <div class=\"col-lg-6 col-xl-5 d-flex justify-content-center\">\r\n                            <img alt='C5 Louisaubert' class='img-fluid mt-2' src='https:\/\/proview360.ch\/wp-content\/uploads\/2025\/06\/C5_louisaubert-scaled.jpg' \/>\r\n                        <\/div>\r\n                        \r\n                    <\/div>\r\n                    \r\n                    <div class=\"d-flex container d-lg-none justify-content-between align-items-center align-items-xl-start gap-5\">\r\n                       <div class=\"col-12\">\r\n                            \r\n                            <div class=\"d-flex justify-content-center py-3\">\r\n                                <img alt='C5 Louisaubert' class='img-fluid mt-2' src='https:\/\/proview360.ch\/wp-content\/uploads\/2025\/06\/C5_louisaubert-scaled.jpg' \/>\r\n                            <\/div>\r\n                            <div class=\"row text\">\r\n                        <div class=\"col\">\r\n                            <div class=\"textBlock-text mt-4 text-block-sRichText\">\r\n                                <p class=\"wp-block-gn-image-text-block\">Our photorealistic 3D virtual tours help real estate professionals close deals 2x faster by letting buyers:<\/p>\n<p>Walk through unfinished properties using only 2D architectural plans (DWG\/CAD).<br \/>Customize finishes (walls, floors, kitchens) in real time.<br \/>Explore 360\u00b0 views from balconies\/terraces pre-construction.<\/p>\n<p>Trusted by 100+ agencies across Switzerland, we convert blueprints into interactive experiences that eliminate buyer hesitation and boost sales.<\/p>\n\r\n                            <\/div>\r\n                        <\/div>                                        \r\n                    <\/div>\r\n                        <\/div>\r\n                    <\/div>\r\n            <\/section>\r\n            \n\n<section id=\"\" class=\"text-block  space-bottom-yes space-top-no text-block-id-69d466b9b780a bg-color-gray text-color-black\">\r\n                    <div class=\"d-none container d-lg-flex justify-content-between align-items-center align-items-xl-start gap-5\">\r\n                       <div class=\" col-lg-6 col-xl-7\">\r\n                            <div class=\"row order-1\">                                        \r\n                        <div class=\"col pb-4\">\r\n                            <h2 class=\"textBlock-headline \">Benefits of <br\/><span class='text-bold'>3D Virtual Tours<\/span><\/h2>\r\n                        <\/div>       \r\n                    <\/div>\r\n                            <div class=\"row text\">\r\n                        <div class=\"col\">\r\n                            <div class=\"textBlock-text mt-4 text-block-sRichText\">\r\n                                <p class=\"wp-block-gn-image-text-block\"><strong>50% Faster Sales Cycles:<\/strong> Buyers spend 3x longer exploring 3D tours vs. static photos.<br \/><strong>Reduce Buyer Remorse:<\/strong> Let clients \u201ctest\u201d finishes (parquet, tiles, paint colors) upfront.<br \/><strong>SEO-Friendly Tours:<\/strong> Embeddable tours rank on Google for \u201c[City] + luxury apartment 3D tour\u201d.<br \/><strong>Swiss Precision:<\/strong> Punctual delivery (avg. 5-day turnaround) with Matterport\u00ae-grade quality.<\/p>\n\r\n                            <\/div>\r\n                        <\/div>                                        \r\n                    <\/div>\r\n                        <\/div>\r\n                         <div class=\"col-lg-6 col-xl-5 d-flex justify-content-center\">\r\n                            <img alt='R4 Apt1 4.5pcs Sejour B' class='img-fluid mt-2' src='https:\/\/proview360.ch\/wp-content\/uploads\/2025\/06\/R4_apt1_4.5pcs_sejour_b-scaled.jpg' \/>\r\n                        <\/div>\r\n                        \r\n                    <\/div>\r\n                    \r\n                    <div class=\"d-flex container d-lg-none justify-content-between align-items-center align-items-xl-start gap-5\">\r\n                       <div class=\"col-12\">\r\n                            <div class=\"row order-1\">                                        \r\n                        <div class=\"col pb-4\">\r\n                            <h2 class=\"textBlock-headline \">Benefits of <br\/><span class='text-bold'>3D Virtual Tours<\/span><\/h2>\r\n                        <\/div>       \r\n                    <\/div>\r\n                            <div class=\"d-flex justify-content-center py-3\">\r\n                                <img alt='R4 Apt1 4.5pcs Sejour B' class='img-fluid mt-2' src='https:\/\/proview360.ch\/wp-content\/uploads\/2025\/06\/R4_apt1_4.5pcs_sejour_b-scaled.jpg' \/>\r\n                            <\/div>\r\n                            <div class=\"row text\">\r\n                        <div class=\"col\">\r\n                            <div class=\"textBlock-text mt-4 text-block-sRichText\">\r\n                                <p class=\"wp-block-gn-image-text-block\"><strong>50% Faster Sales Cycles:<\/strong> Buyers spend 3x longer exploring 3D tours vs. static photos.<br \/><strong>Reduce Buyer Remorse:<\/strong> Let clients \u201ctest\u201d finishes (parquet, tiles, paint colors) upfront.<br \/><strong>SEO-Friendly Tours:<\/strong> Embeddable tours rank on Google for \u201c[City] + luxury apartment 3D tour\u201d.<br \/><strong>Swiss Precision:<\/strong> Punctual delivery (avg. 5-day turnaround) with Matterport\u00ae-grade quality.<\/p>\n\r\n                            <\/div>\r\n                        <\/div>                                        \r\n                    <\/div>\r\n                        <\/div>\r\n                    <\/div>\r\n            <\/section>\r\n            \n\n<section id=\"\" class=\"text-block  space-bottom-yes space-top-no text-block-id-69d466b9b7aa8 bg-color-gray text-color-black\">\r\n                    <div class=\"d-none container d-lg-flex justify-content-between align-items-center align-items-xl-start gap-5\">\r\n                       <div class=\" col-lg-6 col-xl-7\">\r\n                            <div class=\"row order-1\">                                        \r\n                        <div class=\"col pb-4\">\r\n                            <h2 class=\"textBlock-headline \">How <br\/><span class='text-bold'>It Works<\/span><\/h2>\r\n                        <\/div>       \r\n                    <\/div>\r\n                            <div class=\"row text\">\r\n                        <div class=\"col\">\r\n                            <div class=\"textBlock-text mt-4 text-block-sRichText\">\r\n                                <p class=\"wp-block-gn-image-text-block\">Simple 4-Step Process:<\/p>\n<p><strong>Share Plans:<\/strong> Upload DWG\/CAD files or blueprints (5-minute process).<br \/><strong>3D Modeling:<\/strong> We build photorealistic interiors\/exteriors.<br \/><strong>Customization:<\/strong> Add options for finishes, furniture, and lighting.<br \/><strong>Delivery:<\/strong> Receive a branded tour link + embed code for your website.<\/p>\n\r\n                            <\/div>\r\n                        <\/div>                                        \r\n                    <\/div>\r\n                        <\/div>\r\n                         <div class=\"col-lg-6 col-xl-5 d-flex justify-content-center\">\r\n                            <img alt='Thea Appartement T5 Cuisine V1' class='img-fluid mt-2' src='https:\/\/proview360.ch\/wp-content\/uploads\/2025\/06\/Thea_appartement_t5_cuisine_v1-scaled.jpg' \/>\r\n                        <\/div>\r\n                        \r\n                    <\/div>\r\n                    \r\n                    <div class=\"d-flex container d-lg-none justify-content-between align-items-center align-items-xl-start gap-5\">\r\n                       <div class=\"col-12\">\r\n                            <div class=\"row order-1\">                                        \r\n                        <div class=\"col pb-4\">\r\n                            <h2 class=\"textBlock-headline \">How <br\/><span class='text-bold'>It Works<\/span><\/h2>\r\n                        <\/div>       \r\n                    <\/div>\r\n                            <div class=\"d-flex justify-content-center py-3\">\r\n                                <img alt='Thea Appartement T5 Cuisine V1' class='img-fluid mt-2' src='https:\/\/proview360.ch\/wp-content\/uploads\/2025\/06\/Thea_appartement_t5_cuisine_v1-scaled.jpg' \/>\r\n                            <\/div>\r\n                            <div class=\"row text\">\r\n                        <div class=\"col\">\r\n                            <div class=\"textBlock-text mt-4 text-block-sRichText\">\r\n                                <p class=\"wp-block-gn-image-text-block\">Simple 4-Step Process:<\/p>\n<p><strong>Share Plans:<\/strong> Upload DWG\/CAD files or blueprints (5-minute process).<br \/><strong>3D Modeling:<\/strong> We build photorealistic interiors\/exteriors.<br \/><strong>Customization:<\/strong> Add options for finishes, furniture, and lighting.<br \/><strong>Delivery:<\/strong> Receive a branded tour link + embed code for your website.<\/p>\n\r\n                            <\/div>\r\n                        <\/div>                                        \r\n                    <\/div>\r\n                        <\/div>\r\n                    <\/div>\r\n            <\/section>\r\n            \n\n<section id=\"\" class=\"text-block  space-bottom-yes space-top-no text-block-id-69d466b9b7d12 bg-color-gray text-color-black\">\r\n                    <div class=\"d-none container d-lg-flex justify-content-between align-items-center align-items-xl-start gap-5\">\r\n                       <div class=\" col-lg-6 col-xl-7\">\r\n                            <div class=\"row order-1\">                                        \r\n                        <div class=\"col pb-4\">\r\n                            <h2 class=\"textBlock-headline \">Use <br\/><span class='text-bold'>Cases<\/span><\/h2>\r\n                        <\/div>       \r\n                    <\/div>\r\n                            <div class=\"row text\">\r\n                        <div class=\"col\">\r\n                            <div class=\"textBlock-text mt-4 text-block-sRichText\">\r\n                                <p class=\"wp-block-gn-image-text-block\">For Swiss Real Estate Professionals:<\/p>\n<p><strong>Real Estate Agencies:<\/strong> Showcase unfinished properties with lifelike 3D walkthroughs.<br \/><strong>Luxury Developers: <\/strong>Market high-end villas with customizable interiors.<br \/><strong>Architects:<\/strong> Present designs to clients with interactive tours pre-construction.<\/p>\n\r\n                            <\/div>\r\n                        <\/div>                                        \r\n                    <\/div>\r\n                        <\/div>\r\n                         <div class=\"col-lg-6 col-xl-5 d-flex justify-content-center\">\r\n                            <img alt='Thea Appartement T5 Terrasse V2' class='img-fluid mt-2' src='https:\/\/proview360.ch\/wp-content\/uploads\/2025\/06\/Thea_appartement_t5_terrasse_v2-scaled.jpg' \/>\r\n                        <\/div>\r\n                        \r\n                    <\/div>\r\n                    \r\n                    <div class=\"d-flex container d-lg-none justify-content-between align-items-center align-items-xl-start gap-5\">\r\n                       <div class=\"col-12\">\r\n                            <div class=\"row order-1\">                                        \r\n                        <div class=\"col pb-4\">\r\n                            <h2 class=\"textBlock-headline \">Use <br\/><span class='text-bold'>Cases<\/span><\/h2>\r\n                        <\/div>       \r\n                    <\/div>\r\n                            <div class=\"d-flex justify-content-center py-3\">\r\n                                <img alt='Thea Appartement T5 Terrasse V2' class='img-fluid mt-2' src='https:\/\/proview360.ch\/wp-content\/uploads\/2025\/06\/Thea_appartement_t5_terrasse_v2-scaled.jpg' \/>\r\n                            <\/div>\r\n                            <div class=\"row text\">\r\n                        <div class=\"col\">\r\n                            <div class=\"textBlock-text mt-4 text-block-sRichText\">\r\n                                <p class=\"wp-block-gn-image-text-block\">For Swiss Real Estate Professionals:<\/p>\n<p><strong>Real Estate Agencies:<\/strong> Showcase unfinished properties with lifelike 3D walkthroughs.<br \/><strong>Luxury Developers: <\/strong>Market high-end villas with customizable interiors.<br \/><strong>Architects:<\/strong> Present designs to clients with interactive tours pre-construction.<\/p>\n\r\n                            <\/div>\r\n                        <\/div>                                        \r\n                    <\/div>\r\n                        <\/div>\r\n                    <\/div>\r\n            <\/section>\r\n            \n\n<section class=\"get-in-touch-block bg-color-grayblue\">  \r\n              <div class=\"d-flex flex-column-reverse flex-lg-row justify-content-between align-items-lg-center container\">              \r\n                    <div class=\"col-12 col-lg-9\">\r\n                        <a class=\"btn-full btn-full-red\" href=\"\/en\/get-a-qoute\/\">Get a quote<\/a>\r\n                    <\/div>     \r\n                    <div class=\"right-side col-12 col-lg-3\">\r\n                        <img decoding=\"async\" class=\"get-in-touch-img\" src=\"https:\/\/proview360.ch\/wp-content\/uploads\/2025\/03\/images_matterportBuilding.png\" alt=\" Images MatterportBuilding\">\r\n                    <\/div>  \r\n                <\/div>                                                         \r\n            <\/section>","protected":false},"excerpt":{"rendered":"","protected":false},"author":1,"featured_media":0,"parent":0,"menu_order":0,"comment_status":"closed","ping_status":"closed","template":"","meta":{"footnotes":""},"class_list":["post-1106","page","type-page","status-publish","hentry"],"yoast_head":"<!-- This site is optimized with the Yoast SEO plugin v27.2 - https:\/\/yoast.com\/product\/yoast-seo-wordpress\/ -->\n<title>3D Vizualization for Real Estate: Sell Properties 50% Faster<\/title>\n<meta name=\"description\" content=\"3D Visualization for Real Estate \u2013 Transform 2D blueprints into immersive tours that accelerate sales and engage buyers.\" \/>\n<meta name=\"robots\" content=\"index, follow, max-snippet:-1, max-image-preview:large, max-video-preview:-1\" \/>\n<link rel=\"canonical\" href=\"https:\/\/proview360.ch\/en\/3d-vizualization-real-estate\/\" \/>\n<meta property=\"og:locale\" content=\"en_US\" \/>\n<meta property=\"og:type\" content=\"article\" \/>\n<meta property=\"og:title\" content=\"3D Vizualization for Real Estate: Sell Properties 50% Faster\" \/>\n<meta property=\"og:description\" content=\"3D Visualization for Real Estate \u2013 Transform 2D blueprints into immersive tours that accelerate sales and engage buyers.\" \/>\n<meta property=\"og:url\" content=\"https:\/\/proview360.ch\/en\/3d-vizualization-real-estate\/\" \/>\n<meta property=\"og:site_name\" content=\"Proview360\" \/>\n<meta property=\"article:modified_time\" content=\"2025-08-23T21:56:45+00:00\" \/>\n<meta property=\"og:image\" content=\"https:\/\/proview360.ch\/wp-content\/uploads\/2025\/08\/311809362_534987525300435_4125622516155104575_n.jpg\" \/>\n\t<meta property=\"og:image:width\" content=\"1040\" \/>\n\t<meta property=\"og:image:height\" content=\"1040\" \/>\n\t<meta property=\"og:image:type\" content=\"image\/jpeg\" \/>\n<meta name=\"twitter:card\" content=\"summary_large_image\" \/>\n<meta name=\"twitter:label1\" content=\"Est. reading time\" \/>\n\t<meta name=\"twitter:data1\" content=\"1 minute\" \/>\n<script type=\"application\/ld+json\" class=\"yoast-schema-graph\">{\"@context\":\"https:\/\/schema.org\",\"@graph\":[{\"@type\":\"WebPage\",\"@id\":\"https:\/\/proview360.ch\/en\/3d-vizualization-real-estate\/\",\"url\":\"https:\/\/proview360.ch\/en\/3d-vizualization-real-estate\/\",\"name\":\"3D Vizualization for Real Estate: Sell Properties 50% Faster\",\"isPartOf\":{\"@id\":\"https:\/\/proview360.ch\/en\/#website\"},\"datePublished\":\"2025-03-11T20:15:08+00:00\",\"dateModified\":\"2025-08-23T21:56:45+00:00\",\"description\":\"3D Visualization for Real Estate \u2013 Transform 2D blueprints into immersive tours that accelerate sales and engage buyers.\",\"breadcrumb\":{\"@id\":\"https:\/\/proview360.ch\/en\/3d-vizualization-real-estate\/#breadcrumb\"},\"inLanguage\":\"en-US\",\"potentialAction\":[{\"@type\":\"ReadAction\",\"target\":[\"https:\/\/proview360.ch\/en\/3d-vizualization-real-estate\/\"]}]},{\"@type\":\"BreadcrumbList\",\"@id\":\"https:\/\/proview360.ch\/en\/3d-vizualization-real-estate\/#breadcrumb\",\"itemListElement\":[{\"@type\":\"ListItem\",\"position\":1,\"name\":\"Home\",\"item\":\"https:\/\/proview360.ch\/en\/\"},{\"@type\":\"ListItem\",\"position\":2,\"name\":\"3D Vizualization for Real Estate\"}]},{\"@type\":\"WebSite\",\"@id\":\"https:\/\/proview360.ch\/en\/#website\",\"url\":\"https:\/\/proview360.ch\/en\/\",\"name\":\"Proview360 | Visuels 3D et Images de synth\u00e8se pour projets immobiliers \u00e0 Neuch\u00e2tel, Vaud, Gen\u00e8ve, Valais, Fribourg, Jura et Bern\",\"description\":\"Cr\u00e9ation visuels 3D, Images de synth\u00e8se 3D, Visites virtuelles, Projets immobiliers, Neuch\u00e2tel, Vaud, Gen\u00e8ve, Valais Fribourg, Jura, Bern, Visualisation immobili\u00e8re, Rendus, 3D, Proview360,\",\"publisher\":{\"@id\":\"https:\/\/proview360.ch\/en\/#organization\"},\"alternateName\":\"Proview360 propose des services de cr\u00e9ation de visuels 3D, d'images de synth\u00e8se et de visites virtuelles pour des projets immobiliers \u00e0 Neuch\u00e2tel, Vaud, Gen\u00e8ve, Valais, Fribourg, Jura et Bern. D\u00e9couvrez nos solutions pour valoriser vos projets immobiliers.\",\"potentialAction\":[{\"@type\":\"SearchAction\",\"target\":{\"@type\":\"EntryPoint\",\"urlTemplate\":\"https:\/\/proview360.ch\/en\/?s={search_term_string}\"},\"query-input\":{\"@type\":\"PropertyValueSpecification\",\"valueRequired\":true,\"valueName\":\"search_term_string\"}}],\"inLanguage\":\"en-US\"},{\"@type\":\"Organization\",\"@id\":\"https:\/\/proview360.ch\/en\/#organization\",\"name\":\"Proview360 | Visuels 3D et Images de synth\u00e8se pour projets immobiliers \u00e0 Neuch\u00e2tel, Vaud, Gen\u00e8ve, Valais, Fribourg, Jura et Bern\",\"url\":\"https:\/\/proview360.ch\/en\/\",\"logo\":{\"@type\":\"ImageObject\",\"inLanguage\":\"en-US\",\"@id\":\"https:\/\/proview360.ch\/en\/#\/schema\/logo\/image\/\",\"url\":\"https:\/\/proview360.ch\/wp-content\/uploads\/2025\/08\/311809362_534987525300435_4125622516155104575_n.jpg\",\"contentUrl\":\"https:\/\/proview360.ch\/wp-content\/uploads\/2025\/08\/311809362_534987525300435_4125622516155104575_n.jpg\",\"width\":1040,\"height\":1040,\"caption\":\"Proview360 | Visuels 3D et Images de synth\u00e8se pour projets immobiliers \u00e0 Neuch\u00e2tel, Vaud, Gen\u00e8ve, Valais, Fribourg, Jura et Bern\"},\"image\":{\"@id\":\"https:\/\/proview360.ch\/en\/#\/schema\/logo\/image\/\"}}]}<\/script>\n<!-- \/ Yoast SEO plugin. -->","yoast_head_json":{"title":"3D Vizualization for Real Estate: Sell Properties 50% Faster","description":"3D Visualization for Real Estate \u2013 Transform 2D blueprints into immersive tours that accelerate sales and engage buyers.","robots":{"index":"index","follow":"follow","max-snippet":"max-snippet:-1","max-image-preview":"max-image-preview:large","max-video-preview":"max-video-preview:-1"},"canonical":"https:\/\/proview360.ch\/en\/3d-vizualization-real-estate\/","og_locale":"en_US","og_type":"article","og_title":"3D Vizualization for Real Estate: Sell Properties 50% Faster","og_description":"3D Visualization for Real Estate \u2013 Transform 2D blueprints into immersive tours that accelerate sales and engage buyers.","og_url":"https:\/\/proview360.ch\/en\/3d-vizualization-real-estate\/","og_site_name":"Proview360","article_modified_time":"2025-08-23T21:56:45+00:00","og_image":[{"width":1040,"height":1040,"url":"https:\/\/proview360.ch\/wp-content\/uploads\/2025\/08\/311809362_534987525300435_4125622516155104575_n.jpg","type":"image\/jpeg"}],"twitter_card":"summary_large_image","twitter_misc":{"Est. reading time":"1 minute"},"schema":{"@context":"https:\/\/schema.org","@graph":[{"@type":"WebPage","@id":"https:\/\/proview360.ch\/en\/3d-vizualization-real-estate\/","url":"https:\/\/proview360.ch\/en\/3d-vizualization-real-estate\/","name":"3D Vizualization for Real Estate: Sell Properties 50% Faster","isPartOf":{"@id":"https:\/\/proview360.ch\/en\/#website"},"datePublished":"2025-03-11T20:15:08+00:00","dateModified":"2025-08-23T21:56:45+00:00","description":"3D Visualization for Real Estate \u2013 Transform 2D blueprints into immersive tours that accelerate sales and engage buyers.","breadcrumb":{"@id":"https:\/\/proview360.ch\/en\/3d-vizualization-real-estate\/#breadcrumb"},"inLanguage":"en-US","potentialAction":[{"@type":"ReadAction","target":["https:\/\/proview360.ch\/en\/3d-vizualization-real-estate\/"]}]},{"@type":"BreadcrumbList","@id":"https:\/\/proview360.ch\/en\/3d-vizualization-real-estate\/#breadcrumb","itemListElement":[{"@type":"ListItem","position":1,"name":"Home","item":"https:\/\/proview360.ch\/en\/"},{"@type":"ListItem","position":2,"name":"3D Vizualization for Real Estate"}]},{"@type":"WebSite","@id":"https:\/\/proview360.ch\/en\/#website","url":"https:\/\/proview360.ch\/en\/","name":"Proview360 | Visuels 3D et Images de synth\u00e8se pour projets immobiliers \u00e0 Neuch\u00e2tel, Vaud, Gen\u00e8ve, Valais, Fribourg, Jura et Bern","description":"Cr\u00e9ation visuels 3D, Images de synth\u00e8se 3D, Visites virtuelles, Projets immobiliers, Neuch\u00e2tel, Vaud, Gen\u00e8ve, Valais Fribourg, Jura, Bern, Visualisation immobili\u00e8re, Rendus, 3D, Proview360,","publisher":{"@id":"https:\/\/proview360.ch\/en\/#organization"},"alternateName":"Proview360 propose des services de cr\u00e9ation de visuels 3D, d'images de synth\u00e8se et de visites virtuelles pour des projets immobiliers \u00e0 Neuch\u00e2tel, Vaud, Gen\u00e8ve, Valais, Fribourg, Jura et Bern. D\u00e9couvrez nos solutions pour valoriser vos projets immobiliers.","potentialAction":[{"@type":"SearchAction","target":{"@type":"EntryPoint","urlTemplate":"https:\/\/proview360.ch\/en\/?s={search_term_string}"},"query-input":{"@type":"PropertyValueSpecification","valueRequired":true,"valueName":"search_term_string"}}],"inLanguage":"en-US"},{"@type":"Organization","@id":"https:\/\/proview360.ch\/en\/#organization","name":"Proview360 | Visuels 3D et Images de synth\u00e8se pour projets immobiliers \u00e0 Neuch\u00e2tel, Vaud, Gen\u00e8ve, Valais, Fribourg, Jura et Bern","url":"https:\/\/proview360.ch\/en\/","logo":{"@type":"ImageObject","inLanguage":"en-US","@id":"https:\/\/proview360.ch\/en\/#\/schema\/logo\/image\/","url":"https:\/\/proview360.ch\/wp-content\/uploads\/2025\/08\/311809362_534987525300435_4125622516155104575_n.jpg","contentUrl":"https:\/\/proview360.ch\/wp-content\/uploads\/2025\/08\/311809362_534987525300435_4125622516155104575_n.jpg","width":1040,"height":1040,"caption":"Proview360 | Visuels 3D et Images de synth\u00e8se pour projets immobiliers \u00e0 Neuch\u00e2tel, Vaud, Gen\u00e8ve, Valais, Fribourg, Jura et Bern"},"image":{"@id":"https:\/\/proview360.ch\/en\/#\/schema\/logo\/image\/"}}]}},"_links":{"self":[{"href":"https:\/\/proview360.ch\/en\/wp-json\/wp\/v2\/pages\/1106","targetHints":{"allow":["GET"]}}],"collection":[{"href":"https:\/\/proview360.ch\/en\/wp-json\/wp\/v2\/pages"}],"about":[{"href":"https:\/\/proview360.ch\/en\/wp-json\/wp\/v2\/types\/page"}],"author":[{"embeddable":true,"href":"https:\/\/proview360.ch\/en\/wp-json\/wp\/v2\/users\/1"}],"replies":[{"embeddable":true,"href":"https:\/\/proview360.ch\/en\/wp-json\/wp\/v2\/comments?post=1106"}],"version-history":[{"count":29,"href":"https:\/\/proview360.ch\/en\/wp-json\/wp\/v2\/pages\/1106\/revisions"}],"predecessor-version":[{"id":4422,"href":"https:\/\/proview360.ch\/en\/wp-json\/wp\/v2\/pages\/1106\/revisions\/4422"}],"wp:attachment":[{"href":"https:\/\/proview360.ch\/en\/wp-json\/wp\/v2\/media?parent=1106"}],"curies":[{"name":"wp","href":"https:\/\/api.w.org\/{rel}","templated":true}]}}