{"id":1075,"date":"2025-03-11T20:17:08","date_gmt":"2025-03-11T20:17:08","guid":{"rendered":"https:\/\/proview360.ch\/contact\/"},"modified":"2026-02-12T13:13:24","modified_gmt":"2026-02-12T13:13:24","slug":"contact","status":"publish","type":"page","link":"https:\/\/proview360.ch\/en\/contact\/","title":{"rendered":"Contact"},"content":{"rendered":"\r\n            <style>\r\n                 .hero-section-block-69d453973ab8f {\r\n                    background-image: url(https:\/\/proview360.ch\/wp-content\/uploads\/2025\/04\/contactus.jpg);\r\n                    background-attachment: scroll;\r\n                    background-size: cover;  \r\n                    background-repeat: no-repeat; \r\n                    background-position: center center;\r\n                    color:  var(--proview-black);\r\n                }\r\n        \r\n                @media (max-width: 1024px) {\r\n                     .hero-section-block-69d453973ab8f {\r\n                        background-attachment: scroll;\r\n                    }\r\n                }\r\n        <\/style><section class=\"hero-section-block hero-section-block-69d453973ab8f\">   \r\n            <div class=\"container hero-section-container hero-section-banner-1 hero-image-extra-class\">\r\n                    <div class=\"hero-section d-flex flex-column align-items-left justify-content-center text-left\">\r\n                \r\n                        <h1 class=\"hero-title\">Contact us<\/h1>\r\n                        <p  id=\"padding-block-69d453973ab90\" class=\"hero-description\"><\/p>\r\n                            \r\n                    <img decoding=\"async\" src=\"https:\/\/proview360.ch\/wp-content\/uploads\/2025\/03\/photographieIcon.svg\" class=\"hero-image-icons\" alt=\"PhotographieIcon\">\r\n                <\/div>\r\n            <\/div>\r\n        <\/section>\n\n\n<div style=\"height:100px\" aria-hidden=\"true\" class=\"wp-block-spacer\"><\/div>\n\n\n\n<div class=\"wp-block-group container gn-container-grid is-layout-grid wp-container-core-group-is-layout-baef362d wp-block-group-is-layout-grid\">\r\n        <section class=\"py-5 employee-block employee-block-with-logo employee-block-id-69d453973af5f bg-color-gray\">\r\n                <div class=\"container\">\r\n                    <div class=\"row\">\r\n                    <div class=\"d-flex flex-column flex-lg-row align-items-top gap-4\">\r\n                        <div class=\"\">\r\n                          <img decoding=\"async\" class=\"employee-image\" src=\"https:\/\/proview360.ch\/wp-content\/uploads\/2025\/04\/Kushtrim-Jashari.jpg\" alt=\"Employee Image Kushtrim Jashari\">\r\n                        <\/div>\r\n                        <div class=\"\">\r\n                               <p class=\"gn-h3\">Kushtrim Jashari<\/p> \r\n                               <p class=\"job-title text-color-red mb-2\">Director<\/p> \r\n                               <a href=\"tel:0041798938700\">+41 79 893 87 00<\/a><br>\r\n                               <a href=\"mailto:info@proview360.ch\">info@proview360.ch<\/a>\r\n                               \r\n                               <div class=\"mt-5 d-flex gap-2\">\r\n                                   \r\n                        <div class=\"position-relative d-inline-block\">\r\n                            <img decoding=\"async\" src=\"https:\/\/proview360.ch\/wp-content\/themes\/proview360\/assets\/img\/vectors\/languageIcon_2.svg\" alt=\"Language Bg Image\" class=\"img-fluid\">\r\n                            <span class=\"position-absolute top-50 start-50 translate-middle bg-white text-danger fw-regular\">\r\n                                FR\r\n                            <\/span>\r\n                        <\/div>\r\n                                   \r\n                        <div class=\"position-relative d-inline-block\">\r\n                            <img decoding=\"async\" src=\"https:\/\/proview360.ch\/wp-content\/themes\/proview360\/assets\/img\/vectors\/languageIcon_2.svg\" alt=\"Language Bg Image\" class=\"img-fluid\">\r\n                            <span class=\"position-absolute top-50 start-50 translate-middle bg-white text-danger fw-regular\">\r\n                                EN\r\n                            <\/span>\r\n                        <\/div>\r\n                                   \r\n                               <\/div>\r\n                        <\/div>\r\n           \r\n                <\/div>                                            \r\n            <\/section>\n\n\n<div class=\"wp-block-contact-form-7-contact-form-selector\">\n<div class=\"wpcf7 no-js\" id=\"wpcf7-f1079-o1\" lang=\"en-US\" dir=\"ltr\" data-wpcf7-id=\"1079\">\n<div class=\"screen-reader-response\"><p role=\"status\" aria-live=\"polite\" aria-atomic=\"true\"><\/p> <ul><\/ul><\/div>\n<form action=\"\/en\/wp-json\/wp\/v2\/pages\/1075#wpcf7-f1079-o1\" method=\"post\" class=\"wpcf7-form init\" aria-label=\"Contact form\" novalidate=\"novalidate\" data-status=\"init\">\n<fieldset class=\"hidden-fields-container\"><input type=\"hidden\" name=\"_wpcf7\" value=\"1079\" \/><input type=\"hidden\" name=\"_wpcf7_version\" value=\"6.1.5\" \/><input type=\"hidden\" name=\"_wpcf7_locale\" value=\"en_US\" \/><input type=\"hidden\" name=\"_wpcf7_unit_tag\" value=\"wpcf7-f1079-o1\" \/><input type=\"hidden\" name=\"_wpcf7_container_post\" value=\"0\" \/><input type=\"hidden\" name=\"_wpcf7_posted_data_hash\" value=\"\" \/><input type=\"hidden\" name=\"_wpcf7_recaptcha_response\" value=\"\" \/>\n<\/fieldset>\n<div class=\"row\">\n\t<div class=\"col-md-12 mb-3\">\n\t\t<div class=\"position-relative\">\n\t\t\t<p><span class=\"form-icon\"><i class=\"bi bi-person\"><\/i><\/span><br \/>\n<span class=\"wpcf7-form-control-wrap\" data-name=\"your-name\"><input size=\"40\" maxlength=\"400\" class=\"wpcf7-form-control wpcf7-text wpcf7-validates-as-required form-control\" aria-required=\"true\" aria-invalid=\"false\" placeholder=\"First and Last Name\" value=\"\" type=\"text\" name=\"your-name\" \/><\/span>\n\t\t\t<\/p>\n\t\t<\/div>\n\t<\/div>\n\t<div class=\"col-md-12 mb-3\">\n\t\t<div class=\"position-relative\">\n\t\t\t<p><span class=\"form-icon\"><i class=\"bi bi-telephone\"><\/i><\/span><br \/>\n<span class=\"wpcf7-form-control-wrap\" data-name=\"your-phone\"><input size=\"40\" maxlength=\"400\" class=\"wpcf7-form-control wpcf7-tel wpcf7-validates-as-required wpcf7-text wpcf7-validates-as-tel form-control\" aria-required=\"true\" aria-invalid=\"false\" placeholder=\"Phone Number\" value=\"\" type=\"tel\" name=\"your-phone\" \/><\/span>\n\t\t\t<\/p>\n\t\t<\/div>\n\t<\/div>\n\t<div class=\"col-md-12 mb-3\">\n\t\t<div class=\"position-relative\">\n\t\t\t<p><span class=\"form-icon\"><i class=\"bi bi-envelope\"><\/i><\/span><br \/>\n<span class=\"wpcf7-form-control-wrap\" data-name=\"your-email\"><input size=\"40\" maxlength=\"400\" class=\"wpcf7-form-control wpcf7-email wpcf7-validates-as-required wpcf7-text wpcf7-validates-as-email form-control\" aria-required=\"true\" aria-invalid=\"false\" placeholder=\"E-mail\" value=\"\" type=\"email\" name=\"your-email\" \/><\/span>\n\t\t\t<\/p>\n\t\t<\/div>\n\t<\/div>\n\t<div class=\"col-md-12 mb-3\">\n\t\t<div class=\"position-relative\">\n\t\t\t<p><span class=\"form-icon\"><i class=\"bi bi-chat-left-text\"><\/i><\/span><br \/>\n<span class=\"wpcf7-form-control-wrap\" data-name=\"your-message\"><textarea cols=\"40\" rows=\"5\" maxlength=\"2000\" class=\"wpcf7-form-control wpcf7-textarea form-control\" aria-invalid=\"false\" placeholder=\"Message\" name=\"your-message\"><\/textarea><\/span>\n\t\t\t<\/p>\n\t\t<\/div>\n\t<\/div>\n\t<div class=\"col-md-12 mb-3\">\n\t\n\t<\/div>\n\t<p><span id=\"wpcf7-69d453973f6c6-wrapper\" class=\"wpcf7-form-control-wrap honeypot-619-wrap\" style=\"display:none !important; visibility:hidden !important;\"><input type=\"hidden\" name=\"honeypot-619-time-start\" value=\"1775522711\"><input type=\"hidden\" name=\"honeypot-619-time-check\" value=\"4\"><label for=\"wpcf7-69d453973f6c6-field\" class=\"hp-message\">Please leave this field empty.<\/label><input id=\"wpcf7-69d453973f6c6-field\"  class=\"wpcf7-form-control wpcf7-text\" type=\"text\" name=\"honeypot-619\" value=\"\" size=\"40\" tabindex=\"-1\" autocomplete=\"new-password\" \/><\/span>\n\t<\/p>\n\t<div class=\"col-md-12 text-center\">\n\t\t<p><input class=\"wpcf7-form-control wpcf7-submit has-spinner btn-full btn-full-red\" type=\"submit\" value=\"Send\" \/>\n\t\t<\/p>\n\t<\/div>\n<\/div><div class=\"wpcf7-response-output\" aria-hidden=\"true\"><\/div>\n<\/form>\n<\/div>\n<\/div>\n<\/div>\n\n\n\n<div style=\"height:100px\" aria-hidden=\"true\" class=\"wp-block-spacer\"><\/div>\n\n\n\n<p><\/p>\n","protected":false},"excerpt":{"rendered":"","protected":false},"author":1,"featured_media":0,"parent":0,"menu_order":0,"comment_status":"closed","ping_status":"closed","template":"","meta":{"footnotes":""},"class_list":["post-1075","page","type-page","status-publish","hentry"],"yoast_head":"<!-- This site is optimized with the Yoast SEO plugin v27.2 - https:\/\/yoast.com\/product\/yoast-seo-wordpress\/ -->\n<title>Contact ProView360 | 3D Real Estate Visualization in Switzerland<\/title>\n<meta name=\"description\" content=\"Contact ProView360 for 3D real estate visualization, virtual tours, and professional visual content services across Switzerland.\" \/>\n<meta name=\"robots\" content=\"index, follow, max-snippet:-1, max-image-preview:large, max-video-preview:-1\" \/>\n<link rel=\"canonical\" href=\"https:\/\/proview360.ch\/en\/contact\/\" \/>\n<meta property=\"og:locale\" content=\"en_US\" \/>\n<meta property=\"og:type\" content=\"article\" \/>\n<meta property=\"og:title\" content=\"Contact ProView360 | 3D Real Estate Visualization in Switzerland\" \/>\n<meta property=\"og:description\" content=\"Contact ProView360 for 3D real estate visualization, virtual tours, and professional visual content services across Switzerland.\" \/>\n<meta property=\"og:url\" content=\"https:\/\/proview360.ch\/en\/contact\/\" \/>\n<meta property=\"og:site_name\" content=\"Proview360\" \/>\n<meta property=\"article:modified_time\" content=\"2026-02-12T13:13:24+00:00\" \/>\n<meta property=\"og:image\" content=\"https:\/\/proview360.ch\/wp-content\/uploads\/2025\/08\/311809362_534987525300435_4125622516155104575_n.jpg\" \/>\n\t<meta property=\"og:image:width\" content=\"1040\" \/>\n\t<meta property=\"og:image:height\" content=\"1040\" \/>\n\t<meta property=\"og:image:type\" content=\"image\/jpeg\" \/>\n<meta name=\"twitter:card\" content=\"summary_large_image\" \/>\n<meta name=\"twitter:label1\" content=\"Est. reading time\" \/>\n\t<meta name=\"twitter:data1\" content=\"1 minute\" \/>\n<script type=\"application\/ld+json\" class=\"yoast-schema-graph\">{\"@context\":\"https:\/\/schema.org\",\"@graph\":[{\"@type\":\"WebPage\",\"@id\":\"https:\/\/proview360.ch\/en\/contact\/\",\"url\":\"https:\/\/proview360.ch\/en\/contact\/\",\"name\":\"Contact ProView360 | 3D Real Estate Visualization in Switzerland\",\"isPartOf\":{\"@id\":\"https:\/\/proview360.ch\/en\/#website\"},\"datePublished\":\"2025-03-11T20:17:08+00:00\",\"dateModified\":\"2026-02-12T13:13:24+00:00\",\"description\":\"Contact ProView360 for 3D real estate visualization, virtual tours, and professional visual content services across Switzerland.\",\"breadcrumb\":{\"@id\":\"https:\/\/proview360.ch\/en\/contact\/#breadcrumb\"},\"inLanguage\":\"en-US\",\"potentialAction\":[{\"@type\":\"ReadAction\",\"target\":[\"https:\/\/proview360.ch\/en\/contact\/\"]}]},{\"@type\":\"BreadcrumbList\",\"@id\":\"https:\/\/proview360.ch\/en\/contact\/#breadcrumb\",\"itemListElement\":[{\"@type\":\"ListItem\",\"position\":1,\"name\":\"Home\",\"item\":\"https:\/\/proview360.ch\/en\/\"},{\"@type\":\"ListItem\",\"position\":2,\"name\":\"Contact\"}]},{\"@type\":\"WebSite\",\"@id\":\"https:\/\/proview360.ch\/en\/#website\",\"url\":\"https:\/\/proview360.ch\/en\/\",\"name\":\"Proview360 | Visuels 3D et Images de synth\u00e8se pour projets immobiliers \u00e0 Neuch\u00e2tel, Vaud, Gen\u00e8ve, Valais, Fribourg, Jura et Bern\",\"description\":\"Cr\u00e9ation visuels 3D, Images de synth\u00e8se 3D, Visites virtuelles, Projets immobiliers, Neuch\u00e2tel, Vaud, Gen\u00e8ve, Valais Fribourg, Jura, Bern, Visualisation immobili\u00e8re, Rendus, 3D, Proview360,\",\"publisher\":{\"@id\":\"https:\/\/proview360.ch\/en\/#organization\"},\"alternateName\":\"Proview360 propose des services de cr\u00e9ation de visuels 3D, d'images de synth\u00e8se et de visites virtuelles pour des projets immobiliers \u00e0 Neuch\u00e2tel, Vaud, Gen\u00e8ve, Valais, Fribourg, Jura et Bern. D\u00e9couvrez nos solutions pour valoriser vos projets immobiliers.\",\"potentialAction\":[{\"@type\":\"SearchAction\",\"target\":{\"@type\":\"EntryPoint\",\"urlTemplate\":\"https:\/\/proview360.ch\/en\/?s={search_term_string}\"},\"query-input\":{\"@type\":\"PropertyValueSpecification\",\"valueRequired\":true,\"valueName\":\"search_term_string\"}}],\"inLanguage\":\"en-US\"},{\"@type\":\"Organization\",\"@id\":\"https:\/\/proview360.ch\/en\/#organization\",\"name\":\"Proview360 | Visuels 3D et Images de synth\u00e8se pour projets immobiliers \u00e0 Neuch\u00e2tel, Vaud, Gen\u00e8ve, Valais, Fribourg, Jura et Bern\",\"url\":\"https:\/\/proview360.ch\/en\/\",\"logo\":{\"@type\":\"ImageObject\",\"inLanguage\":\"en-US\",\"@id\":\"https:\/\/proview360.ch\/en\/#\/schema\/logo\/image\/\",\"url\":\"https:\/\/proview360.ch\/wp-content\/uploads\/2025\/08\/311809362_534987525300435_4125622516155104575_n.jpg\",\"contentUrl\":\"https:\/\/proview360.ch\/wp-content\/uploads\/2025\/08\/311809362_534987525300435_4125622516155104575_n.jpg\",\"width\":1040,\"height\":1040,\"caption\":\"Proview360 | Visuels 3D et Images de synth\u00e8se pour projets immobiliers \u00e0 Neuch\u00e2tel, Vaud, Gen\u00e8ve, Valais, Fribourg, Jura et Bern\"},\"image\":{\"@id\":\"https:\/\/proview360.ch\/en\/#\/schema\/logo\/image\/\"}}]}<\/script>\n<!-- \/ Yoast SEO plugin. -->","yoast_head_json":{"title":"Contact ProView360 | 3D Real Estate Visualization in Switzerland","description":"Contact ProView360 for 3D real estate visualization, virtual tours, and professional visual content services across Switzerland.","robots":{"index":"index","follow":"follow","max-snippet":"max-snippet:-1","max-image-preview":"max-image-preview:large","max-video-preview":"max-video-preview:-1"},"canonical":"https:\/\/proview360.ch\/en\/contact\/","og_locale":"en_US","og_type":"article","og_title":"Contact ProView360 | 3D Real Estate Visualization in Switzerland","og_description":"Contact ProView360 for 3D real estate visualization, virtual tours, and professional visual content services across Switzerland.","og_url":"https:\/\/proview360.ch\/en\/contact\/","og_site_name":"Proview360","article_modified_time":"2026-02-12T13:13:24+00:00","og_image":[{"width":1040,"height":1040,"url":"https:\/\/proview360.ch\/wp-content\/uploads\/2025\/08\/311809362_534987525300435_4125622516155104575_n.jpg","type":"image\/jpeg"}],"twitter_card":"summary_large_image","twitter_misc":{"Est. reading time":"1 minute"},"schema":{"@context":"https:\/\/schema.org","@graph":[{"@type":"WebPage","@id":"https:\/\/proview360.ch\/en\/contact\/","url":"https:\/\/proview360.ch\/en\/contact\/","name":"Contact ProView360 | 3D Real Estate Visualization in Switzerland","isPartOf":{"@id":"https:\/\/proview360.ch\/en\/#website"},"datePublished":"2025-03-11T20:17:08+00:00","dateModified":"2026-02-12T13:13:24+00:00","description":"Contact ProView360 for 3D real estate visualization, virtual tours, and professional visual content services across Switzerland.","breadcrumb":{"@id":"https:\/\/proview360.ch\/en\/contact\/#breadcrumb"},"inLanguage":"en-US","potentialAction":[{"@type":"ReadAction","target":["https:\/\/proview360.ch\/en\/contact\/"]}]},{"@type":"BreadcrumbList","@id":"https:\/\/proview360.ch\/en\/contact\/#breadcrumb","itemListElement":[{"@type":"ListItem","position":1,"name":"Home","item":"https:\/\/proview360.ch\/en\/"},{"@type":"ListItem","position":2,"name":"Contact"}]},{"@type":"WebSite","@id":"https:\/\/proview360.ch\/en\/#website","url":"https:\/\/proview360.ch\/en\/","name":"Proview360 | Visuels 3D et Images de synth\u00e8se pour projets immobiliers \u00e0 Neuch\u00e2tel, Vaud, Gen\u00e8ve, Valais, Fribourg, Jura et Bern","description":"Cr\u00e9ation visuels 3D, Images de synth\u00e8se 3D, Visites virtuelles, Projets immobiliers, Neuch\u00e2tel, Vaud, Gen\u00e8ve, Valais Fribourg, Jura, Bern, Visualisation immobili\u00e8re, Rendus, 3D, Proview360,","publisher":{"@id":"https:\/\/proview360.ch\/en\/#organization"},"alternateName":"Proview360 propose des services de cr\u00e9ation de visuels 3D, d'images de synth\u00e8se et de visites virtuelles pour des projets immobiliers \u00e0 Neuch\u00e2tel, Vaud, Gen\u00e8ve, Valais, Fribourg, Jura et Bern. D\u00e9couvrez nos solutions pour valoriser vos projets immobiliers.","potentialAction":[{"@type":"SearchAction","target":{"@type":"EntryPoint","urlTemplate":"https:\/\/proview360.ch\/en\/?s={search_term_string}"},"query-input":{"@type":"PropertyValueSpecification","valueRequired":true,"valueName":"search_term_string"}}],"inLanguage":"en-US"},{"@type":"Organization","@id":"https:\/\/proview360.ch\/en\/#organization","name":"Proview360 | Visuels 3D et Images de synth\u00e8se pour projets immobiliers \u00e0 Neuch\u00e2tel, Vaud, Gen\u00e8ve, Valais, Fribourg, Jura et Bern","url":"https:\/\/proview360.ch\/en\/","logo":{"@type":"ImageObject","inLanguage":"en-US","@id":"https:\/\/proview360.ch\/en\/#\/schema\/logo\/image\/","url":"https:\/\/proview360.ch\/wp-content\/uploads\/2025\/08\/311809362_534987525300435_4125622516155104575_n.jpg","contentUrl":"https:\/\/proview360.ch\/wp-content\/uploads\/2025\/08\/311809362_534987525300435_4125622516155104575_n.jpg","width":1040,"height":1040,"caption":"Proview360 | Visuels 3D et Images de synth\u00e8se pour projets immobiliers \u00e0 Neuch\u00e2tel, Vaud, Gen\u00e8ve, Valais, Fribourg, Jura et Bern"},"image":{"@id":"https:\/\/proview360.ch\/en\/#\/schema\/logo\/image\/"}}]}},"_links":{"self":[{"href":"https:\/\/proview360.ch\/en\/wp-json\/wp\/v2\/pages\/1075","targetHints":{"allow":["GET"]}}],"collection":[{"href":"https:\/\/proview360.ch\/en\/wp-json\/wp\/v2\/pages"}],"about":[{"href":"https:\/\/proview360.ch\/en\/wp-json\/wp\/v2\/types\/page"}],"author":[{"embeddable":true,"href":"https:\/\/proview360.ch\/en\/wp-json\/wp\/v2\/users\/1"}],"replies":[{"embeddable":true,"href":"https:\/\/proview360.ch\/en\/wp-json\/wp\/v2\/comments?post=1075"}],"version-history":[{"count":4,"href":"https:\/\/proview360.ch\/en\/wp-json\/wp\/v2\/pages\/1075\/revisions"}],"predecessor-version":[{"id":4707,"href":"https:\/\/proview360.ch\/en\/wp-json\/wp\/v2\/pages\/1075\/revisions\/4707"}],"wp:attachment":[{"href":"https:\/\/proview360.ch\/en\/wp-json\/wp\/v2\/media?parent=1075"}],"curies":[{"name":"wp","href":"https:\/\/api.w.org\/{rel}","templated":true}]}}