{"id":2169,"date":"2025-04-20T09:20:42","date_gmt":"2025-04-20T09:20:42","guid":{"rendered":"https:\/\/proview360.ch\/?page_id=2169"},"modified":"2025-08-22T16:13:54","modified_gmt":"2025-08-22T16:13:54","slug":"uber-uns","status":"publish","type":"page","link":"https:\/\/proview360.ch\/de\/uber-uns\/","title":{"rendered":"\u00dcber uns"},"content":{"rendered":"\r\n            <style>\r\n                 .hero-section-block-69d44f9392be6 {\r\n                    background-image: url(https:\/\/proview360.ch\/wp-content\/uploads\/2025\/08\/DSC_2311_proview360.webp);\r\n                    background-attachment: scroll;\r\n                    background-size: cover;  \r\n                    background-repeat: no-repeat; \r\n                    background-position: center center;\r\n                    color:  var(--proview-white);\r\n                }\r\n        \r\n                @media (max-width: 1024px) {\r\n                     .hero-section-block-69d44f9392be6 {\r\n                        background-attachment: scroll;\r\n                    }\r\n                }\r\n        <\/style><section class=\"hero-section-block hero-section-block-69d44f9392be6\">   \r\n            <div class=\"container hero-section-container hero-section-banner-1 \">\r\n                    <div class=\"hero-section d-flex flex-column align-items-left justify-content-center text-left\">\r\n                \r\n                        <h1 class=\"hero-title\">\u00dcber uns<\/h1>\r\n                        <p  id=\"padding-block-69d44f9392be7\" class=\"hero-description\"><\/p>\r\n                            \r\n                    \r\n                <\/div>\r\n            <\/div>\r\n        <\/section>\n\n<section id=\"\" class=\"text-block  space-bottom-yes space-top-yes text-block-id-69d44f9392cbd bg-color-black text-color-white\">                \r\n                \r\n                    <div class=\"container\">     \r\n                                 \r\n                        \r\n                               \r\n                                               \r\n                        <div class=\"row text\">\r\n                    <div class=\"col\">\r\n                        <div class=\"textBlock-text text-block-html\" style=\"margin-top: 20px; \">\r\n                            <p class=\"wp-block-gn-text-block\">ProView360 ist ein in der Schweiz ans\u00e4ssiges Unternehmen f\u00fcr visuelle Medien, das sich auf innovative virtuelle 3D-Erlebnisse f\u00fcr die Immobilienbranche spezialisiert hat. Seit 2014 unterst\u00fctzen wir Immobilienentwickler, Makler und Architekten in Genf, Lausanne, Neuenburg, Waadt, Wallis und dar\u00fcber hinaus dabei, ihre Immobilien klar, eindringlich und emotional ansprechend zu pr\u00e4sentieren.<\/p>\n<p>Wir sind zertifizierte Matterport-Experten, die sich der Transformation des traditionellen Immobilienmarketings verschrieben haben. Durch die Kombination von Technologie und visuellem Storytelling erstellen wir vollst\u00e4ndig interaktive virtuelle 3D-Rundg\u00e4nge, die es potenziellen K\u00e4ufern erm\u00f6glichen, Immobilien von \u00fcberall und jederzeit zu erkunden, als w\u00e4ren sie physisch vor Ort.<\/p>\n<p>Unser Team besteht aus Fachleuten aus den Bereichen 3D-Bildgebung, Fotografie, Videografie und Raumgestaltung, um nicht nur visuelle Eindr\u00fccke zu vermitteln, sondern auch ein tieferes Gef\u00fchl f\u00fcr den Ort zu schaffen.<\/p>\n<p>Ob es sich um eine Luxusvilla mit Blick auf den Genfer See oder um Gewerbefl\u00e4chen in Lausanne handelt, wir passen jedes Projekt individuell an, um seine Besonderheiten hervorzuheben.<\/p>\n\r\n                        <\/div>\r\n                    <\/div>                                        \r\n                <\/div>                                              \r\n                    <\/div>                                \r\n            <\/section>\n\n<section id=\"\" class=\"text-block  space-bottom-yes space-top-yes text-block-id-69d44f9392f83 bg-color-red text-color-white\">                \r\n                \r\n                    <div class=\"container\">     \r\n                                 \r\n                        <div class=\"row\">                                        \r\n                        <div class=\"col\">\r\n                            <h2 class=\"textBlock-headline style-1 left \">What <br\/><span class='text-bold'>We Do<\/span><\/h2>\r\n                        <\/div>       \r\n                                                          \r\n                    <\/div>\r\n                               \r\n                                               \r\n                        <div class=\"row text\">\r\n                    <div class=\"col\">\r\n                        <div class=\"textBlock-text text-block-html\" style=\"margin-top: 20px; \">\r\n                            <p class=\"wp-block-gn-text-block\">Bei ProView360 konzentrieren wir uns darauf, Tools bereitzustellen, die Immobilien sichtbarer, zug\u00e4nglicher und marktf\u00e4higer machen:<\/p>\n<p><strong><em>Virtuelle Rundg\u00e4nge mit Matterport<\/em><\/strong><br \/>Immersive 3D-Rundg\u00e4nge, erstellt mit der branchenf\u00fchrenden Matterport-Technologie. Navigieren Sie frei durch eine Immobilie, Raum f\u00fcr Raum, und verschaffen Sie sich einen realistischen Eindruck von Gr\u00f6\u00dfe, Raumaufteilung und Layout.<\/p>\n<p><strong><em>Immobilienfotografie und Drohnenvideografie<\/em><\/strong><br \/>Wir produzieren hochaufl\u00f6sende Innen- und Au\u00dfenaufnahmen, darunter auch kinoreife Drohnenvideos aus der Luft, um Immobilien buchst\u00e4blich im besten Licht zu zeigen.<\/p>\n<p><strong><em>Interaktive 3D-Produktkonfiguratoren und Werbefilme<\/em><\/strong><br \/>Ma\u00dfgeschneiderte 3D-Konfiguratoren und Werbevideos, die sowohl informieren als auch begeistern \u2013 egal, ob Sie eine Wohnimmobilie oder einen modularen Gewerbefl\u00e4chen vermarkten.<\/p>\n<p><strong><em>Punktwolkenmessungen und Grundrisse<\/em><\/strong><br \/>Wir liefern pr\u00e4zise Raumdaten und architektonische Grundrisse mithilfe von LiDAR-basiertem Scanning, ideal f\u00fcr Planung, Renovierungen oder technische Dokumentationen.<\/p>\n\r\n                        <\/div>\r\n                    <\/div>                                        \r\n                <\/div>                                              \r\n                    <\/div>                                \r\n            <\/section>\n\n<section id=\"\" class=\"text-block  space-bottom-yes space-top-yes text-block-id-69d44f9393023 bg-color-grayblue text-color-black\">                \r\n                \r\n                    <div class=\"container\">     \r\n                                 \r\n                        <div class=\"row\">                                        \r\n                        <div class=\"col\">\r\n                            <h2 class=\"textBlock-headline style-1 left \">Why <br\/><span class='text-bold'>It Matters<\/span><\/h2>\r\n                        <\/div>       \r\n                                                          \r\n                    <\/div>\r\n                               \r\n                                               \r\n                        <div class=\"row text\">\r\n                    <div class=\"col\">\r\n                        <div class=\"textBlock-text text-block-html\" style=\"margin-top: 20px; \">\r\n                            <p class=\"wp-block-gn-text-block\">Auf dem heutigen Markt ist Aufmerksamkeit ein knappes Gut und Eindr\u00fccke entstehen innerhalb von Sekunden. <strong>ProView360 <\/strong>stattet Immobilienprofis mit leistungsstarken visuellen Inhalten aus, die die Entscheidungsfindung beschleunigen und Verkaufszyklen verk\u00fcrzen. Unsere Arbeit hilft K\u00e4ufern, eine emotionale und r\u00e4umliche Verbindung zu einer Immobilie aufzubauen, noch bevor sie diese betreten.<\/p>\n\r\n                        <\/div>\r\n                    <\/div>                                        \r\n                <\/div>                                              \r\n                    <\/div>                                \r\n            <\/section>\n\n<section id=\"\" class=\"text-block  space-bottom-yes space-top-yes text-block-id-69d44f93930a9 bg-color-black text-color-white\">                \r\n                \r\n                    <div class=\"container\">     \r\n                                 \r\n                        <div class=\"row\">                                        \r\n                        <div class=\"col\">\r\n                            <h2 class=\"textBlock-headline style-1 left \">Serving Switzerland <br\/><span class='text-bold'>Since 2014<\/span><\/h2>\r\n                        <\/div>       \r\n                                                          \r\n                    <\/div>\r\n                               \r\n                                               \r\n                        <div class=\"row text\">\r\n                    <div class=\"col\">\r\n                        <div class=\"textBlock-text text-block-html\" style=\"margin-top: 20px; \">\r\n                            <p class=\"wp-block-gn-text-block\">Mit Hauptsitz in der Schweiz bedienen wir stolz die wichtigsten Immobilienm\u00e4rkte des Landes, von den Ballungsr\u00e4umen Genf und Lausanne bis hin zu den malerischen Landschaften des Wallis und des Waadtlands.<\/p>\n<p>Zu unseren Kunden z\u00e4hlen Immobilienagenturen, Bautr\u00e4ger, Architekten und Verk\u00e4ufer von Luxusimmobilien, die den Wert einer strategischen Pr\u00e4sentation zu sch\u00e4tzen wissen.<\/p>\n\r\n                        <\/div>\r\n                    <\/div>                                        \r\n                <\/div>                                              \r\n                    <\/div>                                \r\n            <\/section>\n\n<section class=\"get-in-touch-block bg-color-grayblue\">  \r\n              <div class=\"d-flex flex-column-reverse flex-lg-row justify-content-between align-items-lg-center container\">              \r\n                    <div class=\"col-12 col-lg-9\">\r\n                        <a class=\"btn-full btn-full-red\" href=\"\/de\/kontakt\/\">Kontaktieren Sie uns<\/a>\r\n                    <\/div>     \r\n                    <div class=\"right-side col-12 col-lg-3\">\r\n                        <img decoding=\"async\" class=\"get-in-touch-img\" src=\"https:\/\/proview360.ch\/wp-content\/uploads\/2025\/03\/secondHome.png\" alt=\"SecondHome\">\r\n                    <\/div>  \r\n                <\/div>                                                         \r\n            <\/section>","protected":false},"excerpt":{"rendered":"","protected":false},"author":1,"featured_media":0,"parent":0,"menu_order":0,"comment_status":"closed","ping_status":"closed","template":"","meta":{"footnotes":""},"class_list":["post-2169","page","type-page","status-publish","hentry"],"yoast_head":"<!-- This site is optimized with the Yoast SEO plugin v27.2 - https:\/\/yoast.com\/product\/yoast-seo-wordpress\/ -->\n<title>\u00dcber uns | Proview360.ch<\/title>\n<meta name=\"description\" content=\"ProView360 ist ein in der Schweiz ans\u00e4ssiges Unternehmen f\u00fcr visuelle Medien, das sich auf innovative 3D-Virtual-Reality-Erlebnisse f\u00fcr ...\" \/>\n<meta name=\"robots\" content=\"index, follow, max-snippet:-1, max-image-preview:large, max-video-preview:-1\" \/>\n<link rel=\"canonical\" href=\"https:\/\/proview360.ch\/de\/uber-uns\/\" \/>\n<meta property=\"og:locale\" content=\"de_DE\" \/>\n<meta property=\"og:type\" content=\"article\" \/>\n<meta property=\"og:title\" content=\"\u00dcber uns | Proview360.ch\" \/>\n<meta property=\"og:description\" content=\"ProView360 ist ein in der Schweiz ans\u00e4ssiges Unternehmen f\u00fcr visuelle Medien, das sich auf innovative 3D-Virtual-Reality-Erlebnisse f\u00fcr ...\" \/>\n<meta property=\"og:url\" content=\"https:\/\/proview360.ch\/de\/uber-uns\/\" \/>\n<meta property=\"og:site_name\" content=\"Proview360\" \/>\n<meta property=\"article:modified_time\" content=\"2025-08-22T16:13:54+00:00\" \/>\n<meta property=\"og:image\" content=\"https:\/\/proview360.ch\/wp-content\/uploads\/2025\/08\/311809362_534987525300435_4125622516155104575_n.jpg\" \/>\n\t<meta property=\"og:image:width\" content=\"1040\" \/>\n\t<meta property=\"og:image:height\" content=\"1040\" \/>\n\t<meta property=\"og:image:type\" content=\"image\/jpeg\" \/>\n<meta name=\"twitter:card\" content=\"summary_large_image\" \/>\n<meta name=\"twitter:label1\" content=\"Gesch\u00e4tzte Lesezeit\" \/>\n\t<meta name=\"twitter:data1\" content=\"2\u00a0Minuten\" \/>\n<script type=\"application\/ld+json\" class=\"yoast-schema-graph\">{\"@context\":\"https:\/\/schema.org\",\"@graph\":[{\"@type\":\"WebPage\",\"@id\":\"https:\/\/proview360.ch\/de\/uber-uns\/\",\"url\":\"https:\/\/proview360.ch\/de\/uber-uns\/\",\"name\":\"\u00dcber uns | Proview360.ch\",\"isPartOf\":{\"@id\":\"https:\/\/proview360.ch\/de\/#website\"},\"datePublished\":\"2025-04-20T09:20:42+00:00\",\"dateModified\":\"2025-08-22T16:13:54+00:00\",\"description\":\"ProView360 ist ein in der Schweiz ans\u00e4ssiges Unternehmen f\u00fcr visuelle Medien, das sich auf innovative 3D-Virtual-Reality-Erlebnisse f\u00fcr ...\",\"breadcrumb\":{\"@id\":\"https:\/\/proview360.ch\/de\/uber-uns\/#breadcrumb\"},\"inLanguage\":\"de\",\"potentialAction\":[{\"@type\":\"ReadAction\",\"target\":[\"https:\/\/proview360.ch\/de\/uber-uns\/\"]}]},{\"@type\":\"BreadcrumbList\",\"@id\":\"https:\/\/proview360.ch\/de\/uber-uns\/#breadcrumb\",\"itemListElement\":[{\"@type\":\"ListItem\",\"position\":1,\"name\":\"Home\",\"item\":\"https:\/\/proview360.ch\/de\/\"},{\"@type\":\"ListItem\",\"position\":2,\"name\":\"\u00dcber uns\"}]},{\"@type\":\"WebSite\",\"@id\":\"https:\/\/proview360.ch\/de\/#website\",\"url\":\"https:\/\/proview360.ch\/de\/\",\"name\":\"Proview360 | Visuels 3D et Images de synth\u00e8se pour projets immobiliers \u00e0 Neuch\u00e2tel, Vaud, Gen\u00e8ve, Valais, Fribourg, Jura et Bern\",\"description\":\"Cr\u00e9ation visuels 3D, Images de synth\u00e8se 3D, Visites virtuelles, Projets immobiliers, Neuch\u00e2tel, Vaud, Gen\u00e8ve, Valais Fribourg, Jura, Bern, Visualisation immobili\u00e8re, Rendus, 3D, Proview360,\",\"publisher\":{\"@id\":\"https:\/\/proview360.ch\/de\/#organization\"},\"alternateName\":\"Proview360 propose des services de cr\u00e9ation de visuels 3D, d'images de synth\u00e8se et de visites virtuelles pour des projets immobiliers \u00e0 Neuch\u00e2tel, Vaud, Gen\u00e8ve, Valais, Fribourg, Jura et Bern. D\u00e9couvrez nos solutions pour valoriser vos projets immobiliers.\",\"potentialAction\":[{\"@type\":\"SearchAction\",\"target\":{\"@type\":\"EntryPoint\",\"urlTemplate\":\"https:\/\/proview360.ch\/de\/?s={search_term_string}\"},\"query-input\":{\"@type\":\"PropertyValueSpecification\",\"valueRequired\":true,\"valueName\":\"search_term_string\"}}],\"inLanguage\":\"de\"},{\"@type\":\"Organization\",\"@id\":\"https:\/\/proview360.ch\/de\/#organization\",\"name\":\"Proview360 | Visuels 3D et Images de synth\u00e8se pour projets immobiliers \u00e0 Neuch\u00e2tel, Vaud, Gen\u00e8ve, Valais, Fribourg, Jura et Bern\",\"url\":\"https:\/\/proview360.ch\/de\/\",\"logo\":{\"@type\":\"ImageObject\",\"inLanguage\":\"de\",\"@id\":\"https:\/\/proview360.ch\/de\/#\/schema\/logo\/image\/\",\"url\":\"https:\/\/proview360.ch\/wp-content\/uploads\/2025\/08\/311809362_534987525300435_4125622516155104575_n.jpg\",\"contentUrl\":\"https:\/\/proview360.ch\/wp-content\/uploads\/2025\/08\/311809362_534987525300435_4125622516155104575_n.jpg\",\"width\":1040,\"height\":1040,\"caption\":\"Proview360 | Visuels 3D et Images de synth\u00e8se pour projets immobiliers \u00e0 Neuch\u00e2tel, Vaud, Gen\u00e8ve, Valais, Fribourg, Jura et Bern\"},\"image\":{\"@id\":\"https:\/\/proview360.ch\/de\/#\/schema\/logo\/image\/\"}}]}<\/script>\n<!-- \/ Yoast SEO plugin. -->","yoast_head_json":{"title":"\u00dcber uns | Proview360.ch","description":"ProView360 ist ein in der Schweiz ans\u00e4ssiges Unternehmen f\u00fcr visuelle Medien, das sich auf innovative 3D-Virtual-Reality-Erlebnisse f\u00fcr ...","robots":{"index":"index","follow":"follow","max-snippet":"max-snippet:-1","max-image-preview":"max-image-preview:large","max-video-preview":"max-video-preview:-1"},"canonical":"https:\/\/proview360.ch\/de\/uber-uns\/","og_locale":"de_DE","og_type":"article","og_title":"\u00dcber uns | Proview360.ch","og_description":"ProView360 ist ein in der Schweiz ans\u00e4ssiges Unternehmen f\u00fcr visuelle Medien, das sich auf innovative 3D-Virtual-Reality-Erlebnisse f\u00fcr ...","og_url":"https:\/\/proview360.ch\/de\/uber-uns\/","og_site_name":"Proview360","article_modified_time":"2025-08-22T16:13:54+00:00","og_image":[{"width":1040,"height":1040,"url":"https:\/\/proview360.ch\/wp-content\/uploads\/2025\/08\/311809362_534987525300435_4125622516155104575_n.jpg","type":"image\/jpeg"}],"twitter_card":"summary_large_image","twitter_misc":{"Gesch\u00e4tzte Lesezeit":"2\u00a0Minuten"},"schema":{"@context":"https:\/\/schema.org","@graph":[{"@type":"WebPage","@id":"https:\/\/proview360.ch\/de\/uber-uns\/","url":"https:\/\/proview360.ch\/de\/uber-uns\/","name":"\u00dcber uns | Proview360.ch","isPartOf":{"@id":"https:\/\/proview360.ch\/de\/#website"},"datePublished":"2025-04-20T09:20:42+00:00","dateModified":"2025-08-22T16:13:54+00:00","description":"ProView360 ist ein in der Schweiz ans\u00e4ssiges Unternehmen f\u00fcr visuelle Medien, das sich auf innovative 3D-Virtual-Reality-Erlebnisse f\u00fcr ...","breadcrumb":{"@id":"https:\/\/proview360.ch\/de\/uber-uns\/#breadcrumb"},"inLanguage":"de","potentialAction":[{"@type":"ReadAction","target":["https:\/\/proview360.ch\/de\/uber-uns\/"]}]},{"@type":"BreadcrumbList","@id":"https:\/\/proview360.ch\/de\/uber-uns\/#breadcrumb","itemListElement":[{"@type":"ListItem","position":1,"name":"Home","item":"https:\/\/proview360.ch\/de\/"},{"@type":"ListItem","position":2,"name":"\u00dcber uns"}]},{"@type":"WebSite","@id":"https:\/\/proview360.ch\/de\/#website","url":"https:\/\/proview360.ch\/de\/","name":"Proview360 | Visuels 3D et Images de synth\u00e8se pour projets immobiliers \u00e0 Neuch\u00e2tel, Vaud, Gen\u00e8ve, Valais, Fribourg, Jura et Bern","description":"Cr\u00e9ation visuels 3D, Images de synth\u00e8se 3D, Visites virtuelles, Projets immobiliers, Neuch\u00e2tel, Vaud, Gen\u00e8ve, Valais Fribourg, Jura, Bern, Visualisation immobili\u00e8re, Rendus, 3D, Proview360,","publisher":{"@id":"https:\/\/proview360.ch\/de\/#organization"},"alternateName":"Proview360 propose des services de cr\u00e9ation de visuels 3D, d'images de synth\u00e8se et de visites virtuelles pour des projets immobiliers \u00e0 Neuch\u00e2tel, Vaud, Gen\u00e8ve, Valais, Fribourg, Jura et Bern. D\u00e9couvrez nos solutions pour valoriser vos projets immobiliers.","potentialAction":[{"@type":"SearchAction","target":{"@type":"EntryPoint","urlTemplate":"https:\/\/proview360.ch\/de\/?s={search_term_string}"},"query-input":{"@type":"PropertyValueSpecification","valueRequired":true,"valueName":"search_term_string"}}],"inLanguage":"de"},{"@type":"Organization","@id":"https:\/\/proview360.ch\/de\/#organization","name":"Proview360 | Visuels 3D et Images de synth\u00e8se pour projets immobiliers \u00e0 Neuch\u00e2tel, Vaud, Gen\u00e8ve, Valais, Fribourg, Jura et Bern","url":"https:\/\/proview360.ch\/de\/","logo":{"@type":"ImageObject","inLanguage":"de","@id":"https:\/\/proview360.ch\/de\/#\/schema\/logo\/image\/","url":"https:\/\/proview360.ch\/wp-content\/uploads\/2025\/08\/311809362_534987525300435_4125622516155104575_n.jpg","contentUrl":"https:\/\/proview360.ch\/wp-content\/uploads\/2025\/08\/311809362_534987525300435_4125622516155104575_n.jpg","width":1040,"height":1040,"caption":"Proview360 | Visuels 3D et Images de synth\u00e8se pour projets immobiliers \u00e0 Neuch\u00e2tel, Vaud, Gen\u00e8ve, Valais, Fribourg, Jura et Bern"},"image":{"@id":"https:\/\/proview360.ch\/de\/#\/schema\/logo\/image\/"}}]}},"_links":{"self":[{"href":"https:\/\/proview360.ch\/de\/wp-json\/wp\/v2\/pages\/2169","targetHints":{"allow":["GET"]}}],"collection":[{"href":"https:\/\/proview360.ch\/de\/wp-json\/wp\/v2\/pages"}],"about":[{"href":"https:\/\/proview360.ch\/de\/wp-json\/wp\/v2\/types\/page"}],"author":[{"embeddable":true,"href":"https:\/\/proview360.ch\/de\/wp-json\/wp\/v2\/users\/1"}],"replies":[{"embeddable":true,"href":"https:\/\/proview360.ch\/de\/wp-json\/wp\/v2\/comments?post=2169"}],"version-history":[{"count":3,"href":"https:\/\/proview360.ch\/de\/wp-json\/wp\/v2\/pages\/2169\/revisions"}],"predecessor-version":[{"id":3858,"href":"https:\/\/proview360.ch\/de\/wp-json\/wp\/v2\/pages\/2169\/revisions\/3858"}],"wp:attachment":[{"href":"https:\/\/proview360.ch\/de\/wp-json\/wp\/v2\/media?parent=2169"}],"curies":[{"name":"wp","href":"https:\/\/api.w.org\/{rel}","templated":true}]}}