{"id":1234,"date":"2025-03-11T20:15:53","date_gmt":"2025-03-11T20:15:53","guid":{"rendered":"https:\/\/proview360.ch\/transports\/"},"modified":"2026-03-06T13:01:25","modified_gmt":"2026-03-06T13:01:25","slug":"transporte","status":"publish","type":"page","link":"https:\/\/proview360.ch\/de\/transporte\/","title":{"rendered":"Transport"},"content":{"rendered":"\r\n            <style>\r\n                 .hero-section-block-69d44cb8a36ce {\r\n                    background-image: url(https:\/\/proview360.ch\/wp-content\/uploads\/2025\/08\/ChatGPT-Image-Aug-24-2025-12_23_28-AM-e1755987900468.png);\r\n                    background-attachment: scroll;\r\n                    background-size: cover;  \r\n                    background-repeat: no-repeat; \r\n                    background-position: center center;\r\n                    color:  var(--proview-white);\r\n                }\r\n        \r\n                @media (max-width: 1024px) {\r\n                     .hero-section-block-69d44cb8a36ce {\r\n                        background-attachment: scroll;\r\n                    }\r\n                }\r\n        <\/style><section class=\"hero-section-block hero-section-block-69d44cb8a36ce\">   \r\n            <div class=\"container hero-section-container hero-section-banner-1 \">\r\n                    <div class=\"hero-section d-flex flex-column align-items-left justify-content-center text-left\">\r\n                \r\n                        <h1 class=\"hero-title\">Immersive 3D-Besichtigungen f\u00fcr Boote, Wohnmobile und Privatjets<\/h1>\r\n                        <p  id=\"padding-block-69d44cb8a36cf\" class=\"hero-description\"><\/p>\r\n                            \r\n                    \r\n                <\/div>\r\n            <\/div>\r\n        <\/section>\n\n<section id=\"\" class=\"text-block  space-bottom-yes space-top-yes text-block-id-69d44cb8a3795 bg-color-gray text-color-black\">                \r\n                \r\n                    <div class=\"container\">     \r\n                                 \r\n                        <div class=\"row\">                                        \r\n                        <div class=\"col\">\r\n                            <h2 class=\"textBlock-headline style-1 left \">Transport<\/h2>\r\n                        <\/div>       \r\n                                                          \r\n                    <\/div>\r\n                               \r\n                                               \r\n                        <div class=\"row text\">\r\n                    <div class=\"col\">\r\n                        <div class=\"textBlock-text text-block-html\" style=\"margin-top: 20px; \">\r\n                            <p class=\"wp-block-gn-text-block\"><strong>Verkauf und Vermietung von Booten, Segelbooten und Yachten<\/strong><br \/>Ihre <strong>potenzielle Kundschaft<\/strong> verf\u00fcgt zweifellos \u00fcber eine <strong>hohe Kaufkraft<\/strong> und verlangt nach <strong>Exzellenz<\/strong>.<br \/>Die <strong>immersive immob360-Besichtigung<\/strong> Ihrer <strong>Flotte<\/strong> oder Ihres <strong>Bootes<\/strong> erm\u00f6glicht es, diese von <strong>Steuerbord bis Backbord<\/strong> und vom <strong>Deck bis ins Innere<\/strong> zu erkunden \u2013 und hebt dabei sowohl <strong>Raumvolumen<\/strong> als auch <strong>Ausstattung<\/strong> optimal hervor.<br \/>So kann sich der <strong>Kunde<\/strong> auf einfache und spielerische Weise <strong>hineinversetzen<\/strong> und wird in seinem <strong>Entscheidungsprozess<\/strong> positiv unterst\u00fctzt. <strong>T\u00e4uschung<\/strong> ist ausgeschlossen.<\/p>\n<p>Damit verschaffen Sie sich einen klaren <strong>Vorteil gegen\u00fcber der Konkurrenz<\/strong> und sichern sich leichter den <strong>Verkauf<\/strong> oder die <strong>Vermietung<\/strong>.<\/p>\n<p><strong>Verkauf und Vermietung von Wohnmobilen, Caravans und Mobilheimen<\/strong><br \/>In diesem Bereich gibt es alle m\u00f6glichen <strong>Modelle<\/strong> \u2013 von den <strong>einfachsten<\/strong> bis hin zu den <strong>luxuri\u00f6sesten<\/strong>.<br \/>Auch hier erlaubt die <strong>3D-Virtuelle Tour von immob360<\/strong> Ihrer <strong>Kundschaft<\/strong>, sofort die <strong>Eigenschaften<\/strong>, die <strong>Praktikabilit\u00e4t<\/strong>, die <strong>Funktionalit\u00e4t<\/strong> und den <strong>Komfort<\/strong> Ihres Angebots zu erkennen. Der <strong>Mieter<\/strong> kann sich unmittelbar in den von Ihnen angebotenen <strong>Wohn- und\/oder Transportraum<\/strong> hineinversetzen.<\/p>\n<p>Findet Ihr <strong>Kunde<\/strong> sein <strong>Gl\u00fcck<\/strong> in Ihrem <strong>Fuhrpark<\/strong>, gewinnen Sie sein <strong>Vertrauen<\/strong> \u2013 <strong>entscheidend<\/strong> f\u00fcr die <strong>Reservierung<\/strong> oder den <strong>Kauf<\/strong>!<\/p>\n<p><strong>Aviation \u2013 Vermietung von Privatjets<\/strong><br \/>Die <strong>Vermietung<\/strong> im <strong>Luftfahrtsektor<\/strong> richtet sich an eine <strong>exklusive Privat- oder Gesch\u00e4ftskundschaft<\/strong>, die in der Regel nicht auf die <strong>Ausgaben<\/strong> achtet.<\/p>\n<p>Ihre <strong>Flotte<\/strong> kann durch eine <strong>virtuelle Besichtigung<\/strong> f\u00fcr jedes einzelne <strong>Flugzeug<\/strong> pr\u00e4sentiert werden, um <strong>Raum<\/strong>, <strong>Komfort<\/strong> und <strong>Luxus<\/strong> hervorzuheben.<\/p>\n<p>Mit einem solch <strong>immersiven<\/strong> und <strong>aussagekr\u00e4ftigen Katalog<\/strong> steigern Sie Ihre <strong>Chancen<\/strong> erheblich, sich gegen die <strong>Konkurrenz<\/strong> durchzusetzen. Ihr <strong>Kunde<\/strong> wird sich bereits vollkommen in der <strong>Atmosph\u00e4re<\/strong> f\u00fchlen \u2013 einzig die <strong>Flugerfahrung<\/strong> und die <strong>\u201eunvergleichliche\u201c Aussicht<\/strong> bleiben ihm noch vorbehalten.<\/p>\n\r\n                        <\/div>\r\n                    <\/div>                                        \r\n                <\/div>                                              \r\n                    <\/div>                                \r\n            <\/section>\n\n<section id=\"\" class=\"iframe-block iframe-block-id-69d44cb8a3aa5  bg-color-black\">\r\n                <div class=\"container\">\r\n                    <div class=\"iframe-wrapper\">\r\n                        <div class=\"row\">\r\n                            <div class=\"row pb-4\">                                        \r\n                        <div class=\"col\">\r\n                            <h2 class=\"textBlock-headline text-white \">Matterport <br\/><span class='text-bold'>Beispiel<\/span><\/h2>\r\n                        <\/div>       \r\n                    <\/div>\r\n                            <div class=\"col-12 image-video-layout my-4\">\r\n                                  <div class=\"gallery-iframe ratio ratio-16x9\">\r\n                  <iframe loading=\"lazy\"\r\n                      width=\"100%\"\r\n                      height=\"600\"\r\n                      src=\"https:\/\/my.matterport.com\/show\/?m=bwbf2Tj3Ap4&#038;utm_source\"\r\n                      frameborder=\"0\"\r\n                      allowfullscreen\r\n                      allow=\"xr-spatial-tracking; gyroscope; accelerometer\"\r\n                ><\/iframe>\r\n        <\/div>\r\n                            <\/div>\r\n                        <\/div>\r\n                    <\/div>                            \r\n                <\/div>\r\n            <\/section>\n\n<section class=\"get-in-touch-block bg-color-grayblue\">  \r\n              <div class=\"d-flex flex-column-reverse flex-lg-row justify-content-between align-items-lg-center container\">              \r\n                    <div class=\"col-12 col-lg-9\">\r\n                        <a class=\"btn-full btn-full-red\" href=\"\/de\/angebot-anfordern\/\">Angebot anfordern<\/a>\r\n                    <\/div>     \r\n                    <div class=\"right-side col-12 col-lg-3\">\r\n                        <img decoding=\"async\" class=\"get-in-touch-img\" src=\"https:\/\/proview360.ch\/wp-content\/uploads\/2025\/03\/Asset-12.png\" alt=\"Asset 12\">\r\n                    <\/div>  \r\n                <\/div>                                                         \r\n            <\/section>","protected":false},"excerpt":{"rendered":"","protected":false},"author":1,"featured_media":0,"parent":0,"menu_order":0,"comment_status":"closed","ping_status":"closed","template":"","meta":{"footnotes":""},"class_list":["post-1234","page","type-page","status-publish","hentry"],"yoast_head":"<!-- This site is optimized with the Yoast SEO plugin v27.2 - https:\/\/yoast.com\/product\/yoast-seo-wordpress\/ -->\n<title>Transport - Proview360<\/title>\n<meta name=\"description\" content=\"Immersive 3D-Besichtigungen f\u00fcr Boote, Wohnmobile und Privatjets in der Schweiz. Pr\u00e4sentieren Sie Transportfahrzeuge digital mit Proview360.\" \/>\n<meta name=\"robots\" content=\"index, follow, max-snippet:-1, max-image-preview:large, max-video-preview:-1\" \/>\n<link rel=\"canonical\" href=\"https:\/\/proview360.ch\/de\/transporte\/\" \/>\n<meta property=\"og:locale\" content=\"de_DE\" \/>\n<meta property=\"og:type\" content=\"article\" \/>\n<meta property=\"og:title\" content=\"Transport - Proview360\" \/>\n<meta property=\"og:description\" content=\"Immersive 3D-Besichtigungen f\u00fcr Boote, Wohnmobile und Privatjets in der Schweiz. Pr\u00e4sentieren Sie Transportfahrzeuge digital mit Proview360.\" \/>\n<meta property=\"og:url\" content=\"https:\/\/proview360.ch\/de\/transporte\/\" \/>\n<meta property=\"og:site_name\" content=\"Proview360\" \/>\n<meta property=\"article:modified_time\" content=\"2026-03-06T13:01:25+00:00\" \/>\n<meta property=\"og:image\" content=\"https:\/\/proview360.ch\/wp-content\/uploads\/2025\/08\/311809362_534987525300435_4125622516155104575_n.jpg\" \/>\n\t<meta property=\"og:image:width\" content=\"1040\" \/>\n\t<meta property=\"og:image:height\" content=\"1040\" \/>\n\t<meta property=\"og:image:type\" content=\"image\/jpeg\" \/>\n<meta name=\"twitter:card\" content=\"summary_large_image\" \/>\n<meta name=\"twitter:label1\" content=\"Gesch\u00e4tzte Lesezeit\" \/>\n\t<meta name=\"twitter:data1\" content=\"2\u00a0Minuten\" \/>\n<script type=\"application\/ld+json\" class=\"yoast-schema-graph\">{\"@context\":\"https:\/\/schema.org\",\"@graph\":[{\"@type\":\"WebPage\",\"@id\":\"https:\/\/proview360.ch\/de\/transporte\/\",\"url\":\"https:\/\/proview360.ch\/de\/transporte\/\",\"name\":\"Transport - Proview360\",\"isPartOf\":{\"@id\":\"https:\/\/proview360.ch\/de\/#website\"},\"datePublished\":\"2025-03-11T20:15:53+00:00\",\"dateModified\":\"2026-03-06T13:01:25+00:00\",\"description\":\"Immersive 3D-Besichtigungen f\u00fcr Boote, Wohnmobile und Privatjets in der Schweiz. Pr\u00e4sentieren Sie Transportfahrzeuge digital mit Proview360.\",\"breadcrumb\":{\"@id\":\"https:\/\/proview360.ch\/de\/transporte\/#breadcrumb\"},\"inLanguage\":\"de\",\"potentialAction\":[{\"@type\":\"ReadAction\",\"target\":[\"https:\/\/proview360.ch\/de\/transporte\/\"]}]},{\"@type\":\"BreadcrumbList\",\"@id\":\"https:\/\/proview360.ch\/de\/transporte\/#breadcrumb\",\"itemListElement\":[{\"@type\":\"ListItem\",\"position\":1,\"name\":\"Home\",\"item\":\"https:\/\/proview360.ch\/de\/\"},{\"@type\":\"ListItem\",\"position\":2,\"name\":\"Transport\"}]},{\"@type\":\"WebSite\",\"@id\":\"https:\/\/proview360.ch\/de\/#website\",\"url\":\"https:\/\/proview360.ch\/de\/\",\"name\":\"Proview360 | Visuels 3D et Images de synth\u00e8se pour projets immobiliers \u00e0 Neuch\u00e2tel, Vaud, Gen\u00e8ve, Valais, Fribourg, Jura et Bern\",\"description\":\"Cr\u00e9ation visuels 3D, Images de synth\u00e8se 3D, Visites virtuelles, Projets immobiliers, Neuch\u00e2tel, Vaud, Gen\u00e8ve, Valais Fribourg, Jura, Bern, Visualisation immobili\u00e8re, Rendus, 3D, Proview360,\",\"publisher\":{\"@id\":\"https:\/\/proview360.ch\/de\/#organization\"},\"alternateName\":\"Proview360 propose des services de cr\u00e9ation de visuels 3D, d'images de synth\u00e8se et de visites virtuelles pour des projets immobiliers \u00e0 Neuch\u00e2tel, Vaud, Gen\u00e8ve, Valais, Fribourg, Jura et Bern. D\u00e9couvrez nos solutions pour valoriser vos projets immobiliers.\",\"potentialAction\":[{\"@type\":\"SearchAction\",\"target\":{\"@type\":\"EntryPoint\",\"urlTemplate\":\"https:\/\/proview360.ch\/de\/?s={search_term_string}\"},\"query-input\":{\"@type\":\"PropertyValueSpecification\",\"valueRequired\":true,\"valueName\":\"search_term_string\"}}],\"inLanguage\":\"de\"},{\"@type\":\"Organization\",\"@id\":\"https:\/\/proview360.ch\/de\/#organization\",\"name\":\"Proview360 | Visuels 3D et Images de synth\u00e8se pour projets immobiliers \u00e0 Neuch\u00e2tel, Vaud, Gen\u00e8ve, Valais, Fribourg, Jura et Bern\",\"url\":\"https:\/\/proview360.ch\/de\/\",\"logo\":{\"@type\":\"ImageObject\",\"inLanguage\":\"de\",\"@id\":\"https:\/\/proview360.ch\/de\/#\/schema\/logo\/image\/\",\"url\":\"https:\/\/proview360.ch\/wp-content\/uploads\/2025\/08\/311809362_534987525300435_4125622516155104575_n.jpg\",\"contentUrl\":\"https:\/\/proview360.ch\/wp-content\/uploads\/2025\/08\/311809362_534987525300435_4125622516155104575_n.jpg\",\"width\":1040,\"height\":1040,\"caption\":\"Proview360 | Visuels 3D et Images de synth\u00e8se pour projets immobiliers \u00e0 Neuch\u00e2tel, Vaud, Gen\u00e8ve, Valais, Fribourg, Jura et Bern\"},\"image\":{\"@id\":\"https:\/\/proview360.ch\/de\/#\/schema\/logo\/image\/\"}}]}<\/script>\n<!-- \/ Yoast SEO plugin. -->","yoast_head_json":{"title":"Transport - Proview360","description":"Immersive 3D-Besichtigungen f\u00fcr Boote, Wohnmobile und Privatjets in der Schweiz. Pr\u00e4sentieren Sie Transportfahrzeuge digital mit Proview360.","robots":{"index":"index","follow":"follow","max-snippet":"max-snippet:-1","max-image-preview":"max-image-preview:large","max-video-preview":"max-video-preview:-1"},"canonical":"https:\/\/proview360.ch\/de\/transporte\/","og_locale":"de_DE","og_type":"article","og_title":"Transport - Proview360","og_description":"Immersive 3D-Besichtigungen f\u00fcr Boote, Wohnmobile und Privatjets in der Schweiz. Pr\u00e4sentieren Sie Transportfahrzeuge digital mit Proview360.","og_url":"https:\/\/proview360.ch\/de\/transporte\/","og_site_name":"Proview360","article_modified_time":"2026-03-06T13:01:25+00:00","og_image":[{"width":1040,"height":1040,"url":"https:\/\/proview360.ch\/wp-content\/uploads\/2025\/08\/311809362_534987525300435_4125622516155104575_n.jpg","type":"image\/jpeg"}],"twitter_card":"summary_large_image","twitter_misc":{"Gesch\u00e4tzte Lesezeit":"2\u00a0Minuten"},"schema":{"@context":"https:\/\/schema.org","@graph":[{"@type":"WebPage","@id":"https:\/\/proview360.ch\/de\/transporte\/","url":"https:\/\/proview360.ch\/de\/transporte\/","name":"Transport - Proview360","isPartOf":{"@id":"https:\/\/proview360.ch\/de\/#website"},"datePublished":"2025-03-11T20:15:53+00:00","dateModified":"2026-03-06T13:01:25+00:00","description":"Immersive 3D-Besichtigungen f\u00fcr Boote, Wohnmobile und Privatjets in der Schweiz. Pr\u00e4sentieren Sie Transportfahrzeuge digital mit Proview360.","breadcrumb":{"@id":"https:\/\/proview360.ch\/de\/transporte\/#breadcrumb"},"inLanguage":"de","potentialAction":[{"@type":"ReadAction","target":["https:\/\/proview360.ch\/de\/transporte\/"]}]},{"@type":"BreadcrumbList","@id":"https:\/\/proview360.ch\/de\/transporte\/#breadcrumb","itemListElement":[{"@type":"ListItem","position":1,"name":"Home","item":"https:\/\/proview360.ch\/de\/"},{"@type":"ListItem","position":2,"name":"Transport"}]},{"@type":"WebSite","@id":"https:\/\/proview360.ch\/de\/#website","url":"https:\/\/proview360.ch\/de\/","name":"Proview360 | Visuels 3D et Images de synth\u00e8se pour projets immobiliers \u00e0 Neuch\u00e2tel, Vaud, Gen\u00e8ve, Valais, Fribourg, Jura et Bern","description":"Cr\u00e9ation visuels 3D, Images de synth\u00e8se 3D, Visites virtuelles, Projets immobiliers, Neuch\u00e2tel, Vaud, Gen\u00e8ve, Valais Fribourg, Jura, Bern, Visualisation immobili\u00e8re, Rendus, 3D, Proview360,","publisher":{"@id":"https:\/\/proview360.ch\/de\/#organization"},"alternateName":"Proview360 propose des services de cr\u00e9ation de visuels 3D, d'images de synth\u00e8se et de visites virtuelles pour des projets immobiliers \u00e0 Neuch\u00e2tel, Vaud, Gen\u00e8ve, Valais, Fribourg, Jura et Bern. D\u00e9couvrez nos solutions pour valoriser vos projets immobiliers.","potentialAction":[{"@type":"SearchAction","target":{"@type":"EntryPoint","urlTemplate":"https:\/\/proview360.ch\/de\/?s={search_term_string}"},"query-input":{"@type":"PropertyValueSpecification","valueRequired":true,"valueName":"search_term_string"}}],"inLanguage":"de"},{"@type":"Organization","@id":"https:\/\/proview360.ch\/de\/#organization","name":"Proview360 | Visuels 3D et Images de synth\u00e8se pour projets immobiliers \u00e0 Neuch\u00e2tel, Vaud, Gen\u00e8ve, Valais, Fribourg, Jura et Bern","url":"https:\/\/proview360.ch\/de\/","logo":{"@type":"ImageObject","inLanguage":"de","@id":"https:\/\/proview360.ch\/de\/#\/schema\/logo\/image\/","url":"https:\/\/proview360.ch\/wp-content\/uploads\/2025\/08\/311809362_534987525300435_4125622516155104575_n.jpg","contentUrl":"https:\/\/proview360.ch\/wp-content\/uploads\/2025\/08\/311809362_534987525300435_4125622516155104575_n.jpg","width":1040,"height":1040,"caption":"Proview360 | Visuels 3D et Images de synth\u00e8se pour projets immobiliers \u00e0 Neuch\u00e2tel, Vaud, Gen\u00e8ve, Valais, Fribourg, Jura et Bern"},"image":{"@id":"https:\/\/proview360.ch\/de\/#\/schema\/logo\/image\/"}}]}},"_links":{"self":[{"href":"https:\/\/proview360.ch\/de\/wp-json\/wp\/v2\/pages\/1234","targetHints":{"allow":["GET"]}}],"collection":[{"href":"https:\/\/proview360.ch\/de\/wp-json\/wp\/v2\/pages"}],"about":[{"href":"https:\/\/proview360.ch\/de\/wp-json\/wp\/v2\/types\/page"}],"author":[{"embeddable":true,"href":"https:\/\/proview360.ch\/de\/wp-json\/wp\/v2\/users\/1"}],"replies":[{"embeddable":true,"href":"https:\/\/proview360.ch\/de\/wp-json\/wp\/v2\/comments?post=1234"}],"version-history":[{"count":6,"href":"https:\/\/proview360.ch\/de\/wp-json\/wp\/v2\/pages\/1234\/revisions"}],"predecessor-version":[{"id":4612,"href":"https:\/\/proview360.ch\/de\/wp-json\/wp\/v2\/pages\/1234\/revisions\/4612"}],"wp:attachment":[{"href":"https:\/\/proview360.ch\/de\/wp-json\/wp\/v2\/media?parent=1234"}],"curies":[{"name":"wp","href":"https:\/\/api.w.org\/{rel}","templated":true}]}}