{"id":1218,"date":"2025-03-11T20:13:18","date_gmt":"2025-03-11T20:13:18","guid":{"rendered":"https:\/\/proview360.ch\/dienstleistungen\/visits-3d-real-estate\/"},"modified":"2025-08-28T18:37:02","modified_gmt":"2025-08-28T18:37:02","slug":"besuche-3d-immobilien","status":"publish","type":"page","link":"https:\/\/proview360.ch\/de\/dienstleistungen\/besuche-3d-immobilien\/","title":{"rendered":"Besuche 3D-Immobilien"},"content":{"rendered":"\r\n            <style>\r\n                 .hero-section-block-69d465cb071a0 {\r\n                    background-image: url(https:\/\/proview360.ch\/wp-content\/uploads\/2025\/03\/visite_virtuelle_3d.jpg);\r\n                    background-attachment: scroll;\r\n                    background-size: cover;  \r\n                    background-repeat: no-repeat; \r\n                    background-position: center center;\r\n                    color:  var(--proview-white);\r\n                }\r\n        \r\n                @media (max-width: 1024px) {\r\n                     .hero-section-block-69d465cb071a0 {\r\n                        background-attachment: scroll;\r\n                    }\r\n                }\r\n        <\/style><section class=\"hero-section-block hero-section-block-69d465cb071a0\">   \r\n            <div class=\"container hero-section-container hero-section-banner-1 \">\r\n                    <div class=\"hero-section d-flex flex-column align-items-start justify-content-center text-start\">\r\n                \r\n                        <h1 class=\"hero-title\">3D-Virtueller Rundgang aus Architekturpl\u00e4nen<\/h1>\r\n                        <p  id=\"padding-block-69d465cb071a1\" class=\"hero-description\"><\/p>\r\n                            \r\n                    \r\n                <\/div>\r\n            <\/div>\r\n        <\/section>\n\n<section id=\"\" class=\"text-block  space-bottom-yes space-top-yes text-block-id-69d465cb07250 bg-color-white text-color-black\">                \r\n                \r\n                    <div class=\"container\">     \r\n                                 \r\n                        <div class=\"row\">                                        \r\n                        <div class=\"col\">\r\n                            <h2 class=\"textBlock-headline style-1 left \">3D-Virtueller <br\/><span class='text-bold'>Rundgang aus Architekturpl\u00e4nen<\/span><\/h2>\r\n                        <\/div>       \r\n                                                          \r\n                    <\/div>\r\n                               \r\n                                               \r\n                        <div class=\"row text\">\r\n                    <div class=\"col\">\r\n                        <div class=\"textBlock-text text-block-html\" style=\"margin-top: 20px; \">\r\n                            <p class=\"wp-block-gn-text-block\">Die Visualisierung der Volumen einer Wohnung oder Villa, wenn Sie nur 2D-Pl\u00e4ne haben, mag schwierig erscheinen?<\/p>\n<p>Es ist m\u00f6glich, und wir erzielen sogar beeindruckende Ergebnisse.<\/p>\n<p>Erm\u00f6glichen Sie Ihren Kunden, eine Innenbesichtigung der Villa\/Wohnung zu machen, die sie kaufen oder mieten m\u00f6chten.<br \/>Wir haben auch eine Option implementiert, mit der die Farbe der W\u00e4nde, K\u00fcchen, B\u00f6den (Parkett und Fliesen), M\u00f6bel usw. ge\u00e4ndert werden kann, um Ihren Kunden zu helfen, ihre Immobilie zu personalisieren.<\/p>\n<p>Unsere virtuellen Rundg\u00e4nge aus Architekturpl\u00e4nen sind sehr erfolgreich bei Menschen, die an der Anschaffung einer Villa, eines Hauses, einer Wohnung oder einer anderen Immobilie interessiert sind. Die Technologie, die wir verwenden, erm\u00f6glicht es einfach, sich selbst in der Immobilie zu sehen und sie in 3D zu besichtigen, wobei jeder Winkel erkundet wird.<\/p>\n<p>Wir integrieren auch ein 360\u00b0-Panorama, damit Ihre Kunden die Aussicht sehen k\u00f6nnen, die sie von der Terrasse oder dem Balkon haben werden, sobald die Immobilie gebaut ist.<\/p>\n<p>Dies steigert das Vertrauen Ihrer Kunden, und die Kaufentscheidung wird einfacher, weil Sie ihnen alle Werkzeuge zur Verf\u00fcgung stellen, die ihnen helfen, die richtige Wahl zu treffen.<\/p>\n\r\n                        <\/div>\r\n                    <\/div>                                        \r\n                <\/div>                                              \r\n                    <\/div>                                \r\n            <\/section>\n\n<section class=\"get-in-touch-block bg-color-grayblue\">  \r\n              <div class=\"d-flex flex-column-reverse flex-lg-row justify-content-between align-items-lg-center container\">              \r\n                    <div class=\"col-12 col-lg-9\">\r\n                        <a class=\"btn-full btn-full-red\" href=\"\/de\/angebot-anfordern\/\">Angebot anfordern<\/a>\r\n                    <\/div>     \r\n                    <div class=\"right-side col-12 col-lg-3\">\r\n                        <img decoding=\"async\" class=\"get-in-touch-img\" src=\"https:\/\/proview360.ch\/wp-content\/uploads\/2025\/03\/iconGetAQuote.png\" alt=\"IconGetAQuote\">\r\n                    <\/div>  \r\n                <\/div>                                                         \r\n            <\/section>\n\n\n<div style=\"height:100px\" aria-hidden=\"true\" class=\"wp-block-spacer\"><\/div>\n\n\n<section id=\"\" class=\"text-block  space-bottom-no space-top-no text-block-id-69d465cb073ea bg-color-white text-color-black\">                \r\n                \r\n                    <div class=\"container\">     \r\n                                 \r\n                        \r\n                               \r\n                                               \r\n                        <div class=\"row text\">\r\n                    <div class=\"col\">\r\n                        <div class=\"textBlock-text text-block-html\" style=\"margin-top: 20px; \">\r\n                            <p class=\"wp-block-gn-text-block\">Wir danken all unseren zahlreichen Kunden, die uns seit 2015 ihr Vertrauen geschenkt haben.<\/p>\n<p>Unten pr\u00e4sentieren wir eine Wohnung, die wir f\u00fcr die Firma ProImmob SA erstellt haben.<\/p>\n<p>F\u00fcr dieses wundersch\u00f6ne Projekt haben wir mehrere Wohnungen in 3D aus 2D-Architekturpl\u00e4nen modelliert.<\/p>\n<p>Nach den W\u00fcnschen des Kunden haben wir die Innenraumaufteilung der Wohnung entworfen und mehrere Optionen bereitgestellt, damit die Kunden problemlos den Bodenbelag, die Wandfarben, die K\u00fcchenfarbe usw. ausw\u00e4hlen k\u00f6nnen, um ihre Wohnung zu personalisieren.<\/p>\n\r\n                        <\/div>\r\n                    <\/div>                                        \r\n                <\/div>                                              \r\n                    <\/div>                                \r\n            <\/section>\n\n\n<div style=\"height:100px\" aria-hidden=\"true\" class=\"wp-block-spacer\"><\/div>\n\n\n<section id=\"\" class=\"iframe-block iframe-block-id-69d465cb074e4  bg-color-black\">\r\n                <div class=\"container\">\r\n                    <div class=\"iframe-wrapper\">\r\n                        <div class=\"row\">\r\n                            <div class=\"row pb-4\">                                        \r\n                        <div class=\"col\">\r\n                            <h2 class=\"textBlock-headline text-white \">3D-Virtueller Rundgang <br\/><span class='text-bold'>aus Architekturpl\u00e4nen<\/span><\/h2>\r\n                        <\/div>       \r\n                    <\/div>\r\n                            <div class=\"col-12 image-video-layout my-4\">\r\n                                  <div class=\"virtual-tour-iframe ratio ratio-16x9\">\r\n                  <iframe loading=\"lazy\"\r\n                      width=\"100%\"\r\n                      height=\"600\"\r\n                      src=\"https:\/\/my.matterport.com\/show\/?m=Qaj6H7xoY8T\"\r\n                      frameborder=\"0\"\r\n                      allowfullscreen\r\n                      allow=\"xr-spatial-tracking; gyroscope; accelerometer\"\r\n                ><\/iframe>\r\n        <\/div>\r\n                            <\/div>\r\n                        <\/div>\r\n                    <\/div>                            \r\n                <\/div>\r\n            <\/section>\n\n\n<div style=\"height:100px\" aria-hidden=\"true\" class=\"wp-block-spacer\"><\/div>\n\n\n<section id=\"\" class=\"text-block  space-bottom-no space-top-no text-block-id-69d465cb075c2 bg-color-white text-color-black\">                \r\n                \r\n                    <div class=\"container\">     \r\n                                 \r\n                        \r\n                               \r\n                                               \r\n                        <div class=\"row text\">\r\n                    <div class=\"col\">\r\n                        <div class=\"textBlock-text text-block-html\" style=\"margin-top: 20px; \">\r\n                            <p class=\"wp-block-gn-text-block\">Ihr Unternehmen befindet sich in den folgenden St\u00e4dten: Genf, Lausanne, Neuenburg, La Chaux-de-Fonds, Del\u00e9mont, Biel\/Bienne, Freiburg, Yverdon-les-Bains, und Sie m\u00f6chten mehr \u00fcber unsere 3D-Synthese-Bilder und virtuellen Rundgang-Dienste aus Architekturpl\u00e4nen erfahren?<\/p>\n<p>Z\u00f6gern Sie nicht, uns zu kontaktieren; wir kommen gerne zu Ihnen, um die M\u00f6glichkeiten und Vorteile zu besprechen, die unser Unternehmen f\u00fcr Ihr Immobilienprojekt bieten kann.<\/p>\n<p>Sie k\u00f6nnen uns per E-Mail oder telefonisch unter +41 79 893 87 00 erreichen, um mit uns in Kontakt zu treten.<\/p>\n\r\n                        <\/div>\r\n                    <\/div>                                        \r\n                <\/div>                                              \r\n                    <\/div>                                \r\n            <\/section>\n\n\n<div style=\"height:100px\" aria-hidden=\"true\" class=\"wp-block-spacer\"><\/div>\n","protected":false},"excerpt":{"rendered":"","protected":false},"author":1,"featured_media":0,"parent":1139,"menu_order":0,"comment_status":"closed","ping_status":"closed","template":"","meta":{"footnotes":""},"class_list":["post-1218","page","type-page","status-publish","hentry"],"yoast_head":"<!-- This site is optimized with the Yoast SEO plugin v27.2 - https:\/\/yoast.com\/product\/yoast-seo-wordpress\/ -->\n<title>3D-Immobilienbesichtigungen: Virtuelle Touren aus 2D-Pl\u00e4nen<\/title>\n<meta name=\"description\" content=\"3D-Immobilienbesichtigungen lassen K\u00e4ufer H\u00e4user\/Wohnungen in 3D erkunden, Ausstattungen anpassen und Panoramen vor dem Bau sehen.\" \/>\n<meta name=\"robots\" content=\"index, follow, max-snippet:-1, max-image-preview:large, max-video-preview:-1\" \/>\n<link rel=\"canonical\" href=\"https:\/\/proview360.ch\/de\/dienstleistungen\/besuche-3d-immobilien\/\" \/>\n<meta property=\"og:locale\" content=\"de_DE\" \/>\n<meta property=\"og:type\" content=\"article\" \/>\n<meta property=\"og:title\" content=\"3D-Immobilienbesichtigungen: Virtuelle Touren aus 2D-Pl\u00e4nen\" \/>\n<meta property=\"og:description\" content=\"3D-Immobilienbesichtigungen lassen K\u00e4ufer H\u00e4user\/Wohnungen in 3D erkunden, Ausstattungen anpassen und Panoramen vor dem Bau sehen.\" \/>\n<meta property=\"og:url\" content=\"https:\/\/proview360.ch\/de\/dienstleistungen\/besuche-3d-immobilien\/\" \/>\n<meta property=\"og:site_name\" content=\"Proview360\" \/>\n<meta property=\"article:modified_time\" content=\"2025-08-28T18:37:02+00:00\" \/>\n<meta property=\"og:image\" content=\"https:\/\/proview360.ch\/wp-content\/uploads\/2025\/08\/311809362_534987525300435_4125622516155104575_n.jpg\" \/>\n\t<meta property=\"og:image:width\" content=\"1040\" \/>\n\t<meta property=\"og:image:height\" content=\"1040\" \/>\n\t<meta property=\"og:image:type\" content=\"image\/jpeg\" \/>\n<meta name=\"twitter:card\" content=\"summary_large_image\" \/>\n<meta name=\"twitter:label1\" content=\"Gesch\u00e4tzte Lesezeit\" \/>\n\t<meta name=\"twitter:data1\" content=\"2\u00a0Minuten\" \/>\n<script type=\"application\/ld+json\" class=\"yoast-schema-graph\">{\"@context\":\"https:\/\/schema.org\",\"@graph\":[{\"@type\":\"WebPage\",\"@id\":\"https:\/\/proview360.ch\/de\/dienstleistungen\/besuche-3d-immobilien\/\",\"url\":\"https:\/\/proview360.ch\/de\/dienstleistungen\/besuche-3d-immobilien\/\",\"name\":\"3D-Immobilienbesichtigungen: Virtuelle Touren aus 2D-Pl\u00e4nen\",\"isPartOf\":{\"@id\":\"https:\/\/proview360.ch\/de\/#website\"},\"datePublished\":\"2025-03-11T20:13:18+00:00\",\"dateModified\":\"2025-08-28T18:37:02+00:00\",\"description\":\"3D-Immobilienbesichtigungen lassen K\u00e4ufer H\u00e4user\/Wohnungen in 3D erkunden, Ausstattungen anpassen und Panoramen vor dem Bau sehen.\",\"breadcrumb\":{\"@id\":\"https:\/\/proview360.ch\/de\/dienstleistungen\/besuche-3d-immobilien\/#breadcrumb\"},\"inLanguage\":\"de\",\"potentialAction\":[{\"@type\":\"ReadAction\",\"target\":[\"https:\/\/proview360.ch\/de\/dienstleistungen\/besuche-3d-immobilien\/\"]}]},{\"@type\":\"BreadcrumbList\",\"@id\":\"https:\/\/proview360.ch\/de\/dienstleistungen\/besuche-3d-immobilien\/#breadcrumb\",\"itemListElement\":[{\"@type\":\"ListItem\",\"position\":1,\"name\":\"Home\",\"item\":\"https:\/\/proview360.ch\/de\/\"},{\"@type\":\"ListItem\",\"position\":2,\"name\":\"Dienstleistungen\",\"item\":\"https:\/\/proview360.ch\/de\/dienstleistungen\/\"},{\"@type\":\"ListItem\",\"position\":3,\"name\":\"Besuche 3D-Immobilien\"}]},{\"@type\":\"WebSite\",\"@id\":\"https:\/\/proview360.ch\/de\/#website\",\"url\":\"https:\/\/proview360.ch\/de\/\",\"name\":\"Proview360 | Visuels 3D et Images de synth\u00e8se pour projets immobiliers \u00e0 Neuch\u00e2tel, Vaud, Gen\u00e8ve, Valais, Fribourg, Jura et Bern\",\"description\":\"Cr\u00e9ation visuels 3D, Images de synth\u00e8se 3D, Visites virtuelles, Projets immobiliers, Neuch\u00e2tel, Vaud, Gen\u00e8ve, Valais Fribourg, Jura, Bern, Visualisation immobili\u00e8re, Rendus, 3D, Proview360,\",\"publisher\":{\"@id\":\"https:\/\/proview360.ch\/de\/#organization\"},\"alternateName\":\"Proview360 propose des services de cr\u00e9ation de visuels 3D, d'images de synth\u00e8se et de visites virtuelles pour des projets immobiliers \u00e0 Neuch\u00e2tel, Vaud, Gen\u00e8ve, Valais, Fribourg, Jura et Bern. D\u00e9couvrez nos solutions pour valoriser vos projets immobiliers.\",\"potentialAction\":[{\"@type\":\"SearchAction\",\"target\":{\"@type\":\"EntryPoint\",\"urlTemplate\":\"https:\/\/proview360.ch\/de\/?s={search_term_string}\"},\"query-input\":{\"@type\":\"PropertyValueSpecification\",\"valueRequired\":true,\"valueName\":\"search_term_string\"}}],\"inLanguage\":\"de\"},{\"@type\":\"Organization\",\"@id\":\"https:\/\/proview360.ch\/de\/#organization\",\"name\":\"Proview360 | Visuels 3D et Images de synth\u00e8se pour projets immobiliers \u00e0 Neuch\u00e2tel, Vaud, Gen\u00e8ve, Valais, Fribourg, Jura et Bern\",\"url\":\"https:\/\/proview360.ch\/de\/\",\"logo\":{\"@type\":\"ImageObject\",\"inLanguage\":\"de\",\"@id\":\"https:\/\/proview360.ch\/de\/#\/schema\/logo\/image\/\",\"url\":\"https:\/\/proview360.ch\/wp-content\/uploads\/2025\/08\/311809362_534987525300435_4125622516155104575_n.jpg\",\"contentUrl\":\"https:\/\/proview360.ch\/wp-content\/uploads\/2025\/08\/311809362_534987525300435_4125622516155104575_n.jpg\",\"width\":1040,\"height\":1040,\"caption\":\"Proview360 | Visuels 3D et Images de synth\u00e8se pour projets immobiliers \u00e0 Neuch\u00e2tel, Vaud, Gen\u00e8ve, Valais, Fribourg, Jura et Bern\"},\"image\":{\"@id\":\"https:\/\/proview360.ch\/de\/#\/schema\/logo\/image\/\"}}]}<\/script>\n<!-- \/ Yoast SEO plugin. -->","yoast_head_json":{"title":"3D-Immobilienbesichtigungen: Virtuelle Touren aus 2D-Pl\u00e4nen","description":"3D-Immobilienbesichtigungen lassen K\u00e4ufer H\u00e4user\/Wohnungen in 3D erkunden, Ausstattungen anpassen und Panoramen vor dem Bau sehen.","robots":{"index":"index","follow":"follow","max-snippet":"max-snippet:-1","max-image-preview":"max-image-preview:large","max-video-preview":"max-video-preview:-1"},"canonical":"https:\/\/proview360.ch\/de\/dienstleistungen\/besuche-3d-immobilien\/","og_locale":"de_DE","og_type":"article","og_title":"3D-Immobilienbesichtigungen: Virtuelle Touren aus 2D-Pl\u00e4nen","og_description":"3D-Immobilienbesichtigungen lassen K\u00e4ufer H\u00e4user\/Wohnungen in 3D erkunden, Ausstattungen anpassen und Panoramen vor dem Bau sehen.","og_url":"https:\/\/proview360.ch\/de\/dienstleistungen\/besuche-3d-immobilien\/","og_site_name":"Proview360","article_modified_time":"2025-08-28T18:37:02+00:00","og_image":[{"width":1040,"height":1040,"url":"https:\/\/proview360.ch\/wp-content\/uploads\/2025\/08\/311809362_534987525300435_4125622516155104575_n.jpg","type":"image\/jpeg"}],"twitter_card":"summary_large_image","twitter_misc":{"Gesch\u00e4tzte Lesezeit":"2\u00a0Minuten"},"schema":{"@context":"https:\/\/schema.org","@graph":[{"@type":"WebPage","@id":"https:\/\/proview360.ch\/de\/dienstleistungen\/besuche-3d-immobilien\/","url":"https:\/\/proview360.ch\/de\/dienstleistungen\/besuche-3d-immobilien\/","name":"3D-Immobilienbesichtigungen: Virtuelle Touren aus 2D-Pl\u00e4nen","isPartOf":{"@id":"https:\/\/proview360.ch\/de\/#website"},"datePublished":"2025-03-11T20:13:18+00:00","dateModified":"2025-08-28T18:37:02+00:00","description":"3D-Immobilienbesichtigungen lassen K\u00e4ufer H\u00e4user\/Wohnungen in 3D erkunden, Ausstattungen anpassen und Panoramen vor dem Bau sehen.","breadcrumb":{"@id":"https:\/\/proview360.ch\/de\/dienstleistungen\/besuche-3d-immobilien\/#breadcrumb"},"inLanguage":"de","potentialAction":[{"@type":"ReadAction","target":["https:\/\/proview360.ch\/de\/dienstleistungen\/besuche-3d-immobilien\/"]}]},{"@type":"BreadcrumbList","@id":"https:\/\/proview360.ch\/de\/dienstleistungen\/besuche-3d-immobilien\/#breadcrumb","itemListElement":[{"@type":"ListItem","position":1,"name":"Home","item":"https:\/\/proview360.ch\/de\/"},{"@type":"ListItem","position":2,"name":"Dienstleistungen","item":"https:\/\/proview360.ch\/de\/dienstleistungen\/"},{"@type":"ListItem","position":3,"name":"Besuche 3D-Immobilien"}]},{"@type":"WebSite","@id":"https:\/\/proview360.ch\/de\/#website","url":"https:\/\/proview360.ch\/de\/","name":"Proview360 | Visuels 3D et Images de synth\u00e8se pour projets immobiliers \u00e0 Neuch\u00e2tel, Vaud, Gen\u00e8ve, Valais, Fribourg, Jura et Bern","description":"Cr\u00e9ation visuels 3D, Images de synth\u00e8se 3D, Visites virtuelles, Projets immobiliers, Neuch\u00e2tel, Vaud, Gen\u00e8ve, Valais Fribourg, Jura, Bern, Visualisation immobili\u00e8re, Rendus, 3D, Proview360,","publisher":{"@id":"https:\/\/proview360.ch\/de\/#organization"},"alternateName":"Proview360 propose des services de cr\u00e9ation de visuels 3D, d'images de synth\u00e8se et de visites virtuelles pour des projets immobiliers \u00e0 Neuch\u00e2tel, Vaud, Gen\u00e8ve, Valais, Fribourg, Jura et Bern. D\u00e9couvrez nos solutions pour valoriser vos projets immobiliers.","potentialAction":[{"@type":"SearchAction","target":{"@type":"EntryPoint","urlTemplate":"https:\/\/proview360.ch\/de\/?s={search_term_string}"},"query-input":{"@type":"PropertyValueSpecification","valueRequired":true,"valueName":"search_term_string"}}],"inLanguage":"de"},{"@type":"Organization","@id":"https:\/\/proview360.ch\/de\/#organization","name":"Proview360 | Visuels 3D et Images de synth\u00e8se pour projets immobiliers \u00e0 Neuch\u00e2tel, Vaud, Gen\u00e8ve, Valais, Fribourg, Jura et Bern","url":"https:\/\/proview360.ch\/de\/","logo":{"@type":"ImageObject","inLanguage":"de","@id":"https:\/\/proview360.ch\/de\/#\/schema\/logo\/image\/","url":"https:\/\/proview360.ch\/wp-content\/uploads\/2025\/08\/311809362_534987525300435_4125622516155104575_n.jpg","contentUrl":"https:\/\/proview360.ch\/wp-content\/uploads\/2025\/08\/311809362_534987525300435_4125622516155104575_n.jpg","width":1040,"height":1040,"caption":"Proview360 | Visuels 3D et Images de synth\u00e8se pour projets immobiliers \u00e0 Neuch\u00e2tel, Vaud, Gen\u00e8ve, Valais, Fribourg, Jura et Bern"},"image":{"@id":"https:\/\/proview360.ch\/de\/#\/schema\/logo\/image\/"}}]}},"_links":{"self":[{"href":"https:\/\/proview360.ch\/de\/wp-json\/wp\/v2\/pages\/1218","targetHints":{"allow":["GET"]}}],"collection":[{"href":"https:\/\/proview360.ch\/de\/wp-json\/wp\/v2\/pages"}],"about":[{"href":"https:\/\/proview360.ch\/de\/wp-json\/wp\/v2\/types\/page"}],"author":[{"embeddable":true,"href":"https:\/\/proview360.ch\/de\/wp-json\/wp\/v2\/users\/1"}],"replies":[{"embeddable":true,"href":"https:\/\/proview360.ch\/de\/wp-json\/wp\/v2\/comments?post=1218"}],"version-history":[{"count":6,"href":"https:\/\/proview360.ch\/de\/wp-json\/wp\/v2\/pages\/1218\/revisions"}],"predecessor-version":[{"id":4619,"href":"https:\/\/proview360.ch\/de\/wp-json\/wp\/v2\/pages\/1218\/revisions\/4619"}],"up":[{"embeddable":true,"href":"https:\/\/proview360.ch\/de\/wp-json\/wp\/v2\/pages\/1139"}],"wp:attachment":[{"href":"https:\/\/proview360.ch\/de\/wp-json\/wp\/v2\/media?parent=1218"}],"curies":[{"name":"wp","href":"https:\/\/api.w.org\/{rel}","templated":true}]}}