{"id":1145,"date":"2025-03-11T20:16:53","date_gmt":"2025-03-11T20:16:53","guid":{"rendered":"https:\/\/proview360.ch\/portfolio\/"},"modified":"2026-02-11T14:33:18","modified_gmt":"2026-02-11T14:33:18","slug":"portfolio","status":"publish","type":"page","link":"https:\/\/proview360.ch\/de\/portfolio\/","title":{"rendered":"Portfolio"},"content":{"rendered":"\r\n            <style>\r\n                 .hero-section-block-69d452a5e7931 {\r\n                    background-image: url(https:\/\/proview360.ch\/wp-content\/uploads\/2025\/04\/https___bcg.proviewdemo.com_storage_uploads_2022_12_07_portfolioBackground_uid_6390803841c99.jpg);\r\n                    background-attachment: scroll;\r\n                    background-size: cover;  \r\n                    background-repeat: no-repeat; \r\n                    background-position: center center;\r\n                    color:  var(--proview-white);\r\n                }\r\n        \r\n                @media (max-width: 1024px) {\r\n                     .hero-section-block-69d452a5e7931 {\r\n                        background-attachment: scroll;\r\n                    }\r\n                }\r\n        <\/style><section class=\"hero-section-block hero-section-block-69d452a5e7931\">   \r\n            <div class=\"container hero-section-container hero-section-banner-1 \">\r\n                    <div class=\"hero-section d-flex flex-column align-items-left justify-content-center text-left\">\r\n                \r\n                        <h1 class=\"hero-title\">Unser Portfolio<\/h1>\r\n                        <p  id=\"padding-block-69d452a5e7932\" class=\"hero-description\"><\/p>\r\n                            \r\n                    \r\n                <\/div>\r\n            <\/div>\r\n        <\/section>\n\n\n<div style=\"height:100px\" aria-hidden=\"true\" class=\"wp-block-spacer\"><\/div>\n\n\n\r\n    <!-- Portfolio Block Container -->\r\n    <div class=\" hex-container\">\r\n\r\n        <!-- Filter Bar -->\r\n        <div class=\"portfolio-filter d-flex  justify-content-between align-items-center p-3\">\r\n\r\n            <div class=\"container d-flex align-items-center justify-content-between\">\r\n                <!-- Title (left-aligned) -->\r\n                <div class=\"d-block\">\r\n                <h1 class='textBlock-headline'><\/h1>            <\/div>\r\n                <!-- Mobile Toggler (right-aligned on small screens) -->\r\n                <div class=\"d-flex d-lg-none justify-content-end w-100\">\r\n                    <button class=\"navbar-toggler ms-auto\" type=\"button\" id=\"toggleButton\" aria-controls=\"portfolioFilterMenu\" aria-expanded=\"false\" aria-label=\"Toggle navigation\">\r\n                        <span class=\"portfolio-filters-mob\">Portfolio-Filter <i class=\"bi bi-filter-right\"><\/i><\/span>\r\n                    <\/button>\r\n                <\/div>\r\n\r\n                <!-- Filter Menu (right-aligned on large screens) -->\r\n                <div class=\"portfolio-filter-collapse collapse d-lg-block ms-lg-auto\" id=\"portfolioFilterMenu\">\r\n                    <nav class=\"filter-nav\">\r\n                        <ul class=\"nav flex-column flex-lg-row gap-2\">\r\n                            <li class=\"nav-item\">\r\n                                <a class=\"nav-link-gn active\" href=\"#\" data-filter=\"all\">Alle<\/a>\r\n                            <\/li>\r\n                                                            <li class=\"nav-item\">\r\n                                    <a class=\"nav-link-gn\" href=\"#\" data-filter=\"3D-Bilder\">\r\n                                        3D-Bilder                                    <\/a>\r\n                                <\/li>\r\n                                                            <li class=\"nav-item\">\r\n                                    <a class=\"nav-link-gn\" href=\"#\" data-filter=\"Luftbild\">\r\n                                        Luftbild                                    <\/a>\r\n                                <\/li>\r\n                                                            <li class=\"nav-item\">\r\n                                    <a class=\"nav-link-gn\" href=\"#\" data-filter=\"Immobilienfotos\">\r\n                                        Immobilienfotos                                    <\/a>\r\n                                <\/li>\r\n                                                            <li class=\"nav-item\">\r\n                                    <a class=\"nav-link-gn\" href=\"#\" data-filter=\"Virtuelles Home Staging\">\r\n                                        Virtuelles Home Staging                                    <\/a>\r\n                                <\/li>\r\n                                                            <li class=\"nav-item\">\r\n                                    <a class=\"nav-link-gn\" href=\"#\" data-filter=\"Virtuelle Renovierung\">\r\n                                        Virtuelle Renovierung                                    <\/a>\r\n                                <\/li>\r\n                                                            <li class=\"nav-item\">\r\n                                    <a class=\"nav-link-gn\" href=\"#\" data-filter=\"2D-Pl\u00e4ne\">\r\n                                        2D-Pl\u00e4ne                                    <\/a>\r\n                                <\/li>\r\n                                                            <li class=\"nav-item\">\r\n                                    <a class=\"nav-link-gn\" href=\"#\" data-filter=\"2D-Datenbl\u00e4tter\">\r\n                                        2D-Datenbl\u00e4tter                                    <\/a>\r\n                                <\/li>\r\n                                                            <li class=\"nav-item\">\r\n                                    <a class=\"nav-link-gn\" href=\"#\" data-filter=\"Ma\u00dfnahmen Matterport\">\r\n                                        Ma\u00dfnahmen Matterport                                    <\/a>\r\n                                <\/li>\r\n                                                    <\/ul>\r\n                    <\/nav>\r\n                <\/div>\r\n            <\/div>\r\n        <\/div>\r\n\r\n        <!-- Portfolio Grid -->\r\n        <div class=\"gn-portfolio-block\">\r\n            <div class=\"row gy-3 portfolio-grid \">\r\n\r\n                <!-- Spinner (Hidden initially) -->\r\n                <div class=\"col-12 text-center\" style=\"display: none;\" id=\"portfolio-spinner\">\r\n                    <div class=\"spinner-border text-danger\" role=\"status\"><\/div>\r\n                <\/div>\r\n\r\n                <ul id=\"hexGrid\"><li class=\"hex\">  <a  class=\"hexIn portfolio-image\" data-video=\"\" data-link=\"#\" data-portfolio-type=\"gallery\" target=\"_self\"  href=\"#\" data-bs-toggle=\"modal\" data-bs-target=\"#lightboxModal\" data-image=\"https:\/\/proview360.ch\/wp-content\/uploads\/2025\/08\/DSC_8508.webp\" data-title=\"\" data-description=\"\"><img decoding=\"async\" src=\"https:\/\/proview360.ch\/wp-content\/uploads\/2025\/08\/DSC_8508.webp\" alt=\"DSC 8508\" \/>\r\n              <i class=\"bi bi-card-image icon-gallery\"><\/i>    <h2 class=\"gn-h3\"><\/h2>    <p class=\"hex-in-description\"><\/p>  <\/a><\/li><li class=\"hex\">  <a  class=\"hexIn portfolio-image\" data-video=\"\" data-link=\"#\" data-portfolio-type=\"gallery\" target=\"_self\"  href=\"#\" data-bs-toggle=\"modal\" data-bs-target=\"#lightboxModal\" data-image=\"https:\/\/proview360.ch\/wp-content\/uploads\/2025\/08\/DSC_8505.webp\" data-title=\"\" data-description=\"\"><img decoding=\"async\" src=\"https:\/\/proview360.ch\/wp-content\/uploads\/2025\/08\/DSC_8505.webp\" alt=\"DSC 8505\" \/>\r\n              <i class=\"bi bi-card-image icon-gallery\"><\/i>    <h2 class=\"gn-h3\"><\/h2>    <p class=\"hex-in-description\"><\/p>  <\/a><\/li><li class=\"hex\">  <a  class=\"hexIn portfolio-image\" data-video=\"\" data-link=\"#\" data-portfolio-type=\"gallery\" target=\"_self\"  href=\"#\" data-bs-toggle=\"modal\" data-bs-target=\"#lightboxModal\" data-image=\"https:\/\/proview360.ch\/wp-content\/uploads\/2025\/08\/DSC_7810.webp\" data-title=\"\" data-description=\"\"><img decoding=\"async\" src=\"https:\/\/proview360.ch\/wp-content\/uploads\/2025\/08\/DSC_7810.webp\" alt=\"DSC 7810\" \/>\r\n              <i class=\"bi bi-card-image icon-gallery\"><\/i>    <h2 class=\"gn-h3\"><\/h2>    <p class=\"hex-in-description\"><\/p>  <\/a><\/li><li class=\"hex\">  <a  class=\"hexIn portfolio-image\" data-video=\"\" data-link=\"#\" data-portfolio-type=\"gallery\" target=\"_self\"  href=\"#\" data-bs-toggle=\"modal\" data-bs-target=\"#lightboxModal\" data-image=\"https:\/\/proview360.ch\/wp-content\/uploads\/2025\/08\/DSC_7801.webp\" data-title=\"\" data-description=\"\"><img decoding=\"async\" src=\"https:\/\/proview360.ch\/wp-content\/uploads\/2025\/08\/DSC_7801.webp\" alt=\"DSC 7801\" \/>\r\n              <i class=\"bi bi-card-image icon-gallery\"><\/i>    <h2 class=\"gn-h3\"><\/h2>    <p class=\"hex-in-description\"><\/p>  <\/a><\/li><li class=\"hex\">  <a  class=\"hexIn portfolio-image\" data-video=\"\" data-link=\"#\" data-portfolio-type=\"gallery\" target=\"_self\"  href=\"#\" data-bs-toggle=\"modal\" data-bs-target=\"#lightboxModal\" data-image=\"https:\/\/proview360.ch\/wp-content\/uploads\/2025\/08\/DSC_7795.webp\" data-title=\"\" data-description=\"\"><img decoding=\"async\" src=\"https:\/\/proview360.ch\/wp-content\/uploads\/2025\/08\/DSC_7795.webp\" alt=\"DSC 7795\" \/>\r\n              <i class=\"bi bi-card-image icon-gallery\"><\/i>    <h2 class=\"gn-h3\"><\/h2>    <p class=\"hex-in-description\"><\/p>  <\/a><\/li><li class=\"hex\">  <a  class=\"hexIn portfolio-image\" data-video=\"\" data-link=\"#\" data-portfolio-type=\"gallery\" target=\"_self\"  href=\"#\" data-bs-toggle=\"modal\" data-bs-target=\"#lightboxModal\" data-image=\"https:\/\/proview360.ch\/wp-content\/uploads\/2025\/08\/DSC_7633.webp\" data-title=\"\" data-description=\"\"><img decoding=\"async\" src=\"https:\/\/proview360.ch\/wp-content\/uploads\/2025\/08\/DSC_7633.webp\" alt=\"DSC 7633\" \/>\r\n              <i class=\"bi bi-card-image icon-gallery\"><\/i>    <h2 class=\"gn-h3\"><\/h2>    <p class=\"hex-in-description\"><\/p>  <\/a><\/li><li class=\"hex\">  <a  class=\"hexIn portfolio-image\" data-video=\"\" data-link=\"#\" data-portfolio-type=\"gallery\" target=\"_self\"  href=\"#\" data-bs-toggle=\"modal\" data-bs-target=\"#lightboxModal\" data-image=\"https:\/\/proview360.ch\/wp-content\/uploads\/2025\/08\/DSC_6587.webp\" data-title=\"\" data-description=\"\"><img decoding=\"async\" src=\"https:\/\/proview360.ch\/wp-content\/uploads\/2025\/08\/DSC_6587.webp\" alt=\"DSC 6587\" \/>\r\n              <i class=\"bi bi-card-image icon-gallery\"><\/i>    <h2 class=\"gn-h3\"><\/h2>    <p class=\"hex-in-description\"><\/p>  <\/a><\/li><\/ul>            <\/div>\r\n\r\n            <!-- Load More \/ Show Less Buttons -->\r\n            <div class=\"d-flex flex-column flex-sm-row justify-content-center align-items-center gap-1 text-center pb-1\" id=\"button-container\">\r\n                <a class=\"load-more-button text-uppercase btn-full btn-full-red\">\r\n                    Mehr anzeigen                <\/a>\r\n                <a class=\"show-less-button text-uppercase btn-full btn-full-red\">\r\n                    Zur\u00fccksetzen                <\/a>\r\n\r\n            <\/div>\r\n        <\/div>\r\n\r\n    <\/div>\r\n\r\n    <!-- Lightbox Modal -->\r\n    <div class=\"modal fade\" id=\"lightboxModal\" tabindex=\"-1\" aria-labelledby=\"lightboxModalLabel\" aria-hidden=\"true\">\r\n        <div class=\"modal-dialog modal-dialog-centered modal-lg\">\r\n            <div class=\"modal-content\" style=\"background: transparent; border: 0; overflow: hidden\">\r\n\r\n                <div class=\"modal-body\" >\r\n<!--                    <button type=\"button\" class=\"btn-close\" data-bs-dismiss=\"modal\" aria-label=\"Close\"><\/button>-->\r\n                    <div id=\"lightboxCarousel\" class=\"carousel slide\" data-bs-interval=\"false\">\r\n                        <div class=\"carousel-inner\" id=\"lightboxCarouselContent\">\r\n                            <!-- Populated dynamically -->\r\n                        <\/div>\r\n                        <button class=\"carousel-control-prev\" type=\"button\" data-bs-target=\"#lightboxCarousel\" data-bs-slide=\"prev\">\r\n                            <span class=\"carousel-control-prev-icon\" aria-hidden=\"true\"><\/span>\r\n                            <span class=\"visually-hidden\">Previous<\/span>\r\n                        <\/button>\r\n                        <button class=\"carousel-control-next\" type=\"button\" data-bs-target=\"#lightboxCarousel\" data-bs-slide=\"next\">\r\n                            <span class=\"carousel-control-next-icon\" aria-hidden=\"true\"><\/span>\r\n                            <span class=\"visually-hidden\">Next<\/span>\r\n                        <\/button>\r\n                    <\/div>\r\n                <\/div>\r\n            <\/div>\r\n        <\/div>\r\n    <\/div>\r\n\r\n    \n\n\n<div style=\"height:100px\" aria-hidden=\"true\" class=\"wp-block-spacer\"><\/div>\n","protected":false},"excerpt":{"rendered":"","protected":false},"author":1,"featured_media":0,"parent":0,"menu_order":0,"comment_status":"closed","ping_status":"closed","template":"","meta":{"footnotes":""},"class_list":["post-1145","page","type-page","status-publish","hentry"],"yoast_head":"<!-- This site is optimized with the Yoast SEO plugin v27.2 - https:\/\/yoast.com\/product\/yoast-seo-wordpress\/ -->\n<title>Portfolio ProView360 | 3D Visualisierungen &amp; Immobilienprojekte<\/title>\n<meta name=\"description\" content=\"Entdecken Sie das ProView360-Portfolio mit 3D-Visualisierungen, Immobilien-Renderings, virtuellen Rundg\u00e4ngen und Architekturprojekten in der Schweiz.\" \/>\n<meta name=\"robots\" content=\"index, follow, max-snippet:-1, max-image-preview:large, max-video-preview:-1\" \/>\n<link rel=\"canonical\" href=\"https:\/\/proview360.ch\/de\/portfolio\/\" \/>\n<meta property=\"og:locale\" content=\"de_DE\" \/>\n<meta property=\"og:type\" content=\"article\" \/>\n<meta property=\"og:title\" content=\"Portfolio ProView360 | 3D Visualisierungen &amp; Immobilienprojekte\" \/>\n<meta property=\"og:description\" content=\"Entdecken Sie das ProView360-Portfolio mit 3D-Visualisierungen, Immobilien-Renderings, virtuellen Rundg\u00e4ngen und Architekturprojekten in der Schweiz.\" \/>\n<meta property=\"og:url\" content=\"https:\/\/proview360.ch\/de\/portfolio\/\" \/>\n<meta property=\"og:site_name\" content=\"Proview360\" \/>\n<meta property=\"article:modified_time\" content=\"2026-02-11T14:33:18+00:00\" \/>\n<meta property=\"og:image\" content=\"https:\/\/proview360.ch\/wp-content\/uploads\/2025\/08\/311809362_534987525300435_4125622516155104575_n.jpg\" \/>\n\t<meta property=\"og:image:width\" content=\"1040\" \/>\n\t<meta property=\"og:image:height\" content=\"1040\" \/>\n\t<meta property=\"og:image:type\" content=\"image\/jpeg\" \/>\n<meta name=\"twitter:card\" content=\"summary_large_image\" \/>\n<script type=\"application\/ld+json\" class=\"yoast-schema-graph\">{\"@context\":\"https:\/\/schema.org\",\"@graph\":[{\"@type\":\"WebPage\",\"@id\":\"https:\/\/proview360.ch\/de\/portfolio\/\",\"url\":\"https:\/\/proview360.ch\/de\/portfolio\/\",\"name\":\"Portfolio ProView360 | 3D Visualisierungen & Immobilienprojekte\",\"isPartOf\":{\"@id\":\"https:\/\/proview360.ch\/de\/#website\"},\"datePublished\":\"2025-03-11T20:16:53+00:00\",\"dateModified\":\"2026-02-11T14:33:18+00:00\",\"description\":\"Entdecken Sie das ProView360-Portfolio mit 3D-Visualisierungen, Immobilien-Renderings, virtuellen Rundg\u00e4ngen und Architekturprojekten in der Schweiz.\",\"breadcrumb\":{\"@id\":\"https:\/\/proview360.ch\/de\/portfolio\/#breadcrumb\"},\"inLanguage\":\"de\",\"potentialAction\":[{\"@type\":\"ReadAction\",\"target\":[\"https:\/\/proview360.ch\/de\/portfolio\/\"]}]},{\"@type\":\"BreadcrumbList\",\"@id\":\"https:\/\/proview360.ch\/de\/portfolio\/#breadcrumb\",\"itemListElement\":[{\"@type\":\"ListItem\",\"position\":1,\"name\":\"Home\",\"item\":\"https:\/\/proview360.ch\/de\/\"},{\"@type\":\"ListItem\",\"position\":2,\"name\":\"Portfolio\"}]},{\"@type\":\"WebSite\",\"@id\":\"https:\/\/proview360.ch\/de\/#website\",\"url\":\"https:\/\/proview360.ch\/de\/\",\"name\":\"Proview360 | Visuels 3D et Images de synth\u00e8se pour projets immobiliers \u00e0 Neuch\u00e2tel, Vaud, Gen\u00e8ve, Valais, Fribourg, Jura et Bern\",\"description\":\"Cr\u00e9ation visuels 3D, Images de synth\u00e8se 3D, Visites virtuelles, Projets immobiliers, Neuch\u00e2tel, Vaud, Gen\u00e8ve, Valais Fribourg, Jura, Bern, Visualisation immobili\u00e8re, Rendus, 3D, Proview360,\",\"publisher\":{\"@id\":\"https:\/\/proview360.ch\/de\/#organization\"},\"alternateName\":\"Proview360 propose des services de cr\u00e9ation de visuels 3D, d'images de synth\u00e8se et de visites virtuelles pour des projets immobiliers \u00e0 Neuch\u00e2tel, Vaud, Gen\u00e8ve, Valais, Fribourg, Jura et Bern. D\u00e9couvrez nos solutions pour valoriser vos projets immobiliers.\",\"potentialAction\":[{\"@type\":\"SearchAction\",\"target\":{\"@type\":\"EntryPoint\",\"urlTemplate\":\"https:\/\/proview360.ch\/de\/?s={search_term_string}\"},\"query-input\":{\"@type\":\"PropertyValueSpecification\",\"valueRequired\":true,\"valueName\":\"search_term_string\"}}],\"inLanguage\":\"de\"},{\"@type\":\"Organization\",\"@id\":\"https:\/\/proview360.ch\/de\/#organization\",\"name\":\"Proview360 | Visuels 3D et Images de synth\u00e8se pour projets immobiliers \u00e0 Neuch\u00e2tel, Vaud, Gen\u00e8ve, Valais, Fribourg, Jura et Bern\",\"url\":\"https:\/\/proview360.ch\/de\/\",\"logo\":{\"@type\":\"ImageObject\",\"inLanguage\":\"de\",\"@id\":\"https:\/\/proview360.ch\/de\/#\/schema\/logo\/image\/\",\"url\":\"https:\/\/proview360.ch\/wp-content\/uploads\/2025\/08\/311809362_534987525300435_4125622516155104575_n.jpg\",\"contentUrl\":\"https:\/\/proview360.ch\/wp-content\/uploads\/2025\/08\/311809362_534987525300435_4125622516155104575_n.jpg\",\"width\":1040,\"height\":1040,\"caption\":\"Proview360 | Visuels 3D et Images de synth\u00e8se pour projets immobiliers \u00e0 Neuch\u00e2tel, Vaud, Gen\u00e8ve, Valais, Fribourg, Jura et Bern\"},\"image\":{\"@id\":\"https:\/\/proview360.ch\/de\/#\/schema\/logo\/image\/\"}}]}<\/script>\n<!-- \/ Yoast SEO plugin. -->","yoast_head_json":{"title":"Portfolio ProView360 | 3D Visualisierungen & Immobilienprojekte","description":"Entdecken Sie das ProView360-Portfolio mit 3D-Visualisierungen, Immobilien-Renderings, virtuellen Rundg\u00e4ngen und Architekturprojekten in der Schweiz.","robots":{"index":"index","follow":"follow","max-snippet":"max-snippet:-1","max-image-preview":"max-image-preview:large","max-video-preview":"max-video-preview:-1"},"canonical":"https:\/\/proview360.ch\/de\/portfolio\/","og_locale":"de_DE","og_type":"article","og_title":"Portfolio ProView360 | 3D Visualisierungen & Immobilienprojekte","og_description":"Entdecken Sie das ProView360-Portfolio mit 3D-Visualisierungen, Immobilien-Renderings, virtuellen Rundg\u00e4ngen und Architekturprojekten in der Schweiz.","og_url":"https:\/\/proview360.ch\/de\/portfolio\/","og_site_name":"Proview360","article_modified_time":"2026-02-11T14:33:18+00:00","og_image":[{"width":1040,"height":1040,"url":"https:\/\/proview360.ch\/wp-content\/uploads\/2025\/08\/311809362_534987525300435_4125622516155104575_n.jpg","type":"image\/jpeg"}],"twitter_card":"summary_large_image","schema":{"@context":"https:\/\/schema.org","@graph":[{"@type":"WebPage","@id":"https:\/\/proview360.ch\/de\/portfolio\/","url":"https:\/\/proview360.ch\/de\/portfolio\/","name":"Portfolio ProView360 | 3D Visualisierungen & Immobilienprojekte","isPartOf":{"@id":"https:\/\/proview360.ch\/de\/#website"},"datePublished":"2025-03-11T20:16:53+00:00","dateModified":"2026-02-11T14:33:18+00:00","description":"Entdecken Sie das ProView360-Portfolio mit 3D-Visualisierungen, Immobilien-Renderings, virtuellen Rundg\u00e4ngen und Architekturprojekten in der Schweiz.","breadcrumb":{"@id":"https:\/\/proview360.ch\/de\/portfolio\/#breadcrumb"},"inLanguage":"de","potentialAction":[{"@type":"ReadAction","target":["https:\/\/proview360.ch\/de\/portfolio\/"]}]},{"@type":"BreadcrumbList","@id":"https:\/\/proview360.ch\/de\/portfolio\/#breadcrumb","itemListElement":[{"@type":"ListItem","position":1,"name":"Home","item":"https:\/\/proview360.ch\/de\/"},{"@type":"ListItem","position":2,"name":"Portfolio"}]},{"@type":"WebSite","@id":"https:\/\/proview360.ch\/de\/#website","url":"https:\/\/proview360.ch\/de\/","name":"Proview360 | Visuels 3D et Images de synth\u00e8se pour projets immobiliers \u00e0 Neuch\u00e2tel, Vaud, Gen\u00e8ve, Valais, Fribourg, Jura et Bern","description":"Cr\u00e9ation visuels 3D, Images de synth\u00e8se 3D, Visites virtuelles, Projets immobiliers, Neuch\u00e2tel, Vaud, Gen\u00e8ve, Valais Fribourg, Jura, Bern, Visualisation immobili\u00e8re, Rendus, 3D, Proview360,","publisher":{"@id":"https:\/\/proview360.ch\/de\/#organization"},"alternateName":"Proview360 propose des services de cr\u00e9ation de visuels 3D, d'images de synth\u00e8se et de visites virtuelles pour des projets immobiliers \u00e0 Neuch\u00e2tel, Vaud, Gen\u00e8ve, Valais, Fribourg, Jura et Bern. D\u00e9couvrez nos solutions pour valoriser vos projets immobiliers.","potentialAction":[{"@type":"SearchAction","target":{"@type":"EntryPoint","urlTemplate":"https:\/\/proview360.ch\/de\/?s={search_term_string}"},"query-input":{"@type":"PropertyValueSpecification","valueRequired":true,"valueName":"search_term_string"}}],"inLanguage":"de"},{"@type":"Organization","@id":"https:\/\/proview360.ch\/de\/#organization","name":"Proview360 | Visuels 3D et Images de synth\u00e8se pour projets immobiliers \u00e0 Neuch\u00e2tel, Vaud, Gen\u00e8ve, Valais, Fribourg, Jura et Bern","url":"https:\/\/proview360.ch\/de\/","logo":{"@type":"ImageObject","inLanguage":"de","@id":"https:\/\/proview360.ch\/de\/#\/schema\/logo\/image\/","url":"https:\/\/proview360.ch\/wp-content\/uploads\/2025\/08\/311809362_534987525300435_4125622516155104575_n.jpg","contentUrl":"https:\/\/proview360.ch\/wp-content\/uploads\/2025\/08\/311809362_534987525300435_4125622516155104575_n.jpg","width":1040,"height":1040,"caption":"Proview360 | Visuels 3D et Images de synth\u00e8se pour projets immobiliers \u00e0 Neuch\u00e2tel, Vaud, Gen\u00e8ve, Valais, Fribourg, Jura et Bern"},"image":{"@id":"https:\/\/proview360.ch\/de\/#\/schema\/logo\/image\/"}}]}},"_links":{"self":[{"href":"https:\/\/proview360.ch\/de\/wp-json\/wp\/v2\/pages\/1145","targetHints":{"allow":["GET"]}}],"collection":[{"href":"https:\/\/proview360.ch\/de\/wp-json\/wp\/v2\/pages"}],"about":[{"href":"https:\/\/proview360.ch\/de\/wp-json\/wp\/v2\/types\/page"}],"author":[{"embeddable":true,"href":"https:\/\/proview360.ch\/de\/wp-json\/wp\/v2\/users\/1"}],"replies":[{"embeddable":true,"href":"https:\/\/proview360.ch\/de\/wp-json\/wp\/v2\/comments?post=1145"}],"version-history":[{"count":3,"href":"https:\/\/proview360.ch\/de\/wp-json\/wp\/v2\/pages\/1145\/revisions"}],"predecessor-version":[{"id":4403,"href":"https:\/\/proview360.ch\/de\/wp-json\/wp\/v2\/pages\/1145\/revisions\/4403"}],"wp:attachment":[{"href":"https:\/\/proview360.ch\/de\/wp-json\/wp\/v2\/media?parent=1145"}],"curies":[{"name":"wp","href":"https:\/\/api.w.org\/{rel}","templated":true}]}}