{"id":1139,"date":"2025-03-11T20:12:48","date_gmt":"2025-03-11T20:12:48","guid":{"rendered":"https:\/\/proview360.ch\/services\/"},"modified":"2026-03-12T11:49:57","modified_gmt":"2026-03-12T11:49:57","slug":"dienstleistungen","status":"publish","type":"page","link":"https:\/\/proview360.ch\/de\/dienstleistungen\/","title":{"rendered":"Dienstleistungen"},"content":{"rendered":"\r\n            <style>\r\n                 .hero-section-block-69d4512e8ef5a {\r\n                    background-image: url(https:\/\/proview360.ch\/wp-content\/uploads\/2025\/04\/services.jpg);\r\n                    background-attachment: scroll;\r\n                    background-size: cover;  \r\n                    background-repeat: no-repeat; \r\n                    background-position: center center;\r\n                    color:  var(--proview-white);\r\n                }\r\n        \r\n                @media (max-width: 1024px) {\r\n                     .hero-section-block-69d4512e8ef5a {\r\n                        background-attachment: scroll;\r\n                    }\r\n                }\r\n        <\/style><section class=\"hero-section-block hero-section-block-69d4512e8ef5a\">   \r\n            <div class=\"container hero-section-container hero-section-banner-1 \">\r\n                    <div class=\"hero-section d-flex flex-column align-items-left justify-content-center text-left\">\r\n                \r\n                        <h1 class=\"hero-title\"><\/h1>\r\n                        <p  id=\"padding-block-69d4512e8ef5b\" class=\"hero-description\"><\/p>\r\n                            \r\n                    \r\n                <\/div>\r\n            <\/div>\r\n        <\/section>\n\n<section id=\"\" class=\"headline-block  space-bottom-yes space-top-yes text-block-id-69d4512e8f065 bg-color-gray text-color-black\">                \r\n                \r\n                    <div class=\"container\">     \r\n                        <p class='background-text'> Dienstleistungen <\/p>         \r\n                        <div class=\"row\">                                        \r\n                        <div class=\"col\">\r\n                            <h1 class=\"textBlock-headline left \">Dienstleistungen<\/h1>\r\n                        <\/div>       \r\n                                                          \r\n                    <\/div>\r\n                               \r\n                                               \r\n                    <\/div>                                \r\n            <\/section>\n\n<div class=\"section-hexagons  sections-hexagons-hexagons_69d4512e8f11a .\">\r\n                \r\n                           <ul id=\"hexGrid\">\r\n                                        \r\n         <li class=\"hex\">\r\n                <div class=\"hexIn\" href=\"#\">\r\n                       <img decoding=\"async\" alt=\"Image 3D Geneve Louis Aubert Proview360\" src=\"https:\/\/proview360.ch\/wp-content\/uploads\/2025\/08\/Image_3D_geneve_louis_aubert_proview360.webp\" \/>\r\n                  <h2 class=\"gn-h3\">3D-Visualisierungen f\u00fcr Immobilien in der Schweiz<\/h2>\r\n                  <p class=\"hex-in-description\">Seit \u00fcber 10 Jahren unterst\u00fctzt ProView360 Immobilienprofis mit\u00a0hochwertigen 3D-Visualisierungen, die Projekte greifbar machen \u2013 noch bevor sie gebaut&#8230;<\/p>\r\n                  <a class=\"hex-btn\" href=\"\/de\/dienstleistungen\/3d-visualisierungen-immobilien\/\">Voir plus d&#8217;images<\/a>\r\n                <\/div>\r\n         <\/li>\r\n         <li class=\"hex\">\r\n                <div class=\"hexIn\" href=\"#\">\r\n                       <img decoding=\"async\" alt=\"Ap1.1\" src=\"https:\/\/proview360.ch\/wp-content\/uploads\/2025\/07\/Ap1.1-scaled.jpg\" \/>\r\n                  <h2 class=\"gn-h3\">3D-virtuelle Besichtigungen aus Architekturpl\u00e4nen<\/h2>\r\n                  <p class=\"hex-in-description\">ProView360 erstellt\u00a0interaktive 3D-Rundg\u00e4nge\u00a0auf Basis von\u00a0Architekturpl\u00e4nen\u00a0\u2013 ideal f\u00fcr\u00a0Immobilienentwickler, Architekten und Makler. Wir modellieren das gesamte Projekt in 3D, sodass&#8230;<\/p>\r\n                  <a class=\"hex-btn\" href=\"\/de\/dienstleistungen\/virtueller-3d-rundgang\/\">Voir plus d&#8217;images<\/a>\r\n                <\/div>\r\n         <\/li>\r\n         <li class=\"hex\">\r\n                <div class=\"hexIn\" href=\"#\">\r\n                       <img decoding=\"async\" alt=\"Screenshot 2025 08 23 175627\" src=\"https:\/\/proview360.ch\/wp-content\/uploads\/2025\/08\/Screenshot-2025-08-23-175627.png\" \/>\r\n                  <h2 class=\"gn-h3\">3D-Immobilienvideos in der Schweiz<\/h2>\r\n                  <p class=\"hex-in-description\">ProView360 verwandelt nicht gebaute Immobilienprojekte in\u00a0emotionale, kinoreife 3D-Erlebnisse.\u00a0Mit\u00a0Unreal Engine 5, Corona Renderer und D5 Render\u00a0liefern wir ma\u00dfgeschneiderte Videos&#8230;<\/p>\r\n                  <a class=\"hex-btn\" href=\"\/de\/dienstleistungen\/3d-immobilienvideos\/\">Voir plus d&#8217;images<\/a>\r\n                <\/div>\r\n         <\/li>\r\n         <li class=\"hex\">\r\n                <div class=\"hexIn\" href=\"#\">\r\n                       <img decoding=\"async\" alt=\"DSC 2311 Proview360\" src=\"https:\/\/proview360.ch\/wp-content\/uploads\/2025\/08\/DSC_2311_proview360.webp\" \/>\r\n                  <h2 class=\"gn-h3\">Immobilienfotografie in der Schweiz<\/h2>\r\n                  <p class=\"hex-in-description\">ProView360 bietet professionelle Fotografie f\u00fcr\u00a0m\u00f6blierte oder leere Wohnungen, H\u00e4user und Gewerbefl\u00e4chen. Unser Ziel:\u00a0Helle, ansprechende und raumgreifende Bilder, die&#8230;<\/p>\r\n                  <a class=\"hex-btn\" href=\"\/de\/dienstleistungen\/immobilienfotografie\/\">Voir plus d&#8217;images<\/a>\r\n                <\/div>\r\n         <\/li>\r\n         <li class=\"hex\">\r\n                <div class=\"hexIn\" href=\"#\">\r\n                       <img decoding=\"async\" alt=\"Zones Desservies\" src=\"https:\/\/proview360.ch\/wp-content\/uploads\/2025\/08\/Zones-desservies.webp\" \/>\r\n                  <h2 class=\"gn-h3\">Virtuelles Home Staging &#038; Foto-basierte Renovierung in der Westschweiz<\/h2>\r\n                  <p class=\"hex-in-description\">Sie verkaufen oder vermieten eine leere oder noch im Bau befindliche Immobilie? ProView360 verwandelt Ihre Fotos \u2013 ob&#8230;<\/p>\r\n                  <a class=\"hex-btn\" href=\"\/de\/dienstleistungen\/home-staging-virtuel\/\">Voir plus d&#8217;images<\/a>\r\n                <\/div>\r\n         <\/li>\r\n         <li class=\"hex\">\r\n                <div class=\"hexIn\" href=\"#\">\r\n                       <img decoding=\"async\" alt=\"Default\" src=\"https:\/\/proview360.ch\/wp-content\/uploads\/2025\/07\/DJI_0054-scaled.jpg\" \/>\r\n                  <h2 class=\"gn-h3\">Verkaufen Sie Immobilien 50% schneller mit filmischer Drohnenvideografie<\/h2>\r\n                  <p class=\"hex-in-description\">Die Drohnenvideografie von Proview360 f\u00fcr Immobilien verwandelt Objekte in atemberaubende visuelle Geschichten. Mit DJI Mavic 3 Pro Drohnen&#8230;<\/p>\r\n                  <a class=\"hex-btn\" href=\"\/de\/dienstleistungen\/videographie-par-drone-immobilier\/\">Voir plus d&#8217;images<\/a>\r\n                <\/div>\r\n         <\/li>\r\n         <li class=\"hex\">\r\n                <div class=\"hexIn\" href=\"#\">\r\n                       <img decoding=\"async\" alt=\"3eme R2 Proview360\" src=\"https:\/\/proview360.ch\/wp-content\/uploads\/2025\/08\/3eme-R2_proview360-scaled.webp\" \/>\r\n                  <h2 class=\"gn-h3\">2D-VERKAUFSBL\u00c4TTER &#038; 3D-GESPR\u00c4NGTE ANSICHTEN<\/h2>\r\n                  <p class=\"hex-in-description\">ProView360 realisiert professionelle\u00a0Verkaufsbl\u00e4tter in 2D und gesprengte 3D-Ansichten\u00a0f\u00fcr Immobilienprojekte. Diese Materialien erleichtern die Entscheidungsfindung, st\u00e4rken das Vertrauen und&#8230;<\/p>\r\n                  <a class=\"hex-btn\" href=\"\/de\/dienstleistungen\/2d-immobilienexposes\/\">Voir plus d&#8217;images<\/a>\r\n                <\/div>\r\n         <\/li>\r\n         <li class=\"hex\">\r\n                <div class=\"hexIn\" href=\"#\">\r\n                       <img decoding=\"async\" alt=\"Default\" src=\"https:\/\/proview360.ch\/wp-content\/uploads\/2025\/07\/DJI_0883-scaled.jpg\" \/>\r\n                  <h2 class=\"gn-h3\">Baustellenverfolgung aus der Luft mit Drohnen<\/h2>\r\n                  <p class=\"hex-in-description\">ProView360 bietet Ihnen\u00a0regelm\u00e4\u00dfige Drohnenfl\u00fcge, um den Fortschritt Ihrer Immobilienprojekte professionell zu dokumentieren. Monatliche Aufnahmen in\u00a0HD, 360\u00b0-Panoramen und kurze&#8230;<\/p>\r\n                  <a class=\"hex-btn\" href=\"\/de\/dienstleistungen\/baustellenuberwachung-mit-drohne\/\">Voir plus d&#8217;images<\/a>\r\n                <\/div>\r\n         <\/li>\r\n         <li class=\"hex\">\r\n                <div class=\"hexIn\" href=\"#\">\r\n                       <img decoding=\"async\" alt=\"Matterport\" src=\"https:\/\/proview360.ch\/wp-content\/uploads\/2025\/08\/matterport.webp\" \/>\r\n                  <h2 class=\"gn-h3\">Matterport-Rundg\u00e4nge in der Schweiz f\u00fcr Immobilien, Museen, Hotels &#038; mehr<\/h2>\r\n                  <p class=\"hex-in-description\">ProView360 erstellt hochwertige\u00a0Matterport-Rundg\u00e4nge\u00a0f\u00fcr Immobilien, aber auch f\u00fcr\u00a0Museen, Restaurants, Hotels, Ladengesch\u00e4fte und Showrooms\u00a0in der ganzen Schweiz. Mit der Matterport&#8230;<\/p>\r\n                  <a class=\"hex-btn\" href=\"\/de\/dienstleistungen\/matterport-rundgaenge\/\">Voir plus d&#8217;images<\/a>\r\n                <\/div>\r\n         <\/li>\r\n         <li class=\"hex\">\r\n                <div class=\"hexIn\" href=\"#\">\r\n                       <img decoding=\"async\" alt=\"Maquette Blanche Maison Vigneronne Bourg En Lavaux 1030&#215;707\" src=\"https:\/\/proview360.ch\/wp-content\/uploads\/2025\/07\/maquette-blanche-maison-vigneronne-bourg-en-lavaux-1030x707-1.jpg\" \/>\r\n                  <h2 class=\"gn-h3\">3D-Laserscanning &#038; Pl\u00e4ne aus Punktwolken<\/h2>\r\n                  <p class=\"hex-in-description\">ProView360 bietet\u00a0hochpr\u00e4zise 3D-Vermessung\u00a0f\u00fcr Architekten, Ingenieure und Bauherren in der ganzen Schweiz. Mit\u00a0Leica BLK360\u00a0und\u00a0Matterport Pro3\u00a0liefern wir exakte Punktwolken und&#8230;<\/p>\r\n                  <a class=\"hex-btn\" href=\"\/de\/dienstleistungen\/3d-vermessung-punktwolken\/\">Voir plus d&#8217;images<\/a>\r\n                <\/div>\r\n         <\/li>\r\n                                      <\/ul>\r\n                \r\n            <\/div>\n\n\n<div style=\"height:100px\" aria-hidden=\"true\" class=\"wp-block-spacer\"><\/div>\n\n\n\n<div style=\"height:100px\" aria-hidden=\"true\" class=\"wp-block-spacer\"><\/div>\n\n\n\n<p><\/p>\n","protected":false},"excerpt":{"rendered":"","protected":false},"author":1,"featured_media":0,"parent":0,"menu_order":0,"comment_status":"closed","ping_status":"closed","template":"","meta":{"footnotes":""},"class_list":["post-1139","page","type-page","status-publish","hentry"],"yoast_head":"<!-- This site is optimized with the Yoast SEO plugin v27.2 - https:\/\/yoast.com\/product\/yoast-seo-wordpress\/ -->\n<title>Dienstleistungen - Proview360<\/title>\n<meta name=\"description\" content=\"Entdecken Sie die Dienstleistungen von Proview360: Immobilienfotografie, 3D-Visualisierungen, Drohnenvideos und virtuelle Touren f\u00fcr Immobilienprojekte in der Schweiz.\" \/>\n<meta name=\"robots\" content=\"index, follow, max-snippet:-1, max-image-preview:large, max-video-preview:-1\" \/>\n<link rel=\"canonical\" href=\"https:\/\/proview360.ch\/de\/dienstleistungen\/\" \/>\n<meta property=\"og:locale\" content=\"de_DE\" \/>\n<meta property=\"og:type\" content=\"article\" \/>\n<meta property=\"og:title\" content=\"Dienstleistungen - Proview360\" \/>\n<meta property=\"og:description\" content=\"Entdecken Sie die Dienstleistungen von Proview360: Immobilienfotografie, 3D-Visualisierungen, Drohnenvideos und virtuelle Touren f\u00fcr Immobilienprojekte in der Schweiz.\" \/>\n<meta property=\"og:url\" content=\"https:\/\/proview360.ch\/de\/dienstleistungen\/\" \/>\n<meta property=\"og:site_name\" content=\"Proview360\" \/>\n<meta property=\"article:modified_time\" content=\"2026-03-12T11:49:57+00:00\" \/>\n<meta property=\"og:image\" content=\"https:\/\/proview360.ch\/wp-content\/uploads\/2025\/08\/311809362_534987525300435_4125622516155104575_n.jpg\" \/>\n\t<meta property=\"og:image:width\" content=\"1040\" \/>\n\t<meta property=\"og:image:height\" content=\"1040\" \/>\n\t<meta property=\"og:image:type\" content=\"image\/jpeg\" \/>\n<meta name=\"twitter:card\" content=\"summary_large_image\" \/>\n<script type=\"application\/ld+json\" class=\"yoast-schema-graph\">{\"@context\":\"https:\/\/schema.org\",\"@graph\":[{\"@type\":\"WebPage\",\"@id\":\"https:\/\/proview360.ch\/de\/dienstleistungen\/\",\"url\":\"https:\/\/proview360.ch\/de\/dienstleistungen\/\",\"name\":\"Dienstleistungen - Proview360\",\"isPartOf\":{\"@id\":\"https:\/\/proview360.ch\/de\/#website\"},\"datePublished\":\"2025-03-11T20:12:48+00:00\",\"dateModified\":\"2026-03-12T11:49:57+00:00\",\"description\":\"Entdecken Sie die Dienstleistungen von Proview360: Immobilienfotografie, 3D-Visualisierungen, Drohnenvideos und virtuelle Touren f\u00fcr Immobilienprojekte in der Schweiz.\",\"breadcrumb\":{\"@id\":\"https:\/\/proview360.ch\/de\/dienstleistungen\/#breadcrumb\"},\"inLanguage\":\"de\",\"potentialAction\":[{\"@type\":\"ReadAction\",\"target\":[\"https:\/\/proview360.ch\/de\/dienstleistungen\/\"]}]},{\"@type\":\"BreadcrumbList\",\"@id\":\"https:\/\/proview360.ch\/de\/dienstleistungen\/#breadcrumb\",\"itemListElement\":[{\"@type\":\"ListItem\",\"position\":1,\"name\":\"Home\",\"item\":\"https:\/\/proview360.ch\/de\/\"},{\"@type\":\"ListItem\",\"position\":2,\"name\":\"Dienstleistungen\"}]},{\"@type\":\"WebSite\",\"@id\":\"https:\/\/proview360.ch\/de\/#website\",\"url\":\"https:\/\/proview360.ch\/de\/\",\"name\":\"Proview360 | Visuels 3D et Images de synth\u00e8se pour projets immobiliers \u00e0 Neuch\u00e2tel, Vaud, Gen\u00e8ve, Valais, Fribourg, Jura et Bern\",\"description\":\"Cr\u00e9ation visuels 3D, Images de synth\u00e8se 3D, Visites virtuelles, Projets immobiliers, Neuch\u00e2tel, Vaud, Gen\u00e8ve, Valais Fribourg, Jura, Bern, Visualisation immobili\u00e8re, Rendus, 3D, Proview360,\",\"publisher\":{\"@id\":\"https:\/\/proview360.ch\/de\/#organization\"},\"alternateName\":\"Proview360 propose des services de cr\u00e9ation de visuels 3D, d'images de synth\u00e8se et de visites virtuelles pour des projets immobiliers \u00e0 Neuch\u00e2tel, Vaud, Gen\u00e8ve, Valais, Fribourg, Jura et Bern. D\u00e9couvrez nos solutions pour valoriser vos projets immobiliers.\",\"potentialAction\":[{\"@type\":\"SearchAction\",\"target\":{\"@type\":\"EntryPoint\",\"urlTemplate\":\"https:\/\/proview360.ch\/de\/?s={search_term_string}\"},\"query-input\":{\"@type\":\"PropertyValueSpecification\",\"valueRequired\":true,\"valueName\":\"search_term_string\"}}],\"inLanguage\":\"de\"},{\"@type\":\"Organization\",\"@id\":\"https:\/\/proview360.ch\/de\/#organization\",\"name\":\"Proview360 | Visuels 3D et Images de synth\u00e8se pour projets immobiliers \u00e0 Neuch\u00e2tel, Vaud, Gen\u00e8ve, Valais, Fribourg, Jura et Bern\",\"url\":\"https:\/\/proview360.ch\/de\/\",\"logo\":{\"@type\":\"ImageObject\",\"inLanguage\":\"de\",\"@id\":\"https:\/\/proview360.ch\/de\/#\/schema\/logo\/image\/\",\"url\":\"https:\/\/proview360.ch\/wp-content\/uploads\/2025\/08\/311809362_534987525300435_4125622516155104575_n.jpg\",\"contentUrl\":\"https:\/\/proview360.ch\/wp-content\/uploads\/2025\/08\/311809362_534987525300435_4125622516155104575_n.jpg\",\"width\":1040,\"height\":1040,\"caption\":\"Proview360 | Visuels 3D et Images de synth\u00e8se pour projets immobiliers \u00e0 Neuch\u00e2tel, Vaud, Gen\u00e8ve, Valais, Fribourg, Jura et Bern\"},\"image\":{\"@id\":\"https:\/\/proview360.ch\/de\/#\/schema\/logo\/image\/\"}}]}<\/script>\n<!-- \/ Yoast SEO plugin. -->","yoast_head_json":{"title":"Dienstleistungen - Proview360","description":"Entdecken Sie die Dienstleistungen von Proview360: Immobilienfotografie, 3D-Visualisierungen, Drohnenvideos und virtuelle Touren f\u00fcr Immobilienprojekte in der Schweiz.","robots":{"index":"index","follow":"follow","max-snippet":"max-snippet:-1","max-image-preview":"max-image-preview:large","max-video-preview":"max-video-preview:-1"},"canonical":"https:\/\/proview360.ch\/de\/dienstleistungen\/","og_locale":"de_DE","og_type":"article","og_title":"Dienstleistungen - Proview360","og_description":"Entdecken Sie die Dienstleistungen von Proview360: Immobilienfotografie, 3D-Visualisierungen, Drohnenvideos und virtuelle Touren f\u00fcr Immobilienprojekte in der Schweiz.","og_url":"https:\/\/proview360.ch\/de\/dienstleistungen\/","og_site_name":"Proview360","article_modified_time":"2026-03-12T11:49:57+00:00","og_image":[{"width":1040,"height":1040,"url":"https:\/\/proview360.ch\/wp-content\/uploads\/2025\/08\/311809362_534987525300435_4125622516155104575_n.jpg","type":"image\/jpeg"}],"twitter_card":"summary_large_image","schema":{"@context":"https:\/\/schema.org","@graph":[{"@type":"WebPage","@id":"https:\/\/proview360.ch\/de\/dienstleistungen\/","url":"https:\/\/proview360.ch\/de\/dienstleistungen\/","name":"Dienstleistungen - Proview360","isPartOf":{"@id":"https:\/\/proview360.ch\/de\/#website"},"datePublished":"2025-03-11T20:12:48+00:00","dateModified":"2026-03-12T11:49:57+00:00","description":"Entdecken Sie die Dienstleistungen von Proview360: Immobilienfotografie, 3D-Visualisierungen, Drohnenvideos und virtuelle Touren f\u00fcr Immobilienprojekte in der Schweiz.","breadcrumb":{"@id":"https:\/\/proview360.ch\/de\/dienstleistungen\/#breadcrumb"},"inLanguage":"de","potentialAction":[{"@type":"ReadAction","target":["https:\/\/proview360.ch\/de\/dienstleistungen\/"]}]},{"@type":"BreadcrumbList","@id":"https:\/\/proview360.ch\/de\/dienstleistungen\/#breadcrumb","itemListElement":[{"@type":"ListItem","position":1,"name":"Home","item":"https:\/\/proview360.ch\/de\/"},{"@type":"ListItem","position":2,"name":"Dienstleistungen"}]},{"@type":"WebSite","@id":"https:\/\/proview360.ch\/de\/#website","url":"https:\/\/proview360.ch\/de\/","name":"Proview360 | Visuels 3D et Images de synth\u00e8se pour projets immobiliers \u00e0 Neuch\u00e2tel, Vaud, Gen\u00e8ve, Valais, Fribourg, Jura et Bern","description":"Cr\u00e9ation visuels 3D, Images de synth\u00e8se 3D, Visites virtuelles, Projets immobiliers, Neuch\u00e2tel, Vaud, Gen\u00e8ve, Valais Fribourg, Jura, Bern, Visualisation immobili\u00e8re, Rendus, 3D, Proview360,","publisher":{"@id":"https:\/\/proview360.ch\/de\/#organization"},"alternateName":"Proview360 propose des services de cr\u00e9ation de visuels 3D, d'images de synth\u00e8se et de visites virtuelles pour des projets immobiliers \u00e0 Neuch\u00e2tel, Vaud, Gen\u00e8ve, Valais, Fribourg, Jura et Bern. D\u00e9couvrez nos solutions pour valoriser vos projets immobiliers.","potentialAction":[{"@type":"SearchAction","target":{"@type":"EntryPoint","urlTemplate":"https:\/\/proview360.ch\/de\/?s={search_term_string}"},"query-input":{"@type":"PropertyValueSpecification","valueRequired":true,"valueName":"search_term_string"}}],"inLanguage":"de"},{"@type":"Organization","@id":"https:\/\/proview360.ch\/de\/#organization","name":"Proview360 | Visuels 3D et Images de synth\u00e8se pour projets immobiliers \u00e0 Neuch\u00e2tel, Vaud, Gen\u00e8ve, Valais, Fribourg, Jura et Bern","url":"https:\/\/proview360.ch\/de\/","logo":{"@type":"ImageObject","inLanguage":"de","@id":"https:\/\/proview360.ch\/de\/#\/schema\/logo\/image\/","url":"https:\/\/proview360.ch\/wp-content\/uploads\/2025\/08\/311809362_534987525300435_4125622516155104575_n.jpg","contentUrl":"https:\/\/proview360.ch\/wp-content\/uploads\/2025\/08\/311809362_534987525300435_4125622516155104575_n.jpg","width":1040,"height":1040,"caption":"Proview360 | Visuels 3D et Images de synth\u00e8se pour projets immobiliers \u00e0 Neuch\u00e2tel, Vaud, Gen\u00e8ve, Valais, Fribourg, Jura et Bern"},"image":{"@id":"https:\/\/proview360.ch\/de\/#\/schema\/logo\/image\/"}}]}},"_links":{"self":[{"href":"https:\/\/proview360.ch\/de\/wp-json\/wp\/v2\/pages\/1139","targetHints":{"allow":["GET"]}}],"collection":[{"href":"https:\/\/proview360.ch\/de\/wp-json\/wp\/v2\/pages"}],"about":[{"href":"https:\/\/proview360.ch\/de\/wp-json\/wp\/v2\/types\/page"}],"author":[{"embeddable":true,"href":"https:\/\/proview360.ch\/de\/wp-json\/wp\/v2\/users\/1"}],"replies":[{"embeddable":true,"href":"https:\/\/proview360.ch\/de\/wp-json\/wp\/v2\/comments?post=1139"}],"version-history":[{"count":4,"href":"https:\/\/proview360.ch\/de\/wp-json\/wp\/v2\/pages\/1139\/revisions"}],"predecessor-version":[{"id":3899,"href":"https:\/\/proview360.ch\/de\/wp-json\/wp\/v2\/pages\/1139\/revisions\/3899"}],"wp:attachment":[{"href":"https:\/\/proview360.ch\/de\/wp-json\/wp\/v2\/media?parent=1139"}],"curies":[{"name":"wp","href":"https:\/\/api.w.org\/{rel}","templated":true}]}}