{"id":1115,"date":"2025-03-11T20:16:26","date_gmt":"2025-03-11T20:16:26","guid":{"rendered":"https:\/\/proview360.ch\/villa-and-apartment-rental\/"},"modified":"2026-03-09T11:35:44","modified_gmt":"2026-03-09T11:35:44","slug":"vermietung-von-villen-und-wohnungen","status":"publish","type":"page","link":"https:\/\/proview360.ch\/de\/vermietung-von-villen-und-wohnungen\/","title":{"rendered":"Vermietung von Villen und Wohnungen"},"content":{"rendered":"\r\n            <style>\r\n                 .hero-section-block-69d4530656363 {\r\n                    background-image: url(https:\/\/proview360.ch\/wp-content\/uploads\/2025\/08\/imgi_9_image.jpg);\r\n                    background-attachment: scroll;\r\n                    background-size: cover;  \r\n                    background-repeat: no-repeat; \r\n                    background-position: center center;\r\n                    color:  var(--proview-white);\r\n                }\r\n        \r\n                @media (max-width: 1024px) {\r\n                     .hero-section-block-69d4530656363 {\r\n                        background-attachment: scroll;\r\n                    }\r\n                }\r\n        <\/style><section class=\"hero-section-block hero-section-block-69d4530656363\">   \r\n            <div class=\"container hero-section-container hero-section-banner-1 \">\r\n                    <div class=\"hero-section d-flex flex-column align-items-left justify-content-center text-left\">\r\n                \r\n                        <h1 class=\"hero-title\">Vermietung von Villen und Wohnungen<\/h1>\r\n                        <p  id=\"padding-block-69d4530656364\" class=\"hero-description\"><\/p>\r\n                            \r\n                    \r\n                <\/div>\r\n            <\/div>\r\n        <\/section>\n\n<section id=\"\" class=\"text-block  space-bottom-yes space-top-yes text-block-id-69d453065640d bg-color-gray text-color-black\">                \r\n                \r\n                    <div class=\"container\">     \r\n                                 \r\n                        <div class=\"row\">                                        \r\n                        <div class=\"col\">\r\n                            <h2 class=\"textBlock-headline style-1 left \">Vermietung von  <br\/><span class='text-bold'>Villen und Wohnungen<\/span><\/h2>\r\n                        <\/div>       \r\n                                                          \r\n                    <\/div>\r\n                               \r\n                                               \r\n                        <div class=\"row text\">\r\n                    <div class=\"col\">\r\n                        <div class=\"textBlock-text text-block-html\" style=\"margin-top: 20px; \">\r\n                            <p class=\"wp-block-gn-text-block\"><strong>Vermietung von Ferienwohnungen und Ferienh\u00e4usern<\/strong><\/p>\n<p><strong>Heben Sie sich von der Konkurrenz ab<\/strong><br \/>Die <strong>immersive 3D-Besichtigung<\/strong> der Immobilie, die Sie vermieten m\u00f6chten, vermittelt potenziellen Mietern ein hohes Ma\u00df an <strong>Sicherheit<\/strong>. Bisher gaben meist nur <strong>Fotos<\/strong> \u2013 und seltener <strong>Videos<\/strong> \u2013 einen Eindruck vom Ferienobjekt.<\/p>\n<p>Doch \u00fcber diese Medien kann der <strong>Eigent\u00fcmer<\/strong> viele Dinge verbergen, <strong>Unvollkommenheiten<\/strong> verschweigen und so den <strong>Mieter \u201et\u00e4uschen\u201c<\/strong> \u2013 was leider vielen Urlaubern schon passiert ist.<\/p>\n<p>Die <strong>immob360 3D-Visite ZEIGT ALLES<\/strong>: Es ist unm\u00f6glich, irgendetwas zu verbergen. So schaffen Sie ein ungew\u00f6hnlich hohes Ma\u00df an <strong>Vertrauen<\/strong> bei Ihrer <strong>Kundschaft<\/strong> \u2013 egal ob Sie <strong>Privatperson<\/strong> oder <strong>Fachanbieter<\/strong> sind \u2013 und sichern sich wesentlich leichter <strong>Reservierungen<\/strong>.<\/p>\n<p>Ihre Immobilie zur Vermietung befindet sich vielleicht in einer der folgenden St\u00e4dte: <strong>Genf, Lausanne, Neuenburg, La Chaux-de-Fonds, Delsberg, Biel, Freiburg oder Yverdon-les-Bains<\/strong> \u2013 interessiert Sie eine virtuelle Besichtigung?<\/p>\n<p><strong>Z\u00f6gern Sie nicht<\/strong>, uns zu kontaktieren, um die gesamten <strong>M\u00f6glichkeiten<\/strong> und <strong>Vorteile<\/strong> zu entdecken, die eine <strong>virtuelle Tour<\/strong> Ihrer <strong>Villa, Wohnung oder Ihres Hauses<\/strong> bieten kann.<\/p>\n<p>Wir antworten Ihnen gerne per <strong>E-Mail<\/strong> oder <strong>Telefon<\/strong> unter +41 79 529 66 44.<\/p>\n\r\n                        <\/div>\r\n                    <\/div>                                        \r\n                <\/div>                                              \r\n                    <\/div>                                \r\n            <\/section>\n\n<section id=\"\" class=\"iframe-block iframe-block-id-69d45306564da  bg-color-black\">\r\n                <div class=\"container\">\r\n                    <div class=\"iframe-wrapper\">\r\n                        <div class=\"row\">\r\n                            <div class=\"row pb-4\">                                        \r\n                        <div class=\"col\">\r\n                            <h2 class=\"textBlock-headline text-white \">Matterport <br\/><span class='text-bold'>Beispiel <\/span><\/h2>\r\n                        <\/div>       \r\n                    <\/div>\r\n                            <div class=\"col-12 image-video-layout my-4\">\r\n                                  <div class=\"gallery-iframe ratio ratio-16x9\">\r\n                  <iframe loading=\"lazy\"\r\n                      width=\"100%\"\r\n                      height=\"600\"\r\n                      src=\"https:\/\/my.matterport.com\/show\/?m=k2UPnzLC4Ed\"\r\n                      frameborder=\"0\"\r\n                      allowfullscreen\r\n                      allow=\"xr-spatial-tracking; gyroscope; accelerometer\"\r\n                ><\/iframe>\r\n        <\/div>\r\n                            <\/div>\r\n                        <\/div>\r\n                    <\/div>                            \r\n                <\/div>\r\n            <\/section>\n\n<section class=\"get-in-touch-block bg-color-grayblue\">  \r\n              <div class=\"d-flex flex-column-reverse flex-lg-row justify-content-between align-items-lg-center container\">              \r\n                    <div class=\"col-12 col-lg-9\">\r\n                        <a class=\"btn-full btn-full-red\" href=\"\/de\/angebot-anfordern\/\">Angebot anfordern<\/a>\r\n                    <\/div>     \r\n                    <div class=\"right-side col-12 col-lg-3\">\r\n                        <img decoding=\"async\" class=\"get-in-touch-img\" src=\"https:\/\/proview360.ch\/wp-content\/uploads\/2025\/03\/Asset-12.png\" alt=\"Asset 12\">\r\n                    <\/div>  \r\n                <\/div>                                                         \r\n            <\/section>","protected":false},"excerpt":{"rendered":"","protected":false},"author":1,"featured_media":0,"parent":0,"menu_order":0,"comment_status":"closed","ping_status":"closed","template":"","meta":{"footnotes":""},"class_list":["post-1115","page","type-page","status-publish","hentry"],"yoast_head":"<!-- This site is optimized with the Yoast SEO plugin v27.2 - https:\/\/yoast.com\/product\/yoast-seo-wordpress\/ -->\n<title>Vermietung von Villen und Wohnungen - Proview360<\/title>\n<meta name=\"description\" content=\"Matterport virtuelle Rundg\u00e4nge f\u00fcr Villen und Wohnungen in der Schweiz. Pr\u00e4sentieren Sie Mietobjekte digital mit Proview360.\" \/>\n<meta name=\"robots\" content=\"index, follow, max-snippet:-1, max-image-preview:large, max-video-preview:-1\" \/>\n<link rel=\"canonical\" href=\"https:\/\/proview360.ch\/de\/vermietung-von-villen-und-wohnungen\/\" \/>\n<meta property=\"og:locale\" content=\"de_DE\" \/>\n<meta property=\"og:type\" content=\"article\" \/>\n<meta property=\"og:title\" content=\"Vermietung von Villen und Wohnungen - Proview360\" \/>\n<meta property=\"og:description\" content=\"Matterport virtuelle Rundg\u00e4nge f\u00fcr Villen und Wohnungen in der Schweiz. Pr\u00e4sentieren Sie Mietobjekte digital mit Proview360.\" \/>\n<meta property=\"og:url\" content=\"https:\/\/proview360.ch\/de\/vermietung-von-villen-und-wohnungen\/\" \/>\n<meta property=\"og:site_name\" content=\"Proview360\" \/>\n<meta property=\"article:modified_time\" content=\"2026-03-09T11:35:44+00:00\" \/>\n<meta property=\"og:image\" content=\"https:\/\/proview360.ch\/wp-content\/uploads\/2025\/08\/311809362_534987525300435_4125622516155104575_n.jpg\" \/>\n\t<meta property=\"og:image:width\" content=\"1040\" \/>\n\t<meta property=\"og:image:height\" content=\"1040\" \/>\n\t<meta property=\"og:image:type\" content=\"image\/jpeg\" \/>\n<meta name=\"twitter:card\" content=\"summary_large_image\" \/>\n<meta name=\"twitter:label1\" content=\"Gesch\u00e4tzte Lesezeit\" \/>\n\t<meta name=\"twitter:data1\" content=\"1\u00a0Minute\" \/>\n<script type=\"application\/ld+json\" class=\"yoast-schema-graph\">{\"@context\":\"https:\/\/schema.org\",\"@graph\":[{\"@type\":\"WebPage\",\"@id\":\"https:\/\/proview360.ch\/de\/vermietung-von-villen-und-wohnungen\/\",\"url\":\"https:\/\/proview360.ch\/de\/vermietung-von-villen-und-wohnungen\/\",\"name\":\"Vermietung von Villen und Wohnungen - Proview360\",\"isPartOf\":{\"@id\":\"https:\/\/proview360.ch\/de\/#website\"},\"datePublished\":\"2025-03-11T20:16:26+00:00\",\"dateModified\":\"2026-03-09T11:35:44+00:00\",\"description\":\"Matterport virtuelle Rundg\u00e4nge f\u00fcr Villen und Wohnungen in der Schweiz. Pr\u00e4sentieren Sie Mietobjekte digital mit Proview360.\",\"breadcrumb\":{\"@id\":\"https:\/\/proview360.ch\/de\/vermietung-von-villen-und-wohnungen\/#breadcrumb\"},\"inLanguage\":\"de\",\"potentialAction\":[{\"@type\":\"ReadAction\",\"target\":[\"https:\/\/proview360.ch\/de\/vermietung-von-villen-und-wohnungen\/\"]}]},{\"@type\":\"BreadcrumbList\",\"@id\":\"https:\/\/proview360.ch\/de\/vermietung-von-villen-und-wohnungen\/#breadcrumb\",\"itemListElement\":[{\"@type\":\"ListItem\",\"position\":1,\"name\":\"Home\",\"item\":\"https:\/\/proview360.ch\/de\/\"},{\"@type\":\"ListItem\",\"position\":2,\"name\":\"Vermietung von Villen und Wohnungen\"}]},{\"@type\":\"WebSite\",\"@id\":\"https:\/\/proview360.ch\/de\/#website\",\"url\":\"https:\/\/proview360.ch\/de\/\",\"name\":\"Proview360 | Visuels 3D et Images de synth\u00e8se pour projets immobiliers \u00e0 Neuch\u00e2tel, Vaud, Gen\u00e8ve, Valais, Fribourg, Jura et Bern\",\"description\":\"Cr\u00e9ation visuels 3D, Images de synth\u00e8se 3D, Visites virtuelles, Projets immobiliers, Neuch\u00e2tel, Vaud, Gen\u00e8ve, Valais Fribourg, Jura, Bern, Visualisation immobili\u00e8re, Rendus, 3D, Proview360,\",\"publisher\":{\"@id\":\"https:\/\/proview360.ch\/de\/#organization\"},\"alternateName\":\"Proview360 propose des services de cr\u00e9ation de visuels 3D, d'images de synth\u00e8se et de visites virtuelles pour des projets immobiliers \u00e0 Neuch\u00e2tel, Vaud, Gen\u00e8ve, Valais, Fribourg, Jura et Bern. D\u00e9couvrez nos solutions pour valoriser vos projets immobiliers.\",\"potentialAction\":[{\"@type\":\"SearchAction\",\"target\":{\"@type\":\"EntryPoint\",\"urlTemplate\":\"https:\/\/proview360.ch\/de\/?s={search_term_string}\"},\"query-input\":{\"@type\":\"PropertyValueSpecification\",\"valueRequired\":true,\"valueName\":\"search_term_string\"}}],\"inLanguage\":\"de\"},{\"@type\":\"Organization\",\"@id\":\"https:\/\/proview360.ch\/de\/#organization\",\"name\":\"Proview360 | Visuels 3D et Images de synth\u00e8se pour projets immobiliers \u00e0 Neuch\u00e2tel, Vaud, Gen\u00e8ve, Valais, Fribourg, Jura et Bern\",\"url\":\"https:\/\/proview360.ch\/de\/\",\"logo\":{\"@type\":\"ImageObject\",\"inLanguage\":\"de\",\"@id\":\"https:\/\/proview360.ch\/de\/#\/schema\/logo\/image\/\",\"url\":\"https:\/\/proview360.ch\/wp-content\/uploads\/2025\/08\/311809362_534987525300435_4125622516155104575_n.jpg\",\"contentUrl\":\"https:\/\/proview360.ch\/wp-content\/uploads\/2025\/08\/311809362_534987525300435_4125622516155104575_n.jpg\",\"width\":1040,\"height\":1040,\"caption\":\"Proview360 | Visuels 3D et Images de synth\u00e8se pour projets immobiliers \u00e0 Neuch\u00e2tel, Vaud, Gen\u00e8ve, Valais, Fribourg, Jura et Bern\"},\"image\":{\"@id\":\"https:\/\/proview360.ch\/de\/#\/schema\/logo\/image\/\"}}]}<\/script>\n<!-- \/ Yoast SEO plugin. -->","yoast_head_json":{"title":"Vermietung von Villen und Wohnungen - Proview360","description":"Matterport virtuelle Rundg\u00e4nge f\u00fcr Villen und Wohnungen in der Schweiz. Pr\u00e4sentieren Sie Mietobjekte digital mit Proview360.","robots":{"index":"index","follow":"follow","max-snippet":"max-snippet:-1","max-image-preview":"max-image-preview:large","max-video-preview":"max-video-preview:-1"},"canonical":"https:\/\/proview360.ch\/de\/vermietung-von-villen-und-wohnungen\/","og_locale":"de_DE","og_type":"article","og_title":"Vermietung von Villen und Wohnungen - Proview360","og_description":"Matterport virtuelle Rundg\u00e4nge f\u00fcr Villen und Wohnungen in der Schweiz. Pr\u00e4sentieren Sie Mietobjekte digital mit Proview360.","og_url":"https:\/\/proview360.ch\/de\/vermietung-von-villen-und-wohnungen\/","og_site_name":"Proview360","article_modified_time":"2026-03-09T11:35:44+00:00","og_image":[{"width":1040,"height":1040,"url":"https:\/\/proview360.ch\/wp-content\/uploads\/2025\/08\/311809362_534987525300435_4125622516155104575_n.jpg","type":"image\/jpeg"}],"twitter_card":"summary_large_image","twitter_misc":{"Gesch\u00e4tzte Lesezeit":"1\u00a0Minute"},"schema":{"@context":"https:\/\/schema.org","@graph":[{"@type":"WebPage","@id":"https:\/\/proview360.ch\/de\/vermietung-von-villen-und-wohnungen\/","url":"https:\/\/proview360.ch\/de\/vermietung-von-villen-und-wohnungen\/","name":"Vermietung von Villen und Wohnungen - Proview360","isPartOf":{"@id":"https:\/\/proview360.ch\/de\/#website"},"datePublished":"2025-03-11T20:16:26+00:00","dateModified":"2026-03-09T11:35:44+00:00","description":"Matterport virtuelle Rundg\u00e4nge f\u00fcr Villen und Wohnungen in der Schweiz. Pr\u00e4sentieren Sie Mietobjekte digital mit Proview360.","breadcrumb":{"@id":"https:\/\/proview360.ch\/de\/vermietung-von-villen-und-wohnungen\/#breadcrumb"},"inLanguage":"de","potentialAction":[{"@type":"ReadAction","target":["https:\/\/proview360.ch\/de\/vermietung-von-villen-und-wohnungen\/"]}]},{"@type":"BreadcrumbList","@id":"https:\/\/proview360.ch\/de\/vermietung-von-villen-und-wohnungen\/#breadcrumb","itemListElement":[{"@type":"ListItem","position":1,"name":"Home","item":"https:\/\/proview360.ch\/de\/"},{"@type":"ListItem","position":2,"name":"Vermietung von Villen und Wohnungen"}]},{"@type":"WebSite","@id":"https:\/\/proview360.ch\/de\/#website","url":"https:\/\/proview360.ch\/de\/","name":"Proview360 | Visuels 3D et Images de synth\u00e8se pour projets immobiliers \u00e0 Neuch\u00e2tel, Vaud, Gen\u00e8ve, Valais, Fribourg, Jura et Bern","description":"Cr\u00e9ation visuels 3D, Images de synth\u00e8se 3D, Visites virtuelles, Projets immobiliers, Neuch\u00e2tel, Vaud, Gen\u00e8ve, Valais Fribourg, Jura, Bern, Visualisation immobili\u00e8re, Rendus, 3D, Proview360,","publisher":{"@id":"https:\/\/proview360.ch\/de\/#organization"},"alternateName":"Proview360 propose des services de cr\u00e9ation de visuels 3D, d'images de synth\u00e8se et de visites virtuelles pour des projets immobiliers \u00e0 Neuch\u00e2tel, Vaud, Gen\u00e8ve, Valais, Fribourg, Jura et Bern. D\u00e9couvrez nos solutions pour valoriser vos projets immobiliers.","potentialAction":[{"@type":"SearchAction","target":{"@type":"EntryPoint","urlTemplate":"https:\/\/proview360.ch\/de\/?s={search_term_string}"},"query-input":{"@type":"PropertyValueSpecification","valueRequired":true,"valueName":"search_term_string"}}],"inLanguage":"de"},{"@type":"Organization","@id":"https:\/\/proview360.ch\/de\/#organization","name":"Proview360 | Visuels 3D et Images de synth\u00e8se pour projets immobiliers \u00e0 Neuch\u00e2tel, Vaud, Gen\u00e8ve, Valais, Fribourg, Jura et Bern","url":"https:\/\/proview360.ch\/de\/","logo":{"@type":"ImageObject","inLanguage":"de","@id":"https:\/\/proview360.ch\/de\/#\/schema\/logo\/image\/","url":"https:\/\/proview360.ch\/wp-content\/uploads\/2025\/08\/311809362_534987525300435_4125622516155104575_n.jpg","contentUrl":"https:\/\/proview360.ch\/wp-content\/uploads\/2025\/08\/311809362_534987525300435_4125622516155104575_n.jpg","width":1040,"height":1040,"caption":"Proview360 | Visuels 3D et Images de synth\u00e8se pour projets immobiliers \u00e0 Neuch\u00e2tel, Vaud, Gen\u00e8ve, Valais, Fribourg, Jura et Bern"},"image":{"@id":"https:\/\/proview360.ch\/de\/#\/schema\/logo\/image\/"}}]}},"_links":{"self":[{"href":"https:\/\/proview360.ch\/de\/wp-json\/wp\/v2\/pages\/1115","targetHints":{"allow":["GET"]}}],"collection":[{"href":"https:\/\/proview360.ch\/de\/wp-json\/wp\/v2\/pages"}],"about":[{"href":"https:\/\/proview360.ch\/de\/wp-json\/wp\/v2\/types\/page"}],"author":[{"embeddable":true,"href":"https:\/\/proview360.ch\/de\/wp-json\/wp\/v2\/users\/1"}],"replies":[{"embeddable":true,"href":"https:\/\/proview360.ch\/de\/wp-json\/wp\/v2\/comments?post=1115"}],"version-history":[{"count":3,"href":"https:\/\/proview360.ch\/de\/wp-json\/wp\/v2\/pages\/1115\/revisions"}],"predecessor-version":[{"id":4614,"href":"https:\/\/proview360.ch\/de\/wp-json\/wp\/v2\/pages\/1115\/revisions\/4614"}],"wp:attachment":[{"href":"https:\/\/proview360.ch\/de\/wp-json\/wp\/v2\/media?parent=1115"}],"curies":[{"name":"wp","href":"https:\/\/api.w.org\/{rel}","templated":true}]}}